{"id":21983,"date":"2025-09-30T15:03:44","date_gmt":"2025-09-30T12:03:44","guid":{"rendered":"http:\/\/20.124.82.17\/wordpress\/index.php\/urun\/twinmos-tmd58gb4800u40-8gb-ddr5-4800mhz-pc-bellek-35221-gun6291104607583\/"},"modified":"2025-11-18T07:57:12","modified_gmt":"2025-11-18T04:57:12","slug":"twinmos-tmd58gb4800u40-8gb-ddr5-4800mhz-pc-bellek-35221-gun6291104607583","status":"publish","type":"product","link":"https:\/\/www.a8bilisim.com\/index.php\/urun\/twinmos-tmd58gb4800u40-8gb-ddr5-4800mhz-pc-bellek-35221-gun6291104607583\/","title":{"rendered":"TWINMOS TMD58GB4800U40 8GB DDR5 4800Mhz PC Bellek \/ 35221-GUN6291104607583"},"content":{"rendered":"<p>\u00dcr\u00fcn Ad\u0131: TWINMOS TMD58GB4800U40 8GB DDR5 4800Mhz PC Bellek<\/p>\n<p>Stok No: GUN6291104607583<\/p>\n<p>Stok Kodu:35221<\/p>\n<p>Kategori Ad\u0131: Bellekler<\/p>\n<p>Marka:\u00a0 TWINMOS<\/p>\n<p>EAN Kodu: <\/p>\n<p><strong>Stoklar\u0131m\u0131zdaki Anl\u0131k De\u011fi\u015fimlerden Dolay\u0131 \u0130stedi\u011finiz \u00fcr\u00fcn\u00fcn stokta kalmamas\u0131 durumunda sipari\u015finiz iptal edilip \u00dccretiniz iade edilecek ve konu hakk\u0131nda size bilgi verilecektir.<\/strong><\/p>\n<p>Son G\u00fcncellenme Tarihi :18-11-2025 00:30<\/p>\n<p>&nbsp;<\/p>\n","protected":false},"excerpt":{"rendered":"<p>TWINMOS TMD58GB4800U40 8GB DDR5 4800Mhz PC Bellek &#8211; Stok Kodu:35221 -GUN6291104607583 &#8211; Bellekler. Son G\u00fcncellenme Tarihi :18-11-2025 00:30<\/p>\n","protected":false},"featured_media":21985,"template":"","meta":{"_monsterinsights_skip_tracking":false,"_monsterinsights_sitenote_active":false,"_monsterinsights_sitenote_note":"","_monsterinsights_sitenote_category":0,"_joinchat":[]},"product_brand":[310],"product_cat":[204],"product_tag":[127,128,129,130,131,132,133,134,135,136,137,138,139,140,141,142,143,144,145],"class_list":{"0":"post-21983","1":"product","2":"type-product","3":"status-publish","4":"has-post-thumbnail","6":"product_brand-twinmos","7":"product_cat-bellek","8":"product_tag-anakart","9":"product_tag-bilgisayar","10":"product_tag-bilgisayar-bilesenleri","11":"product_tag-bilgisayar-parcalari","12":"product_tag-dizustu-bilgisayar","13":"product_tag-ekran-karti","14":"product_tag-gaming-bilgisayar","15":"product_tag-gaming-laptop","16":"product_tag-gaming-monitor","17":"product_tag-gaming-mouse","18":"product_tag-guc-kaynagi-psu","19":"product_tag-islemci-cpu","20":"product_tag-klavye","21":"product_tag-laptop","22":"product_tag-masaustu-bilgisayar","23":"product_tag-mekanik-klavye","24":"product_tag-monitor","25":"product_tag-oyun-bilgisayari","26":"product_tag-ssd","27":"pa_marka-twinmos","29":"first","30":"outofstock","31":"sale","32":"purchasable","33":"product-type-simple"},"aioseo_notices":[],"_links":{"self":[{"href":"https:\/\/www.a8bilisim.com\/index.php\/wp-json\/wp\/v2\/product\/21983","targetHints":{"allow":["GET"]}}],"collection":[{"href":"https:\/\/www.a8bilisim.com\/index.php\/wp-json\/wp\/v2\/product"}],"about":[{"href":"https:\/\/www.a8bilisim.com\/index.php\/wp-json\/wp\/v2\/types\/product"}],"version-history":[{"count":45,"href":"https:\/\/www.a8bilisim.com\/index.php\/wp-json\/wp\/v2\/product\/21983\/revisions"}],"predecessor-version":[{"id":229291,"href":"https:\/\/www.a8bilisim.com\/index.php\/wp-json\/wp\/v2\/product\/21983\/revisions\/229291"}],"wp:featuredmedia":[{"embeddable":true,"href":"https:\/\/www.a8bilisim.com\/index.php\/wp-json\/wp\/v2\/media\/21985"}],"wp:attachment":[{"href":"https:\/\/www.a8bilisim.com\/index.php\/wp-json\/wp\/v2\/media?parent=21983"}],"wp:term":[{"taxonomy":"product_brand","embeddable":true,"href":"https:\/\/www.a8bilisim.com\/index.php\/wp-json\/wp\/v2\/product_brand?post=21983"},{"taxonomy":"product_cat","embeddable":true,"href":"https:\/\/www.a8bilisim.com\/index.php\/wp-json\/wp\/v2\/product_cat?post=21983"},{"taxonomy":"product_tag","embeddable":true,"href":"https:\/\/www.a8bilisim.com\/index.php\/wp-json\/wp\/v2\/product_tag?post=21983"}],"curies":[{"name":"wp","href":"https:\/\/api.w.org\/{rel}","templated":true}]}}