{"id":22028,"date":"2025-09-30T15:07:03","date_gmt":"2025-09-30T12:07:03","guid":{"rendered":"http:\/\/20.124.82.17\/wordpress\/index.php\/urun\/hynix-8gb-ddr4-3200mhz-notebook-bellek-35007-gun35007\/"},"modified":"2025-11-20T07:58:21","modified_gmt":"2025-11-20T04:58:21","slug":"hynix-8gb-ddr4-3200mhz-notebook-bellek-35007-gun35007","status":"publish","type":"product","link":"https:\/\/www.a8bilisim.com\/index.php\/urun\/hynix-8gb-ddr4-3200mhz-notebook-bellek-35007-gun35007\/","title":{"rendered":"HYNIX 8GB DDR4 3200Mhz Notebook Bellek \/ 35007-GUN35007"},"content":{"rendered":"<p>\u00dcr\u00fcn Ad\u0131: HYNIX 8GB DDR4 3200Mhz Notebook Bellek<\/p>\n<p>Stok No: GUN35007<\/p>\n<p>Stok Kodu:35007<\/p>\n<p>Kategori Ad\u0131: Bellekler<\/p>\n<p>Marka:\u00a0 HYNIX<\/p>\n<p>EAN Kodu: <\/p>\n<p><strong>Stoklar\u0131m\u0131zdaki Anl\u0131k De\u011fi\u015fimlerden Dolay\u0131 \u0130stedi\u011finiz \u00fcr\u00fcn\u00fcn stokta kalmamas\u0131 durumunda sipari\u015finiz iptal edilip \u00dccretiniz iade edilecek ve konu hakk\u0131nda size bilgi verilecektir.<\/strong><\/p>\n<p>Son G\u00fcncellenme Tarihi :20-11-2025 00:30<\/p>\n<p>&nbsp;<\/p>\n","protected":false},"excerpt":{"rendered":"<p>HYNIX 8GB DDR4 3200Mhz Notebook Bellek &#8211; Stok Kodu:35007 -GUN35007 &#8211; Bellekler. Son G\u00fcncellenme Tarihi :20-11-2025 00:30<\/p>\n","protected":false},"featured_media":22030,"template":"","meta":{"_monsterinsights_skip_tracking":false,"_monsterinsights_sitenote_active":false,"_monsterinsights_sitenote_note":"","_monsterinsights_sitenote_category":0,"_joinchat":[]},"product_brand":[498],"product_cat":[204],"product_tag":[127,128,129,130,131,132,133,134,135,136,137,138,139,140,141,142,143,144,145],"class_list":{"0":"post-22028","1":"product","2":"type-product","3":"status-publish","4":"has-post-thumbnail","6":"product_brand-hynix","7":"product_cat-bellek","8":"product_tag-anakart","9":"product_tag-bilgisayar","10":"product_tag-bilgisayar-bilesenleri","11":"product_tag-bilgisayar-parcalari","12":"product_tag-dizustu-bilgisayar","13":"product_tag-ekran-karti","14":"product_tag-gaming-bilgisayar","15":"product_tag-gaming-laptop","16":"product_tag-gaming-monitor","17":"product_tag-gaming-mouse","18":"product_tag-guc-kaynagi-psu","19":"product_tag-islemci-cpu","20":"product_tag-klavye","21":"product_tag-laptop","22":"product_tag-masaustu-bilgisayar","23":"product_tag-mekanik-klavye","24":"product_tag-monitor","25":"product_tag-oyun-bilgisayari","26":"product_tag-ssd","27":"pa_marka-hynix","29":"first","30":"outofstock","31":"sale","32":"purchasable","33":"product-type-simple"},"aioseo_notices":[],"_links":{"self":[{"href":"https:\/\/www.a8bilisim.com\/index.php\/wp-json\/wp\/v2\/product\/22028","targetHints":{"allow":["GET"]}}],"collection":[{"href":"https:\/\/www.a8bilisim.com\/index.php\/wp-json\/wp\/v2\/product"}],"about":[{"href":"https:\/\/www.a8bilisim.com\/index.php\/wp-json\/wp\/v2\/types\/product"}],"version-history":[{"count":47,"href":"https:\/\/www.a8bilisim.com\/index.php\/wp-json\/wp\/v2\/product\/22028\/revisions"}],"predecessor-version":[{"id":237572,"href":"https:\/\/www.a8bilisim.com\/index.php\/wp-json\/wp\/v2\/product\/22028\/revisions\/237572"}],"wp:featuredmedia":[{"embeddable":true,"href":"https:\/\/www.a8bilisim.com\/index.php\/wp-json\/wp\/v2\/media\/22030"}],"wp:attachment":[{"href":"https:\/\/www.a8bilisim.com\/index.php\/wp-json\/wp\/v2\/media?parent=22028"}],"wp:term":[{"taxonomy":"product_brand","embeddable":true,"href":"https:\/\/www.a8bilisim.com\/index.php\/wp-json\/wp\/v2\/product_brand?post=22028"},{"taxonomy":"product_cat","embeddable":true,"href":"https:\/\/www.a8bilisim.com\/index.php\/wp-json\/wp\/v2\/product_cat?post=22028"},{"taxonomy":"product_tag","embeddable":true,"href":"https:\/\/www.a8bilisim.com\/index.php\/wp-json\/wp\/v2\/product_tag?post=22028"}],"curies":[{"name":"wp","href":"https:\/\/api.w.org\/{rel}","templated":true}]}}