{"id":22102,"date":"2025-09-30T15:10:27","date_gmt":"2025-09-30T12:10:27","guid":{"rendered":"http:\/\/20.124.82.17\/wordpress\/index.php\/urun\/intenso-3812460-top-2-5-1tb-550-500mb-s-sata-3d-slc-ssd-disk-36282-gun36282\/"},"modified":"2025-10-04T08:46:10","modified_gmt":"2025-10-04T05:46:10","slug":"intenso-3812460-top-2-5-1tb-550-500mb-s-sata-3d-slc-ssd-disk-36282-gun36282","status":"publish","type":"product","link":"https:\/\/www.a8bilisim.com\/index.php\/urun\/intenso-3812460-top-2-5-1tb-550-500mb-s-sata-3d-slc-ssd-disk-36282-gun36282\/","title":{"rendered":"INTENSO 3812460 TOP 2.5&#8243; 1TB (550\/500MB\/s) SATA (3D SLC) SSD Disk \/ 36282-GUN36282"},"content":{"rendered":"<p>\u00dcr\u00fcn Ad\u0131: INTENSO 3812460 TOP 2.5&#8243; 1TB (550\/500MB\/s) SATA (3D SLC) SSD Disk<\/p>\n<p>Stok No: GUN36282<\/p>\n<p>Stok Kodu:36282<\/p>\n<p>Kategori Ad\u0131: Harddiskler<\/p>\n<p>Marka:\u00a0 INTENSO<\/p>\n<p>EAN Kodu: <\/p>\n<p><strong>Stoklar\u0131m\u0131zdaki Anl\u0131k De\u011fi\u015fimlerden Dolay\u0131 \u0130stedi\u011finiz \u00fcr\u00fcn\u00fcn stokta kalmamas\u0131 durumunda sipari\u015finiz iptal edilip \u00dccretiniz iade edilecek ve konu hakk\u0131nda size bilgi verilecektir.<\/strong><\/p>\n<p>Son G\u00fcncellenme Tarihi :04-10-2025 00:30<\/p>\n<p>&nbsp;<\/p>\n","protected":false},"excerpt":{"rendered":"<p>INTENSO 3812460 TOP 2.5&#8243; 1TB (550\/500MB\/s) SATA (3D SLC) SSD Disk &#8211; Stok Kodu:36282 -GUN36282 &#8211; Harddiskler. Son G\u00fcncellenme Tarihi :04-10-2025 00:30<\/p>\n","protected":false},"featured_media":22104,"template":"","meta":{"_monsterinsights_skip_tracking":false,"_monsterinsights_sitenote_active":false,"_monsterinsights_sitenote_note":"","_monsterinsights_sitenote_category":0,"_joinchat":[]},"product_brand":[386],"product_cat":[224],"product_tag":[127,128,129,130,131,132,133,134,135,136,137,138,139,140,141,142,143,144,145],"class_list":{"0":"post-22102","1":"product","2":"type-product","3":"status-publish","4":"has-post-thumbnail","6":"product_brand-intenso","7":"product_cat-harddisk","8":"product_tag-anakart","9":"product_tag-bilgisayar","10":"product_tag-bilgisayar-bilesenleri","11":"product_tag-bilgisayar-parcalari","12":"product_tag-dizustu-bilgisayar","13":"product_tag-ekran-karti","14":"product_tag-gaming-bilgisayar","15":"product_tag-gaming-laptop","16":"product_tag-gaming-monitor","17":"product_tag-gaming-mouse","18":"product_tag-guc-kaynagi-psu","19":"product_tag-islemci-cpu","20":"product_tag-klavye","21":"product_tag-laptop","22":"product_tag-masaustu-bilgisayar","23":"product_tag-mekanik-klavye","24":"product_tag-monitor","25":"product_tag-oyun-bilgisayari","26":"product_tag-ssd","27":"pa_marka-intenso","29":"first","30":"outofstock","31":"sale","32":"purchasable","33":"product-type-simple"},"aioseo_notices":[],"_links":{"self":[{"href":"https:\/\/www.a8bilisim.com\/index.php\/wp-json\/wp\/v2\/product\/22102","targetHints":{"allow":["GET"]}}],"collection":[{"href":"https:\/\/www.a8bilisim.com\/index.php\/wp-json\/wp\/v2\/product"}],"about":[{"href":"https:\/\/www.a8bilisim.com\/index.php\/wp-json\/wp\/v2\/types\/product"}],"version-history":[{"count":5,"href":"https:\/\/www.a8bilisim.com\/index.php\/wp-json\/wp\/v2\/product\/22102\/revisions"}],"predecessor-version":[{"id":44206,"href":"https:\/\/www.a8bilisim.com\/index.php\/wp-json\/wp\/v2\/product\/22102\/revisions\/44206"}],"wp:featuredmedia":[{"embeddable":true,"href":"https:\/\/www.a8bilisim.com\/index.php\/wp-json\/wp\/v2\/media\/22104"}],"wp:attachment":[{"href":"https:\/\/www.a8bilisim.com\/index.php\/wp-json\/wp\/v2\/media?parent=22102"}],"wp:term":[{"taxonomy":"product_brand","embeddable":true,"href":"https:\/\/www.a8bilisim.com\/index.php\/wp-json\/wp\/v2\/product_brand?post=22102"},{"taxonomy":"product_cat","embeddable":true,"href":"https:\/\/www.a8bilisim.com\/index.php\/wp-json\/wp\/v2\/product_cat?post=22102"},{"taxonomy":"product_tag","embeddable":true,"href":"https:\/\/www.a8bilisim.com\/index.php\/wp-json\/wp\/v2\/product_tag?post=22102"}],"curies":[{"name":"wp","href":"https:\/\/api.w.org\/{rel}","templated":true}]}}