{"id":22195,"date":"2025-09-30T15:20:17","date_gmt":"2025-09-30T12:20:17","guid":{"rendered":"http:\/\/20.124.82.17\/wordpress\/index.php\/urun\/dahua-ssd-c900vn512g-b-c900vn-m-2-512gb-3200-2500mb-s-pcie-nvme-ssd-disk-35256-gun35256\/"},"modified":"2025-12-09T06:16:50","modified_gmt":"2025-12-09T03:16:50","slug":"dahua-ssd-c900vn512g-b-c900vn-m-2-512gb-3200-2500mb-s-pcie-nvme-ssd-disk-35256-gun35256","status":"publish","type":"product","link":"https:\/\/www.a8bilisim.com\/index.php\/urun\/dahua-ssd-c900vn512g-b-c900vn-m-2-512gb-3200-2500mb-s-pcie-nvme-ssd-disk-35256-gun35256\/","title":{"rendered":"DAHUA SSD-C900VN512G-B C900VN M.2 512GB (3200\/2500MB\/s) PCIe + NVMe SSD Disk \/ 35256-GUN35256"},"content":{"rendered":"<p>\u00dcr\u00fcn Ad\u0131: DAHUA SSD-C900VN512G-B C900VN M.2 512GB (3200\/2500MB\/s) PCIe + NVMe SSD Disk<\/p>\n<p>Stok No: GUN35256<\/p>\n<p>Stok Kodu:35256<\/p>\n<p>Kategori Ad\u0131: Harddiskler<\/p>\n<p>Marka:\u00a0 DAHUA<\/p>\n<p>EAN Kodu: <\/p>\n<p><strong>Stoklar\u0131m\u0131zdaki Anl\u0131k De\u011fi\u015fimlerden Dolay\u0131 \u0130stedi\u011finiz \u00fcr\u00fcn\u00fcn stokta kalmamas\u0131 durumunda sipari\u015finiz iptal edilip \u00dccretiniz iade edilecek ve konu hakk\u0131nda size bilgi verilecektir.<\/strong><\/p>\n<p>Son G\u00fcncellenme Tarihi :09-12-2025 00:30<\/p>\n<p>&nbsp;<\/p>\n","protected":false},"excerpt":{"rendered":"<p>DAHUA SSD-C900VN512G-B C900VN M.2 512GB (3200\/2500MB\/s) PCIe + NVMe SSD Disk &#8211; Stok Kodu:35256 -GUN35256 &#8211; Harddiskler. Son G\u00fcncellenme Tarihi :09-12-2025 00:30<\/p>\n","protected":false},"featured_media":22197,"template":"","meta":{"_monsterinsights_skip_tracking":false,"_monsterinsights_sitenote_active":false,"_monsterinsights_sitenote_note":"","_monsterinsights_sitenote_category":0,"_joinchat":[]},"product_brand":[465],"product_cat":[224],"product_tag":[127,128,129,130,131,132,133,134,135,136,137,138,139,140,141,142,143,144,145],"class_list":{"0":"post-22195","1":"product","2":"type-product","3":"status-publish","4":"has-post-thumbnail","6":"product_brand-dahua","7":"product_cat-harddisk","8":"product_tag-anakart","9":"product_tag-bilgisayar","10":"product_tag-bilgisayar-bilesenleri","11":"product_tag-bilgisayar-parcalari","12":"product_tag-dizustu-bilgisayar","13":"product_tag-ekran-karti","14":"product_tag-gaming-bilgisayar","15":"product_tag-gaming-laptop","16":"product_tag-gaming-monitor","17":"product_tag-gaming-mouse","18":"product_tag-guc-kaynagi-psu","19":"product_tag-islemci-cpu","20":"product_tag-klavye","21":"product_tag-laptop","22":"product_tag-masaustu-bilgisayar","23":"product_tag-mekanik-klavye","24":"product_tag-monitor","25":"product_tag-oyun-bilgisayari","26":"product_tag-ssd","27":"pa_marka-dahua","29":"first","30":"outofstock","31":"purchasable","32":"product-type-simple"},"aioseo_notices":[],"_links":{"self":[{"href":"https:\/\/www.a8bilisim.com\/index.php\/wp-json\/wp\/v2\/product\/22195","targetHints":{"allow":["GET"]}}],"collection":[{"href":"https:\/\/www.a8bilisim.com\/index.php\/wp-json\/wp\/v2\/product"}],"about":[{"href":"https:\/\/www.a8bilisim.com\/index.php\/wp-json\/wp\/v2\/types\/product"}],"version-history":[{"count":66,"href":"https:\/\/www.a8bilisim.com\/index.php\/wp-json\/wp\/v2\/product\/22195\/revisions"}],"predecessor-version":[{"id":312982,"href":"https:\/\/www.a8bilisim.com\/index.php\/wp-json\/wp\/v2\/product\/22195\/revisions\/312982"}],"wp:featuredmedia":[{"embeddable":true,"href":"https:\/\/www.a8bilisim.com\/index.php\/wp-json\/wp\/v2\/media\/22197"}],"wp:attachment":[{"href":"https:\/\/www.a8bilisim.com\/index.php\/wp-json\/wp\/v2\/media?parent=22195"}],"wp:term":[{"taxonomy":"product_brand","embeddable":true,"href":"https:\/\/www.a8bilisim.com\/index.php\/wp-json\/wp\/v2\/product_brand?post=22195"},{"taxonomy":"product_cat","embeddable":true,"href":"https:\/\/www.a8bilisim.com\/index.php\/wp-json\/wp\/v2\/product_cat?post=22195"},{"taxonomy":"product_tag","embeddable":true,"href":"https:\/\/www.a8bilisim.com\/index.php\/wp-json\/wp\/v2\/product_tag?post=22195"}],"curies":[{"name":"wp","href":"https:\/\/api.w.org\/{rel}","templated":true}]}}