{"id":22306,"date":"2025-09-30T15:22:02","date_gmt":"2025-09-30T12:22:02","guid":{"rendered":"http:\/\/20.124.82.17\/wordpress\/index.php\/urun\/dell-t3680-i7-14700-20-core-16-gb-512-gb-ssd-nvidia-geforce-rtx-4060-w11p-3680_i7-14700-3-kar60655\/"},"modified":"2025-10-30T08:04:39","modified_gmt":"2025-10-30T05:04:39","slug":"dell-t3680-i7-14700-20-core-16-gb-512-gb-ssd-nvidia-geforce-rtx-4060-w11p-3680_i7-14700-3-kar60655","status":"publish","type":"product","link":"https:\/\/www.a8bilisim.com\/index.php\/urun\/dell-t3680-i7-14700-20-core-16-gb-512-gb-ssd-nvidia-geforce-rtx-4060-w11p-3680_i7-14700-3-kar60655\/","title":{"rendered":"DELL T3680 I7-14700 20 Core 16 GB 512 GB SSD NVIDIA GeForce RTX 4060 W11P \/ 3680_i7-14700-3-KAR60655"},"content":{"rendered":"<p>\u00dcr\u00fcn Ad\u0131: DELL T3680 I7-14700 20 Core 16 GB 512 GB SSD NVIDIA GeForce RTX 4060 W11P<\/p>\n<p>Stok No: KAR60655<\/p>\n<p>Stok Kodu:3680_i7-14700-3<\/p>\n<p>Kategori Ad\u0131: Workstation<\/p>\n<p>Marka:\u00a0 DELL<\/p>\n<p>EAN Kodu: <\/p>\n<p><strong>Stoklar\u0131m\u0131zdaki Anl\u0131k De\u011fi\u015fimlerden Dolay\u0131 \u0130stedi\u011finiz \u00fcr\u00fcn\u00fcn stokta kalmamas\u0131 durumunda sipari\u015finiz iptal edilip \u00dccretiniz iade edilecek ve konu hakk\u0131nda size bilgi verilecektir.<\/strong><\/p>\n<p>Son G\u00fcncellenme Tarihi :30-10-2025 00:36<\/p>\n<p>&nbsp;<\/p>\n","protected":false},"excerpt":{"rendered":"<p>DELL T3680 I7-14700 20 Core 16 GB 512 GB SSD NVIDIA GeForce RTX 4060 W11P &#8211; Stok Kodu:3680_i7-14700-3 -KAR60655 &#8211; Workstation. Son G\u00fcncellenme Tarihi :30-10-2025 00:36<\/p>\n","protected":false},"featured_media":22308,"template":"","meta":{"_monsterinsights_skip_tracking":false,"_monsterinsights_sitenote_active":false,"_monsterinsights_sitenote_note":"","_monsterinsights_sitenote_category":0,"_joinchat":[]},"product_brand":[253],"product_cat":[248],"product_tag":[127,128,129,130,131,132,133,134,135,136,137,138,139,140,141,142,143,144,145],"class_list":{"0":"post-22306","1":"product","2":"type-product","3":"status-publish","4":"has-post-thumbnail","6":"product_brand-dell","7":"product_cat-sunucu-ws-client","8":"product_tag-anakart","9":"product_tag-bilgisayar","10":"product_tag-bilgisayar-bilesenleri","11":"product_tag-bilgisayar-parcalari","12":"product_tag-dizustu-bilgisayar","13":"product_tag-ekran-karti","14":"product_tag-gaming-bilgisayar","15":"product_tag-gaming-laptop","16":"product_tag-gaming-monitor","17":"product_tag-gaming-mouse","18":"product_tag-guc-kaynagi-psu","19":"product_tag-islemci-cpu","20":"product_tag-klavye","21":"product_tag-laptop","22":"product_tag-masaustu-bilgisayar","23":"product_tag-mekanik-klavye","24":"product_tag-monitor","25":"product_tag-oyun-bilgisayari","26":"product_tag-ssd","27":"pa_marka-dell","29":"first","30":"outofstock","31":"sale","32":"purchasable","33":"product-type-simple"},"aioseo_notices":[],"_links":{"self":[{"href":"https:\/\/www.a8bilisim.com\/index.php\/wp-json\/wp\/v2\/product\/22306","targetHints":{"allow":["GET"]}}],"collection":[{"href":"https:\/\/www.a8bilisim.com\/index.php\/wp-json\/wp\/v2\/product"}],"about":[{"href":"https:\/\/www.a8bilisim.com\/index.php\/wp-json\/wp\/v2\/types\/product"}],"version-history":[{"count":26,"href":"https:\/\/www.a8bilisim.com\/index.php\/wp-json\/wp\/v2\/product\/22306\/revisions"}],"predecessor-version":[{"id":158635,"href":"https:\/\/www.a8bilisim.com\/index.php\/wp-json\/wp\/v2\/product\/22306\/revisions\/158635"}],"wp:featuredmedia":[{"embeddable":true,"href":"https:\/\/www.a8bilisim.com\/index.php\/wp-json\/wp\/v2\/media\/22308"}],"wp:attachment":[{"href":"https:\/\/www.a8bilisim.com\/index.php\/wp-json\/wp\/v2\/media?parent=22306"}],"wp:term":[{"taxonomy":"product_brand","embeddable":true,"href":"https:\/\/www.a8bilisim.com\/index.php\/wp-json\/wp\/v2\/product_brand?post=22306"},{"taxonomy":"product_cat","embeddable":true,"href":"https:\/\/www.a8bilisim.com\/index.php\/wp-json\/wp\/v2\/product_cat?post=22306"},{"taxonomy":"product_tag","embeddable":true,"href":"https:\/\/www.a8bilisim.com\/index.php\/wp-json\/wp\/v2\/product_tag?post=22306"}],"curies":[{"name":"wp","href":"https:\/\/api.w.org\/{rel}","templated":true}]}}