{"id":225008,"date":"2025-11-17T07:52:02","date_gmt":"2025-11-17T04:52:02","guid":{"rendered":"https:\/\/www.a8bilisim.com\/index.php\/urun\/fsp-500w-peak-80-metalik-12cm-fanl-sp500-a-power-supply-33717-gun4713224527708\/"},"modified":"2025-12-27T05:20:43","modified_gmt":"2025-12-27T02:20:43","slug":"fsp-500w-peak-80-metalik-12cm-fanl-sp500-a-power-supply-33717-gun4713224527708","status":"publish","type":"product","link":"https:\/\/www.a8bilisim.com\/index.php\/urun\/fsp-500w-peak-80-metalik-12cm-fanl-sp500-a-power-supply-33717-gun4713224527708\/","title":{"rendered":"FSP 500W Peak 80+ Metalik 12cm Fanl&#x131; (SP500-A) Power Supply \/ 33717-GUN4713224527708"},"content":{"rendered":"<p>\u00dcr\u00fcn Ad\u0131: FSP 500W Peak 80+ Metalik 12cm Fanl&#x131; (SP500-A) Power Supply<\/p>\n<p>Stok No: GUN4713224527708<\/p>\n<p>Stok Kodu:33717<\/p>\n<p>Kategori Ad\u0131: Kasalar<\/p>\n<p>Marka:\u00a0 FSP<\/p>\n<p>EAN Kodu: <\/p>\n<p><strong>Stoklar\u0131m\u0131zdaki Anl\u0131k De\u011fi\u015fimlerden Dolay\u0131 \u0130stedi\u011finiz \u00fcr\u00fcn\u00fcn stokta kalmamas\u0131 durumunda sipari\u015finiz iptal edilip \u00dccretiniz iade edilecek ve konu hakk\u0131nda size bilgi verilecektir.<\/strong><\/p>\n<p>Son G\u00fcncellenme Tarihi :27-12-2025 00:31<\/p>\n<p>&nbsp;<\/p>\n","protected":false},"excerpt":{"rendered":"<p>FSP 500W Peak 80+ Metalik 12cm Fanl&#x131; (SP500-A) Power Supply &#8211; Stok Kodu:33717 -GUN4713224527708 &#8211; Kasalar. Son G\u00fcncellenme Tarihi :27-12-2025 00:31<\/p>\n","protected":false},"featured_media":225010,"template":"","meta":{"_monsterinsights_skip_tracking":false,"_monsterinsights_sitenote_active":false,"_monsterinsights_sitenote_note":"","_monsterinsights_sitenote_category":0,"_joinchat":[]},"product_brand":[463],"product_cat":[292],"product_tag":[127,128,129,130,131,132,133,134,135,136,137,138,139,140,141,142,143,144,145],"class_list":{"0":"post-225008","1":"product","2":"type-product","3":"status-publish","4":"has-post-thumbnail","6":"product_brand-fsp","7":"product_cat-kasa","8":"product_tag-anakart","9":"product_tag-bilgisayar","10":"product_tag-bilgisayar-bilesenleri","11":"product_tag-bilgisayar-parcalari","12":"product_tag-dizustu-bilgisayar","13":"product_tag-ekran-karti","14":"product_tag-gaming-bilgisayar","15":"product_tag-gaming-laptop","16":"product_tag-gaming-monitor","17":"product_tag-gaming-mouse","18":"product_tag-guc-kaynagi-psu","19":"product_tag-islemci-cpu","20":"product_tag-klavye","21":"product_tag-laptop","22":"product_tag-masaustu-bilgisayar","23":"product_tag-mekanik-klavye","24":"product_tag-monitor","25":"product_tag-oyun-bilgisayari","26":"product_tag-ssd","27":"pa_marka-fsp","29":"first","30":"outofstock","31":"purchasable","32":"product-type-simple"},"aioseo_notices":[],"_links":{"self":[{"href":"https:\/\/www.a8bilisim.com\/index.php\/wp-json\/wp\/v2\/product\/225008","targetHints":{"allow":["GET"]}}],"collection":[{"href":"https:\/\/www.a8bilisim.com\/index.php\/wp-json\/wp\/v2\/product"}],"about":[{"href":"https:\/\/www.a8bilisim.com\/index.php\/wp-json\/wp\/v2\/types\/product"}],"version-history":[{"count":7,"href":"https:\/\/www.a8bilisim.com\/index.php\/wp-json\/wp\/v2\/product\/225008\/revisions"}],"predecessor-version":[{"id":379599,"href":"https:\/\/www.a8bilisim.com\/index.php\/wp-json\/wp\/v2\/product\/225008\/revisions\/379599"}],"wp:featuredmedia":[{"embeddable":true,"href":"https:\/\/www.a8bilisim.com\/index.php\/wp-json\/wp\/v2\/media\/225010"}],"wp:attachment":[{"href":"https:\/\/www.a8bilisim.com\/index.php\/wp-json\/wp\/v2\/media?parent=225008"}],"wp:term":[{"taxonomy":"product_brand","embeddable":true,"href":"https:\/\/www.a8bilisim.com\/index.php\/wp-json\/wp\/v2\/product_brand?post=225008"},{"taxonomy":"product_cat","embeddable":true,"href":"https:\/\/www.a8bilisim.com\/index.php\/wp-json\/wp\/v2\/product_cat?post=225008"},{"taxonomy":"product_tag","embeddable":true,"href":"https:\/\/www.a8bilisim.com\/index.php\/wp-json\/wp\/v2\/product_tag?post=225008"}],"curies":[{"name":"wp","href":"https:\/\/api.w.org\/{rel}","templated":true}]}}