{"id":22927,"date":"2025-09-30T15:32:12","date_gmt":"2025-09-30T12:32:12","guid":{"rendered":"http:\/\/20.124.82.17\/wordpress\/index.php\/urun\/brother-mfc-l6910dn-ok-fonks-siyah-beyaz-mono-laser-yazc-a4-bas-ink-laz-ofs-0016-ivt45951\/"},"modified":"2026-04-14T06:12:33","modified_gmt":"2026-04-14T03:12:33","slug":"brother-mfc-l6910dn-ok-fonks-siyah-beyaz-mono-laser-yazc-a4-bas-ink-laz-ofs-0016-ivt45951","status":"publish","type":"product","link":"https:\/\/www.a8bilisim.com\/index.php\/urun\/brother-mfc-l6910dn-ok-fonks-siyah-beyaz-mono-laser-yazc-a4-bas-ink-laz-ofs-0016-ivt45951\/","title":{"rendered":"Brother MFC-L6910DN &#xC7;ok Fonks. Siyah-Beyaz Mono Laser Yaz&#x131;c&#x131; (A4) \/ Bas.Ink.Laz.Ofs.0016-IVT45951"},"content":{"rendered":"<p>\u00dcr\u00fcn Ad\u0131: Brother MFC-L6910DN &#xC7;ok Fonks. Siyah-Beyaz Mono Laser Yaz&#x131;c&#x131; (A4)<\/p>\n<p><span dir=\"auto\" style=\"vertical-align: inherit;\"><span dir=\"auto\" style=\"vertical-align: inherit;\">Stok No: IVT45951<\/span><\/span><\/p>\n<p>Stok Kodu:Bas.Ink.Laz.Ofs.0016<\/p>\n<p>Kategori Ad\u0131: Ofis Laser<\/p>\n<p><span dir=\"auto\" style=\"vertical-align: inherit;\"><span dir=\"auto\" style=\"vertical-align: inherit;\">EAN Kodu: <\/span><\/span><\/p>\n<p><strong>Stoklar\u0131m\u0131zdaki Anl\u0131k De\u011fi\u015fimlerden Dolay\u0131 \u0130stedi\u011finiz \u00fcr\u00fcn\u00fcn stokta kalmamas\u0131 durumunda sipari\u015finiz iptal edilip \u00dccretiniz iade edilecek ve konu hakk\u0131nda size bilgi verilecektir.<\/strong><\/p>\n<p>Son G\u00fcncellenme Tarihi :14-04-2026 02:37<\/p>\n<p>&nbsp;<\/p>\n","protected":false},"excerpt":{"rendered":"<p>Brother MFC-L6910DN &#xC7;ok Fonks. Siyah-Beyaz Mono Laser Yaz&#x131;c&#x131; (A4) &#8211; Stok Kodu:Bas.Ink.Laz.Ofs.0016 -IVT45951 &#8211; Ofis Laser. Son G\u00fcncellenme Tarihi :14-04-2026 02:37<\/p>\n","protected":false},"featured_media":22929,"template":"","meta":{"_monsterinsights_skip_tracking":false,"_monsterinsights_sitenote_active":false,"_monsterinsights_sitenote_note":"","_monsterinsights_sitenote_category":0,"_joinchat":[]},"product_brand":[278],"product_cat":[234],"product_tag":[127,128,129,130,131,132,133,134,135,136,137,138,139,140,141,142,143,144,145],"class_list":{"0":"post-22927","1":"product","2":"type-product","3":"status-publish","4":"has-post-thumbnail","6":"product_brand-brother","7":"product_cat-yazc","8":"product_tag-anakart","9":"product_tag-bilgisayar","10":"product_tag-bilgisayar-bilesenleri","11":"product_tag-bilgisayar-parcalari","12":"product_tag-dizustu-bilgisayar","13":"product_tag-ekran-karti","14":"product_tag-gaming-bilgisayar","15":"product_tag-gaming-laptop","16":"product_tag-gaming-monitor","17":"product_tag-gaming-mouse","18":"product_tag-guc-kaynagi-psu","19":"product_tag-islemci-cpu","20":"product_tag-klavye","21":"product_tag-laptop","22":"product_tag-masaustu-bilgisayar","23":"product_tag-mekanik-klavye","24":"product_tag-monitor","25":"product_tag-oyun-bilgisayari","26":"product_tag-ssd","27":"pa_marka-brother","29":"first","30":"outofstock","31":"sale","32":"purchasable","33":"product-type-simple"},"aioseo_notices":[],"_links":{"self":[{"href":"https:\/\/www.a8bilisim.com\/index.php\/wp-json\/wp\/v2\/product\/22927","targetHints":{"allow":["GET"]}}],"collection":[{"href":"https:\/\/www.a8bilisim.com\/index.php\/wp-json\/wp\/v2\/product"}],"about":[{"href":"https:\/\/www.a8bilisim.com\/index.php\/wp-json\/wp\/v2\/types\/product"}],"version-history":[{"count":194,"href":"https:\/\/www.a8bilisim.com\/index.php\/wp-json\/wp\/v2\/product\/22927\/revisions"}],"predecessor-version":[{"id":690234,"href":"https:\/\/www.a8bilisim.com\/index.php\/wp-json\/wp\/v2\/product\/22927\/revisions\/690234"}],"wp:featuredmedia":[{"embeddable":true,"href":"https:\/\/www.a8bilisim.com\/index.php\/wp-json\/wp\/v2\/media\/22929"}],"wp:attachment":[{"href":"https:\/\/www.a8bilisim.com\/index.php\/wp-json\/wp\/v2\/media?parent=22927"}],"wp:term":[{"taxonomy":"product_brand","embeddable":true,"href":"https:\/\/www.a8bilisim.com\/index.php\/wp-json\/wp\/v2\/product_brand?post=22927"},{"taxonomy":"product_cat","embeddable":true,"href":"https:\/\/www.a8bilisim.com\/index.php\/wp-json\/wp\/v2\/product_cat?post=22927"},{"taxonomy":"product_tag","embeddable":true,"href":"https:\/\/www.a8bilisim.com\/index.php\/wp-json\/wp\/v2\/product_tag?post=22927"}],"curies":[{"name":"wp","href":"https:\/\/api.w.org\/{rel}","templated":true}]}}