{"id":23161,"date":"2025-09-30T15:36:20","date_gmt":"2025-09-30T12:36:20","guid":{"rendered":"http:\/\/20.124.82.17\/wordpress\/index.php\/urun\/kioxia-exceria-960gb-3d-555-540-mb-sn-3yil-garanti-ssd-ltc10z960gg8-kar50919\/"},"modified":"2026-04-14T06:12:38","modified_gmt":"2026-04-14T03:12:38","slug":"kioxia-exceria-960gb-3d-555-540-mb-sn-3yil-garanti-ssd-ltc10z960gg8-kar50919","status":"publish","type":"product","link":"https:\/\/www.a8bilisim.com\/index.php\/urun\/kioxia-exceria-960gb-3d-555-540-mb-sn-3yil-garanti-ssd-ltc10z960gg8-kar50919\/","title":{"rendered":"KIOXIA EXCERIA 960GB 3D 555\/540 MB\/sn 3YIL Garanti SSD \/ LTC10Z960GG8-KAR50919"},"content":{"rendered":"<p>\u00dcr\u00fcn Ad\u0131: KIOXIA EXCERIA 960GB 3D 555\/540 MB\/sn 3YIL Garanti SSD<\/p>\n<p><span dir=\"auto\" style=\"vertical-align: inherit;\"><span dir=\"auto\" style=\"vertical-align: inherit;\">Stok No: KAR50919<\/span><\/span><\/p>\n<p>Stok Kodu:LTC10Z960GG8<\/p>\n<p>Kategori Ad\u0131: SATA  SSD<\/p>\n<p><span dir=\"auto\" style=\"vertical-align: inherit;\"><span dir=\"auto\" style=\"vertical-align: inherit;\">EAN Kodu: 4582563851863<\/span><\/span><\/p>\n<p><strong>Stoklar\u0131m\u0131zdaki Anl\u0131k De\u011fi\u015fimlerden Dolay\u0131 \u0130stedi\u011finiz \u00fcr\u00fcn\u00fcn stokta kalmamas\u0131 durumunda sipari\u015finiz iptal edilip \u00dccretiniz iade edilecek ve konu hakk\u0131nda size bilgi verilecektir.<\/strong><\/p>\n<p>Son G\u00fcncellenme Tarihi :14-04-2026 02:36<\/p>\n<p>&nbsp;<\/p>\n","protected":false},"excerpt":{"rendered":"<p>KIOXIA EXCERIA 960GB 3D 555\/540 MB\/sn 3YIL Garanti SSD &#8211; Stok Kodu:LTC10Z960GG8 -KAR50919 &#8211; SATA  SSD. Son G\u00fcncellenme Tarihi :14-04-2026 02:36<\/p>\n","protected":false},"featured_media":23163,"template":"","meta":{"_monsterinsights_skip_tracking":false,"_monsterinsights_sitenote_active":false,"_monsterinsights_sitenote_note":"","_monsterinsights_sitenote_category":0,"_joinchat":[]},"product_brand":[502],"product_cat":[289],"product_tag":[127,128,129,130,131,132,133,134,135,136,137,138,139,140,141,142,143,144,145],"class_list":{"0":"post-23161","1":"product","2":"type-product","3":"status-publish","4":"has-post-thumbnail","6":"product_brand-kioxia","7":"product_cat-ssd","8":"product_tag-anakart","9":"product_tag-bilgisayar","10":"product_tag-bilgisayar-bilesenleri","11":"product_tag-bilgisayar-parcalari","12":"product_tag-dizustu-bilgisayar","13":"product_tag-ekran-karti","14":"product_tag-gaming-bilgisayar","15":"product_tag-gaming-laptop","16":"product_tag-gaming-monitor","17":"product_tag-gaming-mouse","18":"product_tag-guc-kaynagi-psu","19":"product_tag-islemci-cpu","20":"product_tag-klavye","21":"product_tag-laptop","22":"product_tag-masaustu-bilgisayar","23":"product_tag-mekanik-klavye","24":"product_tag-monitor","25":"product_tag-oyun-bilgisayari","26":"product_tag-ssd","27":"pa_marka-kioxia","29":"first","30":"instock","31":"sale","32":"purchasable","33":"product-type-simple"},"aioseo_notices":[],"_links":{"self":[{"href":"https:\/\/www.a8bilisim.com\/index.php\/wp-json\/wp\/v2\/product\/23161","targetHints":{"allow":["GET"]}}],"collection":[{"href":"https:\/\/www.a8bilisim.com\/index.php\/wp-json\/wp\/v2\/product"}],"about":[{"href":"https:\/\/www.a8bilisim.com\/index.php\/wp-json\/wp\/v2\/types\/product"}],"version-history":[{"count":196,"href":"https:\/\/www.a8bilisim.com\/index.php\/wp-json\/wp\/v2\/product\/23161\/revisions"}],"predecessor-version":[{"id":690268,"href":"https:\/\/www.a8bilisim.com\/index.php\/wp-json\/wp\/v2\/product\/23161\/revisions\/690268"}],"wp:featuredmedia":[{"embeddable":true,"href":"https:\/\/www.a8bilisim.com\/index.php\/wp-json\/wp\/v2\/media\/23163"}],"wp:attachment":[{"href":"https:\/\/www.a8bilisim.com\/index.php\/wp-json\/wp\/v2\/media?parent=23161"}],"wp:term":[{"taxonomy":"product_brand","embeddable":true,"href":"https:\/\/www.a8bilisim.com\/index.php\/wp-json\/wp\/v2\/product_brand?post=23161"},{"taxonomy":"product_cat","embeddable":true,"href":"https:\/\/www.a8bilisim.com\/index.php\/wp-json\/wp\/v2\/product_cat?post=23161"},{"taxonomy":"product_tag","embeddable":true,"href":"https:\/\/www.a8bilisim.com\/index.php\/wp-json\/wp\/v2\/product_tag?post=23161"}],"curies":[{"name":"wp","href":"https:\/\/api.w.org\/{rel}","templated":true}]}}