{"id":23271,"date":"2025-09-30T15:38:23","date_gmt":"2025-09-30T12:38:23","guid":{"rendered":"http:\/\/20.124.82.17\/wordpress\/index.php\/urun\/biostar-b550mh-amd-b550-ddr4-m-2-usb-3-2-hdmi-vga-pci-4-0-am4-anakart-bbi-isl-ank-amd-0059-ivt46099\/"},"modified":"2026-04-13T06:10:31","modified_gmt":"2026-04-13T03:10:31","slug":"biostar-b550mh-amd-b550-ddr4-m-2-usb-3-2-hdmi-vga-pci-4-0-am4-anakart-bbi-isl-ank-amd-0059-ivt46099","status":"publish","type":"product","link":"https:\/\/www.a8bilisim.com\/index.php\/urun\/biostar-b550mh-amd-b550-ddr4-m-2-usb-3-2-hdmi-vga-pci-4-0-am4-anakart-bbi-isl-ank-amd-0059-ivt46099\/","title":{"rendered":"Biostar B550MH AMD B550 DDR4 M.2 USB 3.2 HDMI\/VGA PCI 4.0 AM4 Anakart \/ Bbi.Isl.Ank.Amd.0059-IVT46099"},"content":{"rendered":"<p>\u00dcr\u00fcn Ad\u0131: Biostar B550MH AMD B550 DDR4 M.2 USB 3.2 HDMI\/VGA PCI 4.0 AM4 Anakart<\/p>\n<p><span dir=\"auto\" style=\"vertical-align: inherit;\"><span dir=\"auto\" style=\"vertical-align: inherit;\">Stok No: IVT46099<\/span><\/span><\/p>\n<p>Stok Kodu:Bbi.Isl.Ank.Amd.0059<\/p>\n<p>Kategori Ad\u0131: AMD Anakart<\/p>\n<p><span dir=\"auto\" style=\"vertical-align: inherit;\"><span dir=\"auto\" style=\"vertical-align: inherit;\">EAN Kodu: <\/span><\/span><\/p>\n<p><strong>Stoklar\u0131m\u0131zdaki Anl\u0131k De\u011fi\u015fimlerden Dolay\u0131 \u0130stedi\u011finiz \u00fcr\u00fcn\u00fcn stokta kalmamas\u0131 durumunda sipari\u015finiz iptal edilip \u00dccretiniz iade edilecek ve konu hakk\u0131nda size bilgi verilecektir.<\/strong><\/p>\n<p>Son G\u00fcncellenme Tarihi :13-04-2026 02:35<\/p>\n<p>&nbsp;<\/p>\n","protected":false},"excerpt":{"rendered":"<p>Biostar B550MH AMD B550 DDR4 M.2 USB 3.2 HDMI\/VGA PCI 4.0 AM4 Anakart &#8211; Stok Kodu:Bbi.Isl.Ank.Amd.0059 -IVT46099 &#8211; AMD Anakart. Son G\u00fcncellenme Tarihi :13-04-2026 02:35<\/p>\n","protected":false},"featured_media":23273,"template":"","meta":{"_monsterinsights_skip_tracking":false,"_monsterinsights_sitenote_active":false,"_monsterinsights_sitenote_note":"","_monsterinsights_sitenote_category":0,"_joinchat":[]},"product_brand":[523],"product_cat":[382],"product_tag":[127,128,129,130,131,132,133,134,135,136,137,138,139,140,141,142,143,144,145],"class_list":{"0":"post-23271","1":"product","2":"type-product","3":"status-publish","4":"has-post-thumbnail","6":"product_brand-biostar","7":"product_cat-anakartlar","8":"product_tag-anakart","9":"product_tag-bilgisayar","10":"product_tag-bilgisayar-bilesenleri","11":"product_tag-bilgisayar-parcalari","12":"product_tag-dizustu-bilgisayar","13":"product_tag-ekran-karti","14":"product_tag-gaming-bilgisayar","15":"product_tag-gaming-laptop","16":"product_tag-gaming-monitor","17":"product_tag-gaming-mouse","18":"product_tag-guc-kaynagi-psu","19":"product_tag-islemci-cpu","20":"product_tag-klavye","21":"product_tag-laptop","22":"product_tag-masaustu-bilgisayar","23":"product_tag-mekanik-klavye","24":"product_tag-monitor","25":"product_tag-oyun-bilgisayari","26":"product_tag-ssd","27":"pa_marka-biostar","29":"first","30":"outofstock","31":"sale","32":"purchasable","33":"product-type-simple"},"aioseo_notices":[],"_links":{"self":[{"href":"https:\/\/www.a8bilisim.com\/index.php\/wp-json\/wp\/v2\/product\/23271","targetHints":{"allow":["GET"]}}],"collection":[{"href":"https:\/\/www.a8bilisim.com\/index.php\/wp-json\/wp\/v2\/product"}],"about":[{"href":"https:\/\/www.a8bilisim.com\/index.php\/wp-json\/wp\/v2\/types\/product"}],"version-history":[{"count":152,"href":"https:\/\/www.a8bilisim.com\/index.php\/wp-json\/wp\/v2\/product\/23271\/revisions"}],"predecessor-version":[{"id":687854,"href":"https:\/\/www.a8bilisim.com\/index.php\/wp-json\/wp\/v2\/product\/23271\/revisions\/687854"}],"wp:featuredmedia":[{"embeddable":true,"href":"https:\/\/www.a8bilisim.com\/index.php\/wp-json\/wp\/v2\/media\/23273"}],"wp:attachment":[{"href":"https:\/\/www.a8bilisim.com\/index.php\/wp-json\/wp\/v2\/media?parent=23271"}],"wp:term":[{"taxonomy":"product_brand","embeddable":true,"href":"https:\/\/www.a8bilisim.com\/index.php\/wp-json\/wp\/v2\/product_brand?post=23271"},{"taxonomy":"product_cat","embeddable":true,"href":"https:\/\/www.a8bilisim.com\/index.php\/wp-json\/wp\/v2\/product_cat?post=23271"},{"taxonomy":"product_tag","embeddable":true,"href":"https:\/\/www.a8bilisim.com\/index.php\/wp-json\/wp\/v2\/product_tag?post=23271"}],"curies":[{"name":"wp","href":"https:\/\/api.w.org\/{rel}","templated":true}]}}