{"id":23424,"date":"2025-09-30T15:40:22","date_gmt":"2025-09-30T12:40:22","guid":{"rendered":"http:\/\/20.124.82.17\/wordpress\/index.php\/urun\/32-samsung-qm32c-lfd-uhd-smart-signage-display-ynetilebilir-smart-ekran-qm32c-kar60638\/"},"modified":"2025-12-10T06:42:17","modified_gmt":"2025-12-10T03:42:17","slug":"32-samsung-qm32c-lfd-uhd-smart-signage-display-ynetilebilir-smart-ekran-qm32c-kar60638","status":"publish","type":"product","link":"https:\/\/www.a8bilisim.com\/index.php\/urun\/32-samsung-qm32c-lfd-uhd-smart-signage-display-ynetilebilir-smart-ekran-qm32c-kar60638\/","title":{"rendered":"32&#8243; SAMSUNG QM32C LFD UHD Smart Signage Display &#8211; Y&#xF6;netilebilir Smart Ekran \/ QM32C-KAR60638"},"content":{"rendered":"<p>\u00dcr\u00fcn Ad\u0131: 32&#8243; SAMSUNG QM32C LFD UHD Smart Signage Display &#8211; Y&#xF6;netilebilir Smart Ekran<\/p>\n<p>Stok No: KAR60638<\/p>\n<p>Stok Kodu:QM32C<\/p>\n<p>Kategori Ad\u0131: End&#xFC;striyel Monit&#xF6;rler<\/p>\n<p>Marka:\u00a0 SAMSUNG<\/p>\n<p>EAN Kodu: 8806095508368<\/p>\n<p><strong>Stoklar\u0131m\u0131zdaki Anl\u0131k De\u011fi\u015fimlerden Dolay\u0131 \u0130stedi\u011finiz \u00fcr\u00fcn\u00fcn stokta kalmamas\u0131 durumunda sipari\u015finiz iptal edilip \u00dccretiniz iade edilecek ve konu hakk\u0131nda size bilgi verilecektir.<\/strong><\/p>\n<p>Son G\u00fcncellenme Tarihi :10-12-2025 00:36<\/p>\n<p>&nbsp;<\/p>\n","protected":false},"excerpt":{"rendered":"<p>32&#8243; SAMSUNG QM32C LFD UHD Smart Signage Display &#8211; Y&#xF6;netilebilir Smart Ekran &#8211; Stok Kodu:QM32C -KAR60638 &#8211; End&#xFC;striyel Monit&#xF6;rler. Son G\u00fcncellenme Tarihi :10-12-2025 00:36<\/p>\n","protected":false},"featured_media":23426,"template":"","meta":{"_monsterinsights_skip_tracking":false,"_monsterinsights_sitenote_active":false,"_monsterinsights_sitenote_note":"","_monsterinsights_sitenote_category":0,"_joinchat":[]},"product_brand":[288],"product_cat":[329],"product_tag":[127,128,129,130,131,132,133,134,135,136,137,138,139,140,141,142,143,144,145],"class_list":{"0":"post-23424","1":"product","2":"type-product","3":"status-publish","4":"has-post-thumbnail","6":"product_brand-samsung","7":"product_cat-monitrler","8":"product_tag-anakart","9":"product_tag-bilgisayar","10":"product_tag-bilgisayar-bilesenleri","11":"product_tag-bilgisayar-parcalari","12":"product_tag-dizustu-bilgisayar","13":"product_tag-ekran-karti","14":"product_tag-gaming-bilgisayar","15":"product_tag-gaming-laptop","16":"product_tag-gaming-monitor","17":"product_tag-gaming-mouse","18":"product_tag-guc-kaynagi-psu","19":"product_tag-islemci-cpu","20":"product_tag-klavye","21":"product_tag-laptop","22":"product_tag-masaustu-bilgisayar","23":"product_tag-mekanik-klavye","24":"product_tag-monitor","25":"product_tag-oyun-bilgisayari","26":"product_tag-ssd","27":"pa_marka-samsung","29":"first","30":"outofstock","31":"purchasable","32":"product-type-simple"},"aioseo_notices":[],"_links":{"self":[{"href":"https:\/\/www.a8bilisim.com\/index.php\/wp-json\/wp\/v2\/product\/23424","targetHints":{"allow":["GET"]}}],"collection":[{"href":"https:\/\/www.a8bilisim.com\/index.php\/wp-json\/wp\/v2\/product"}],"about":[{"href":"https:\/\/www.a8bilisim.com\/index.php\/wp-json\/wp\/v2\/types\/product"}],"version-history":[{"count":65,"href":"https:\/\/www.a8bilisim.com\/index.php\/wp-json\/wp\/v2\/product\/23424\/revisions"}],"predecessor-version":[{"id":317270,"href":"https:\/\/www.a8bilisim.com\/index.php\/wp-json\/wp\/v2\/product\/23424\/revisions\/317270"}],"wp:featuredmedia":[{"embeddable":true,"href":"https:\/\/www.a8bilisim.com\/index.php\/wp-json\/wp\/v2\/media\/23426"}],"wp:attachment":[{"href":"https:\/\/www.a8bilisim.com\/index.php\/wp-json\/wp\/v2\/media?parent=23424"}],"wp:term":[{"taxonomy":"product_brand","embeddable":true,"href":"https:\/\/www.a8bilisim.com\/index.php\/wp-json\/wp\/v2\/product_brand?post=23424"},{"taxonomy":"product_cat","embeddable":true,"href":"https:\/\/www.a8bilisim.com\/index.php\/wp-json\/wp\/v2\/product_cat?post=23424"},{"taxonomy":"product_tag","embeddable":true,"href":"https:\/\/www.a8bilisim.com\/index.php\/wp-json\/wp\/v2\/product_tag?post=23424"}],"curies":[{"name":"wp","href":"https:\/\/api.w.org\/{rel}","templated":true}]}}