{"id":23535,"date":"2025-09-30T15:42:17","date_gmt":"2025-09-30T12:42:17","guid":{"rendered":"http:\/\/20.124.82.17\/wordpress\/index.php\/urun\/rampage-rmp-500-80p-500w-80-plus-12cm-fan-a-ktif-pfc-power-supply-rmp-500-80p-kar48224\/"},"modified":"2026-03-30T05:24:50","modified_gmt":"2026-03-30T02:24:50","slug":"rampage-rmp-500-80p-500w-80-plus-12cm-fan-a-ktif-pfc-power-supply-rmp-500-80p-kar48224","status":"publish","type":"product","link":"https:\/\/www.a8bilisim.com\/index.php\/urun\/rampage-rmp-500-80p-500w-80-plus-12cm-fan-a-ktif-pfc-power-supply-rmp-500-80p-kar48224\/","title":{"rendered":"RAMPAGE RMP-500-80P 500W 80 PLUS 12cm Fan A ktif PFC Power Supply \/ RMP-500-80P-KAR48224"},"content":{"rendered":"<p>\u00dcr\u00fcn Ad\u0131: RAMPAGE RMP-500-80P 500W 80 PLUS 12cm Fan A ktif PFC Power Supply<\/p>\n<p><span dir=\"auto\" style=\"vertical-align: inherit;\"><span dir=\"auto\" style=\"vertical-align: inherit;\">Stok No: KAR48224<\/span><\/span><\/p>\n<p>Stok Kodu:RMP-500-80P<\/p>\n<p>Kategori Ad\u0131: Power Supply<\/p>\n<p><span dir=\"auto\" style=\"vertical-align: inherit;\"><span dir=\"auto\" style=\"vertical-align: inherit;\">EAN Kodu: 8680096055683<\/span><\/span><\/p>\n<p><strong>Stoklar\u0131m\u0131zdaki Anl\u0131k De\u011fi\u015fimlerden Dolay\u0131 \u0130stedi\u011finiz \u00fcr\u00fcn\u00fcn stokta kalmamas\u0131 durumunda sipari\u015finiz iptal edilip \u00dccretiniz iade edilecek ve konu hakk\u0131nda size bilgi verilecektir.<\/strong><\/p>\n<p>Son G\u00fcncellenme Tarihi :30-03-2026 00:36<\/p>\n<p>&nbsp;<\/p>\n","protected":false},"excerpt":{"rendered":"<p>RAMPAGE RMP-500-80P 500W 80 PLUS 12cm Fan A ktif PFC Power Supply &#8211; Stok Kodu:RMP-500-80P -KAR48224 &#8211; Power Supply. Son G\u00fcncellenme Tarihi :30-03-2026 00:36<\/p>\n","protected":false},"featured_media":23537,"template":"","meta":{"_monsterinsights_skip_tracking":false,"_monsterinsights_sitenote_active":false,"_monsterinsights_sitenote_note":"","_monsterinsights_sitenote_category":0,"_joinchat":[]},"product_brand":[525],"product_cat":[163],"product_tag":[127,128,129,130,131,132,133,134,135,136,137,138,139,140,141,142,143,144,145],"class_list":{"0":"post-23535","1":"product","2":"type-product","3":"status-publish","4":"has-post-thumbnail","6":"product_brand-rampage","7":"product_cat-g-kayna","8":"product_tag-anakart","9":"product_tag-bilgisayar","10":"product_tag-bilgisayar-bilesenleri","11":"product_tag-bilgisayar-parcalari","12":"product_tag-dizustu-bilgisayar","13":"product_tag-ekran-karti","14":"product_tag-gaming-bilgisayar","15":"product_tag-gaming-laptop","16":"product_tag-gaming-monitor","17":"product_tag-gaming-mouse","18":"product_tag-guc-kaynagi-psu","19":"product_tag-islemci-cpu","20":"product_tag-klavye","21":"product_tag-laptop","22":"product_tag-masaustu-bilgisayar","23":"product_tag-mekanik-klavye","24":"product_tag-monitor","25":"product_tag-oyun-bilgisayari","26":"product_tag-ssd","27":"pa_marka-rampage","29":"first","30":"outofstock","31":"sale","32":"purchasable","33":"product-type-simple"},"aioseo_notices":[],"_links":{"self":[{"href":"https:\/\/www.a8bilisim.com\/index.php\/wp-json\/wp\/v2\/product\/23535","targetHints":{"allow":["GET"]}}],"collection":[{"href":"https:\/\/www.a8bilisim.com\/index.php\/wp-json\/wp\/v2\/product"}],"about":[{"href":"https:\/\/www.a8bilisim.com\/index.php\/wp-json\/wp\/v2\/types\/product"}],"version-history":[{"count":181,"href":"https:\/\/www.a8bilisim.com\/index.php\/wp-json\/wp\/v2\/product\/23535\/revisions"}],"predecessor-version":[{"id":652171,"href":"https:\/\/www.a8bilisim.com\/index.php\/wp-json\/wp\/v2\/product\/23535\/revisions\/652171"}],"wp:featuredmedia":[{"embeddable":true,"href":"https:\/\/www.a8bilisim.com\/index.php\/wp-json\/wp\/v2\/media\/23537"}],"wp:attachment":[{"href":"https:\/\/www.a8bilisim.com\/index.php\/wp-json\/wp\/v2\/media?parent=23535"}],"wp:term":[{"taxonomy":"product_brand","embeddable":true,"href":"https:\/\/www.a8bilisim.com\/index.php\/wp-json\/wp\/v2\/product_brand?post=23535"},{"taxonomy":"product_cat","embeddable":true,"href":"https:\/\/www.a8bilisim.com\/index.php\/wp-json\/wp\/v2\/product_cat?post=23535"},{"taxonomy":"product_tag","embeddable":true,"href":"https:\/\/www.a8bilisim.com\/index.php\/wp-json\/wp\/v2\/product_tag?post=23535"}],"curies":[{"name":"wp","href":"https:\/\/api.w.org\/{rel}","templated":true}]}}