{"id":23562,"date":"2025-09-30T15:43:09","date_gmt":"2025-09-30T12:43:09","guid":{"rendered":"http:\/\/20.124.82.17\/wordpress\/index.php\/urun\/tsc-re310-thermal-203-dpi-mobl-f-yazici-bt-38662-gun38662\/"},"modified":"2025-11-11T08:18:52","modified_gmt":"2025-11-11T05:18:52","slug":"tsc-re310-thermal-203-dpi-mobl-f-yazici-bt-38662-gun38662","status":"publish","type":"product","link":"https:\/\/www.a8bilisim.com\/index.php\/urun\/tsc-re310-thermal-203-dpi-mobl-f-yazici-bt-38662-gun38662\/","title":{"rendered":"TSC RE310 Thermal 203 dpi MOB&#x130;L F&#x130;&#x15E; YAZICI BT \/ 38662-GUN38662"},"content":{"rendered":"<p>\u00dcr\u00fcn Ad\u0131: TSC RE310 Thermal 203 dpi MOB&#x130;L F&#x130;&#x15E; YAZICI BT<\/p>\n<p>Stok No: GUN38662<\/p>\n<p>Stok Kodu:38662<\/p>\n<p>Kategori Ad\u0131: Barkod Yaz&#x131;c&#x131;lar<\/p>\n<p>Marka:\u00a0 TSC<\/p>\n<p>EAN Kodu: <\/p>\n<p><strong>Stoklar\u0131m\u0131zdaki Anl\u0131k De\u011fi\u015fimlerden Dolay\u0131 \u0130stedi\u011finiz \u00fcr\u00fcn\u00fcn stokta kalmamas\u0131 durumunda sipari\u015finiz iptal edilip \u00dccretiniz iade edilecek ve konu hakk\u0131nda size bilgi verilecektir.<\/strong><\/p>\n<p>Son G\u00fcncellenme Tarihi :11-11-2025 00:30<\/p>\n<p>&nbsp;<\/p>\n","protected":false},"excerpt":{"rendered":"<p>TSC RE310 Thermal 203 dpi MOB&#x130;L F&#x130;&#x15E; YAZICI BT &#8211; Stok Kodu:38662 -GUN38662 &#8211; Barkod Yaz&#x131;c&#x131;lar. Son G\u00fcncellenme Tarihi :11-11-2025 00:30<\/p>\n","protected":false},"featured_media":0,"template":"","meta":{"_monsterinsights_skip_tracking":false,"_monsterinsights_sitenote_active":false,"_monsterinsights_sitenote_note":"","_monsterinsights_sitenote_category":0,"_joinchat":[]},"product_brand":[192],"product_cat":[155],"product_tag":[127,128,129,130,131,132,133,134,135,136,137,138,139,140,141,142,143,144,145],"class_list":{"0":"post-23562","1":"product","2":"type-product","3":"status-publish","5":"product_brand-tsc","6":"product_cat-barkod-yazc","7":"product_tag-anakart","8":"product_tag-bilgisayar","9":"product_tag-bilgisayar-bilesenleri","10":"product_tag-bilgisayar-parcalari","11":"product_tag-dizustu-bilgisayar","12":"product_tag-ekran-karti","13":"product_tag-gaming-bilgisayar","14":"product_tag-gaming-laptop","15":"product_tag-gaming-monitor","16":"product_tag-gaming-mouse","17":"product_tag-guc-kaynagi-psu","18":"product_tag-islemci-cpu","19":"product_tag-klavye","20":"product_tag-laptop","21":"product_tag-masaustu-bilgisayar","22":"product_tag-mekanik-klavye","23":"product_tag-monitor","24":"product_tag-oyun-bilgisayari","25":"product_tag-ssd","26":"pa_marka-tsc","28":"first","29":"outofstock","30":"sale","31":"purchasable","32":"product-type-simple"},"aioseo_notices":[],"_links":{"self":[{"href":"https:\/\/www.a8bilisim.com\/index.php\/wp-json\/wp\/v2\/product\/23562","targetHints":{"allow":["GET"]}}],"collection":[{"href":"https:\/\/www.a8bilisim.com\/index.php\/wp-json\/wp\/v2\/product"}],"about":[{"href":"https:\/\/www.a8bilisim.com\/index.php\/wp-json\/wp\/v2\/types\/product"}],"version-history":[{"count":38,"href":"https:\/\/www.a8bilisim.com\/index.php\/wp-json\/wp\/v2\/product\/23562\/revisions"}],"predecessor-version":[{"id":200224,"href":"https:\/\/www.a8bilisim.com\/index.php\/wp-json\/wp\/v2\/product\/23562\/revisions\/200224"}],"wp:attachment":[{"href":"https:\/\/www.a8bilisim.com\/index.php\/wp-json\/wp\/v2\/media?parent=23562"}],"wp:term":[{"taxonomy":"product_brand","embeddable":true,"href":"https:\/\/www.a8bilisim.com\/index.php\/wp-json\/wp\/v2\/product_brand?post=23562"},{"taxonomy":"product_cat","embeddable":true,"href":"https:\/\/www.a8bilisim.com\/index.php\/wp-json\/wp\/v2\/product_cat?post=23562"},{"taxonomy":"product_tag","embeddable":true,"href":"https:\/\/www.a8bilisim.com\/index.php\/wp-json\/wp\/v2\/product_tag?post=23562"}],"curies":[{"name":"wp","href":"https:\/\/api.w.org\/{rel}","templated":true}]}}