{"id":23588,"date":"2025-09-30T15:43:09","date_gmt":"2025-09-30T12:43:09","guid":{"rendered":"http:\/\/20.124.82.17\/wordpress\/index.php\/urun\/tscan-ts-20-kablolu-karekod-1d-2d-ayakl-barkod-okuyucu-35879-gun35879\/"},"modified":"2025-10-15T08:36:20","modified_gmt":"2025-10-15T05:36:20","slug":"tscan-ts-20-kablolu-karekod-1d-2d-ayakl-barkod-okuyucu-35879-gun35879","status":"publish","type":"product","link":"https:\/\/www.a8bilisim.com\/index.php\/urun\/tscan-ts-20-kablolu-karekod-1d-2d-ayakl-barkod-okuyucu-35879-gun35879\/","title":{"rendered":"TSCAN TS-20 Kablolu Karekod 1D\/2D Ayakl&#x131; Barkod Okuyucu \/ 35879-GUN35879"},"content":{"rendered":"<p>\u00dcr\u00fcn Ad\u0131: TSCAN TS-20 Kablolu Karekod 1D\/2D Ayakl&#x131; Barkod Okuyucu<\/p>\n<p>Stok No: GUN35879<\/p>\n<p>Stok Kodu:35879<\/p>\n<p>Kategori Ad\u0131: Barkod Okuyucular<\/p>\n<p>Marka:\u00a0 TSCAN<\/p>\n<p>EAN Kodu: <\/p>\n<p><strong>Stoklar\u0131m\u0131zdaki Anl\u0131k De\u011fi\u015fimlerden Dolay\u0131 \u0130stedi\u011finiz \u00fcr\u00fcn\u00fcn stokta kalmamas\u0131 durumunda sipari\u015finiz iptal edilip \u00dccretiniz iade edilecek ve konu hakk\u0131nda size bilgi verilecektir.<\/strong><\/p>\n<p>Son G\u00fcncellenme Tarihi :15-10-2025 00:30<\/p>\n<p>&nbsp;<\/p>\n","protected":false},"excerpt":{"rendered":"<p>TSCAN TS-20 Kablolu Karekod 1D\/2D Ayakl&#x131; Barkod Okuyucu &#8211; Stok Kodu:35879 -GUN35879 &#8211; Barkod Okuyucular. Son G\u00fcncellenme Tarihi :15-10-2025 00:30<\/p>\n","protected":false},"featured_media":23590,"template":"","meta":{"_monsterinsights_skip_tracking":false,"_monsterinsights_sitenote_active":false,"_monsterinsights_sitenote_note":"","_monsterinsights_sitenote_category":0,"_joinchat":[]},"product_brand":[484],"product_cat":[197],"product_tag":[127,128,129,130,131,132,133,134,135,136,137,138,139,140,141,142,143,144,145],"class_list":{"0":"post-23588","1":"product","2":"type-product","3":"status-publish","4":"has-post-thumbnail","6":"product_brand-tscan","7":"product_cat-barkod-okuyucu","8":"product_tag-anakart","9":"product_tag-bilgisayar","10":"product_tag-bilgisayar-bilesenleri","11":"product_tag-bilgisayar-parcalari","12":"product_tag-dizustu-bilgisayar","13":"product_tag-ekran-karti","14":"product_tag-gaming-bilgisayar","15":"product_tag-gaming-laptop","16":"product_tag-gaming-monitor","17":"product_tag-gaming-mouse","18":"product_tag-guc-kaynagi-psu","19":"product_tag-islemci-cpu","20":"product_tag-klavye","21":"product_tag-laptop","22":"product_tag-masaustu-bilgisayar","23":"product_tag-mekanik-klavye","24":"product_tag-monitor","25":"product_tag-oyun-bilgisayari","26":"product_tag-ssd","27":"pa_marka-tscan","29":"first","30":"outofstock","31":"sale","32":"purchasable","33":"product-type-simple"},"aioseo_notices":[],"_links":{"self":[{"href":"https:\/\/www.a8bilisim.com\/index.php\/wp-json\/wp\/v2\/product\/23588","targetHints":{"allow":["GET"]}}],"collection":[{"href":"https:\/\/www.a8bilisim.com\/index.php\/wp-json\/wp\/v2\/product"}],"about":[{"href":"https:\/\/www.a8bilisim.com\/index.php\/wp-json\/wp\/v2\/types\/product"}],"version-history":[{"count":15,"href":"https:\/\/www.a8bilisim.com\/index.php\/wp-json\/wp\/v2\/product\/23588\/revisions"}],"predecessor-version":[{"id":96152,"href":"https:\/\/www.a8bilisim.com\/index.php\/wp-json\/wp\/v2\/product\/23588\/revisions\/96152"}],"wp:featuredmedia":[{"embeddable":true,"href":"https:\/\/www.a8bilisim.com\/index.php\/wp-json\/wp\/v2\/media\/23590"}],"wp:attachment":[{"href":"https:\/\/www.a8bilisim.com\/index.php\/wp-json\/wp\/v2\/media?parent=23588"}],"wp:term":[{"taxonomy":"product_brand","embeddable":true,"href":"https:\/\/www.a8bilisim.com\/index.php\/wp-json\/wp\/v2\/product_brand?post=23588"},{"taxonomy":"product_cat","embeddable":true,"href":"https:\/\/www.a8bilisim.com\/index.php\/wp-json\/wp\/v2\/product_cat?post=23588"},{"taxonomy":"product_tag","embeddable":true,"href":"https:\/\/www.a8bilisim.com\/index.php\/wp-json\/wp\/v2\/product_tag?post=23588"}],"curies":[{"name":"wp","href":"https:\/\/api.w.org\/{rel}","templated":true}]}}