{"id":23863,"date":"2025-09-30T15:47:47","date_gmt":"2025-09-30T12:47:47","guid":{"rendered":"http:\/\/20.124.82.17\/wordpress\/index.php\/urun\/asonic-as-xhd15-hdmi-to-hdmi-1-5m-sinema-4k-40962160-grnt-ve-ses-aktarc-as-xhd15-kar55773\/"},"modified":"2025-11-18T08:32:03","modified_gmt":"2025-11-18T05:32:03","slug":"asonic-as-xhd15-hdmi-to-hdmi-1-5m-sinema-4k-40962160-grnt-ve-ses-aktarc-as-xhd15-kar55773","status":"publish","type":"product","link":"https:\/\/www.a8bilisim.com\/index.php\/urun\/asonic-as-xhd15-hdmi-to-hdmi-1-5m-sinema-4k-40962160-grnt-ve-ses-aktarc-as-xhd15-kar55773\/","title":{"rendered":"Asonic AS-XHD15 HDMI TO HDMI 1.5m Sinema 4K (4096*2160) G&#xF6;r&#xFC;nt&#xFC; ve Ses Aktar&#x131;c&#x131; \/ AS-XHD15-KAR55773"},"content":{"rendered":"<p>\u00dcr\u00fcn Ad\u0131: Asonic AS-XHD15 HDMI TO HDMI 1.5m Sinema 4K (4096*2160) G&#xF6;r&#xFC;nt&#xFC; ve Ses Aktar&#x131;c&#x131;<\/p>\n<p>Stok No: KAR55773<\/p>\n<p>Stok Kodu:AS-XHD15<\/p>\n<p>Kategori Ad\u0131: HDMI, DVI, VGA,DP Kablolar<\/p>\n<p>Marka:\u00a0 ASON&#x130;C<\/p>\n<p>EAN Kodu: 8680096098048<\/p>\n<p><strong>Stoklar\u0131m\u0131zdaki Anl\u0131k De\u011fi\u015fimlerden Dolay\u0131 \u0130stedi\u011finiz \u00fcr\u00fcn\u00fcn stokta kalmamas\u0131 durumunda sipari\u015finiz iptal edilip \u00dccretiniz iade edilecek ve konu hakk\u0131nda size bilgi verilecektir.<\/strong><\/p>\n<p>Son G\u00fcncellenme Tarihi :18-11-2025 00:36<\/p>\n<p>&nbsp;<\/p>\n","protected":false},"excerpt":{"rendered":"<p>Asonic AS-XHD15 HDMI TO HDMI 1.5m Sinema 4K (4096*2160) G&#xF6;r&#xFC;nt&#xFC; ve Ses Aktar&#x131;c&#x131; &#8211; Stok Kodu:AS-XHD15 -KAR55773 &#8211; HDMI, DVI, VGA,DP Kablolar. Son G\u00fcncellenme Tarihi :18-11-2025 00:36<\/p>\n","protected":false},"featured_media":23865,"template":"","meta":{"_monsterinsights_skip_tracking":false,"_monsterinsights_sitenote_active":false,"_monsterinsights_sitenote_note":"","_monsterinsights_sitenote_category":0,"_joinchat":[]},"product_brand":[537],"product_cat":[162],"product_tag":[127,128,129,130,131,132,133,134,135,136,137,138,139,140,141,142,143,144,145],"class_list":{"0":"post-23863","1":"product","2":"type-product","3":"status-publish","4":"has-post-thumbnail","6":"product_brand-asonc","7":"product_cat-kablo","8":"product_tag-anakart","9":"product_tag-bilgisayar","10":"product_tag-bilgisayar-bilesenleri","11":"product_tag-bilgisayar-parcalari","12":"product_tag-dizustu-bilgisayar","13":"product_tag-ekran-karti","14":"product_tag-gaming-bilgisayar","15":"product_tag-gaming-laptop","16":"product_tag-gaming-monitor","17":"product_tag-gaming-mouse","18":"product_tag-guc-kaynagi-psu","19":"product_tag-islemci-cpu","20":"product_tag-klavye","21":"product_tag-laptop","22":"product_tag-masaustu-bilgisayar","23":"product_tag-mekanik-klavye","24":"product_tag-monitor","25":"product_tag-oyun-bilgisayari","26":"product_tag-ssd","27":"pa_marka-asonc","29":"first","30":"outofstock","31":"sale","32":"purchasable","33":"product-type-simple"},"aioseo_notices":[],"_links":{"self":[{"href":"https:\/\/www.a8bilisim.com\/index.php\/wp-json\/wp\/v2\/product\/23863","targetHints":{"allow":["GET"]}}],"collection":[{"href":"https:\/\/www.a8bilisim.com\/index.php\/wp-json\/wp\/v2\/product"}],"about":[{"href":"https:\/\/www.a8bilisim.com\/index.php\/wp-json\/wp\/v2\/types\/product"}],"version-history":[{"count":48,"href":"https:\/\/www.a8bilisim.com\/index.php\/wp-json\/wp\/v2\/product\/23863\/revisions"}],"predecessor-version":[{"id":229977,"href":"https:\/\/www.a8bilisim.com\/index.php\/wp-json\/wp\/v2\/product\/23863\/revisions\/229977"}],"wp:featuredmedia":[{"embeddable":true,"href":"https:\/\/www.a8bilisim.com\/index.php\/wp-json\/wp\/v2\/media\/23865"}],"wp:attachment":[{"href":"https:\/\/www.a8bilisim.com\/index.php\/wp-json\/wp\/v2\/media?parent=23863"}],"wp:term":[{"taxonomy":"product_brand","embeddable":true,"href":"https:\/\/www.a8bilisim.com\/index.php\/wp-json\/wp\/v2\/product_brand?post=23863"},{"taxonomy":"product_cat","embeddable":true,"href":"https:\/\/www.a8bilisim.com\/index.php\/wp-json\/wp\/v2\/product_cat?post=23863"},{"taxonomy":"product_tag","embeddable":true,"href":"https:\/\/www.a8bilisim.com\/index.php\/wp-json\/wp\/v2\/product_tag?post=23863"}],"curies":[{"name":"wp","href":"https:\/\/api.w.org\/{rel}","templated":true}]}}