{"id":23878,"date":"2025-09-30T15:47:47","date_gmt":"2025-09-30T12:47:47","guid":{"rendered":"http:\/\/20.124.82.17\/wordpress\/index.php\/urun\/seagate-6tb-3-5-7200rpm-256mb-sata3-ironwolf-5-yl-garantili-st6000nt001-bbi-isl-dep-35g-0026-ivt45887\/"},"modified":"2026-04-30T06:14:26","modified_gmt":"2026-04-30T03:14:26","slug":"seagate-6tb-3-5-7200rpm-256mb-sata3-ironwolf-5-yl-garantili-st6000nt001-bbi-isl-dep-35g-0026-ivt45887","status":"publish","type":"product","link":"https:\/\/www.a8bilisim.com\/index.php\/urun\/seagate-6tb-3-5-7200rpm-256mb-sata3-ironwolf-5-yl-garantili-st6000nt001-bbi-isl-dep-35g-0026-ivt45887\/","title":{"rendered":"Seagate 6TB 3.5&#8243; 7200Rpm 256MB SATA3 Ironwolf ( 5 Y&#x131;l Garantili ) (ST6000NT001) \/ Bbi.Isl.Dep.35g.0026-IVT45887"},"content":{"rendered":"<p>\u00dcr\u00fcn Ad\u0131: Seagate 6TB 3.5&#8243; 7200Rpm 256MB SATA3 Ironwolf ( 5 Y&#x131;l Garantili ) (ST6000NT001)<\/p>\n<p><span dir=\"auto\" style=\"vertical-align: inherit;\"><span dir=\"auto\" style=\"vertical-align: inherit;\">Stok No: IVT45887<\/span><\/span><\/p>\n<p>Stok Kodu:Bbi.Isl.Dep.35g.0026<\/p>\n<p>Kategori Ad\u0131: 3.5 Disk (G&#xFC;venlik)<\/p>\n<p><span dir=\"auto\" style=\"vertical-align: inherit;\"><span dir=\"auto\" style=\"vertical-align: inherit;\">EAN Kodu: <\/span><\/span><\/p>\n<p><strong>Stoklar\u0131m\u0131zdaki Anl\u0131k De\u011fi\u015fimlerden Dolay\u0131 \u0130stedi\u011finiz \u00fcr\u00fcn\u00fcn stokta kalmamas\u0131 durumunda sipari\u015finiz iptal edilip \u00dccretiniz iade edilecek ve konu hakk\u0131nda size bilgi verilecektir.<\/strong><\/p>\n<p>Son G\u00fcncellenme Tarihi :30-04-2026 02:37<\/p>\n<p>&nbsp;<\/p>\n","protected":false},"excerpt":{"rendered":"<p>Seagate 6TB 3.5&#8243; 7200Rpm 256MB SATA3 Ironwolf ( 5 Y&#x131;l Garantili ) (ST6000NT001) &#8211; Stok Kodu:Bbi.Isl.Dep.35g.0026 -IVT45887 &#8211; 3.5 Disk (G&#xFC;venlik). Son G\u00fcncellenme Tarihi :30-04-2026 02:37<\/p>\n","protected":false},"featured_media":23880,"template":"","meta":{"_monsterinsights_skip_tracking":false,"_monsterinsights_sitenote_active":false,"_monsterinsights_sitenote_note":"","_monsterinsights_sitenote_category":0,"_joinchat":[]},"product_brand":[270],"product_cat":[176],"product_tag":[127,128,129,130,131,132,133,134,135,136,137,138,139,140,141,142,143,144,145],"class_list":{"0":"post-23878","1":"product","2":"type-product","3":"status-publish","4":"has-post-thumbnail","6":"product_brand-seagate","7":"product_cat-nas-aksamlar","8":"product_tag-anakart","9":"product_tag-bilgisayar","10":"product_tag-bilgisayar-bilesenleri","11":"product_tag-bilgisayar-parcalari","12":"product_tag-dizustu-bilgisayar","13":"product_tag-ekran-karti","14":"product_tag-gaming-bilgisayar","15":"product_tag-gaming-laptop","16":"product_tag-gaming-monitor","17":"product_tag-gaming-mouse","18":"product_tag-guc-kaynagi-psu","19":"product_tag-islemci-cpu","20":"product_tag-klavye","21":"product_tag-laptop","22":"product_tag-masaustu-bilgisayar","23":"product_tag-mekanik-klavye","24":"product_tag-monitor","25":"product_tag-oyun-bilgisayari","26":"product_tag-ssd","27":"pa_marka-seagate","29":"first","30":"instock","31":"sale","32":"purchasable","33":"product-type-simple"},"aioseo_notices":[],"_links":{"self":[{"href":"https:\/\/www.a8bilisim.com\/index.php\/wp-json\/wp\/v2\/product\/23878","targetHints":{"allow":["GET"]}}],"collection":[{"href":"https:\/\/www.a8bilisim.com\/index.php\/wp-json\/wp\/v2\/product"}],"about":[{"href":"https:\/\/www.a8bilisim.com\/index.php\/wp-json\/wp\/v2\/types\/product"}],"version-history":[{"count":208,"href":"https:\/\/www.a8bilisim.com\/index.php\/wp-json\/wp\/v2\/product\/23878\/revisions"}],"predecessor-version":[{"id":719611,"href":"https:\/\/www.a8bilisim.com\/index.php\/wp-json\/wp\/v2\/product\/23878\/revisions\/719611"}],"wp:featuredmedia":[{"embeddable":true,"href":"https:\/\/www.a8bilisim.com\/index.php\/wp-json\/wp\/v2\/media\/23880"}],"wp:attachment":[{"href":"https:\/\/www.a8bilisim.com\/index.php\/wp-json\/wp\/v2\/media?parent=23878"}],"wp:term":[{"taxonomy":"product_brand","embeddable":true,"href":"https:\/\/www.a8bilisim.com\/index.php\/wp-json\/wp\/v2\/product_brand?post=23878"},{"taxonomy":"product_cat","embeddable":true,"href":"https:\/\/www.a8bilisim.com\/index.php\/wp-json\/wp\/v2\/product_cat?post=23878"},{"taxonomy":"product_tag","embeddable":true,"href":"https:\/\/www.a8bilisim.com\/index.php\/wp-json\/wp\/v2\/product_tag?post=23878"}],"curies":[{"name":"wp","href":"https:\/\/api.w.org\/{rel}","templated":true}]}}