{"id":27657,"date":"2025-10-01T08:04:02","date_gmt":"2025-10-01T05:04:02","guid":{"rendered":"http:\/\/20.124.82.17\/wordpress\/index.php\/urun\/msi-12gb-geforce-rtx-4070-super-12g-ventus-2x-oc-gddr6x-192bit-hdmi-3xdp-dlss3-rtx-4070-super-12g-ventu-akn47245\/"},"modified":"2025-12-02T07:48:26","modified_gmt":"2025-12-02T04:48:26","slug":"msi-12gb-geforce-rtx-4070-super-12g-ventus-2x-oc-gddr6x-192bit-hdmi-3xdp-dlss3-rtx-4070-super-12g-ventu-akn47245","status":"publish","type":"product","link":"https:\/\/www.a8bilisim.com\/index.php\/urun\/msi-12gb-geforce-rtx-4070-super-12g-ventus-2x-oc-gddr6x-192bit-hdmi-3xdp-dlss3-rtx-4070-super-12g-ventu-akn47245\/","title":{"rendered":"MSI 12GB GEFORCE RTX 4070 SUPER 12G VENTUS 2X OC GDDR6X 192Bit HDMI 3xDP DLSS3 \/ RTX 4070 SUPER 12G VENTU-AKN47245"},"content":{"rendered":"<p>\u00dcr\u00fcn Ad\u0131: MSI 12GB GEFORCE RTX 4070 SUPER 12G VENTUS 2X OC GDDR6X 192Bit HDMI 3xDP DLSS3<\/p>\n<p>Stok No: AKN47245<\/p>\n<p>Stok Kodu:RTX 4070 SUPER 12G VENTU<\/p>\n<p>Kategori Ad\u0131: Ekran Kart&#x131; Nvidia<\/p>\n<p>Marka:\u00a0 MSI<\/p>\n<p>EAN Kodu: <\/p>\n<p><strong>Stoklar\u0131m\u0131zdaki Anl\u0131k De\u011fi\u015fimlerden Dolay\u0131 \u0130stedi\u011finiz \u00fcr\u00fcn\u00fcn stokta kalmamas\u0131 durumunda sipari\u015finiz iptal edilip \u00dccretiniz iade edilecek ve konu hakk\u0131nda size bilgi verilecektir.<\/strong><\/p>\n<p>Son G\u00fcncellenme Tarihi :02-12-2025 00:32<\/p>\n<p>&nbsp;<\/p>\n","protected":false},"excerpt":{"rendered":"<p>MSI 12GB GEFORCE RTX 4070 SUPER 12G VENTUS 2X OC GDDR6X 192Bit HDMI 3xDP DLSS3 &#8211; Stok Kodu:RTX 4070 SUPER 12G VENTU -AKN47245 &#8211; Ekran Kart&#x131; Nvidia. Son G\u00fcncellenme Tarihi :02-12-2025 00:32<\/p>\n","protected":false},"featured_media":27659,"template":"","meta":{"_monsterinsights_skip_tracking":false,"_monsterinsights_sitenote_active":false,"_monsterinsights_sitenote_note":"","_monsterinsights_sitenote_category":0,"_joinchat":[]},"product_brand":[236],"product_cat":[237],"product_tag":[127,128,129,130,131,132,133,134,135,136,137,138,139,140,141,142,143,144,145],"class_list":{"0":"post-27657","1":"product","2":"type-product","3":"status-publish","4":"has-post-thumbnail","6":"product_brand-msi","7":"product_cat-ekran-kartlar","8":"product_tag-anakart","9":"product_tag-bilgisayar","10":"product_tag-bilgisayar-bilesenleri","11":"product_tag-bilgisayar-parcalari","12":"product_tag-dizustu-bilgisayar","13":"product_tag-ekran-karti","14":"product_tag-gaming-bilgisayar","15":"product_tag-gaming-laptop","16":"product_tag-gaming-monitor","17":"product_tag-gaming-mouse","18":"product_tag-guc-kaynagi-psu","19":"product_tag-islemci-cpu","20":"product_tag-klavye","21":"product_tag-laptop","22":"product_tag-masaustu-bilgisayar","23":"product_tag-mekanik-klavye","24":"product_tag-monitor","25":"product_tag-oyun-bilgisayari","26":"product_tag-ssd","27":"pa_marka-msi","29":"first","30":"outofstock","31":"purchasable","32":"product-type-simple"},"aioseo_notices":[],"_links":{"self":[{"href":"https:\/\/www.a8bilisim.com\/index.php\/wp-json\/wp\/v2\/product\/27657","targetHints":{"allow":["GET"]}}],"collection":[{"href":"https:\/\/www.a8bilisim.com\/index.php\/wp-json\/wp\/v2\/product"}],"about":[{"href":"https:\/\/www.a8bilisim.com\/index.php\/wp-json\/wp\/v2\/types\/product"}],"version-history":[{"count":23,"href":"https:\/\/www.a8bilisim.com\/index.php\/wp-json\/wp\/v2\/product\/27657\/revisions"}],"predecessor-version":[{"id":288006,"href":"https:\/\/www.a8bilisim.com\/index.php\/wp-json\/wp\/v2\/product\/27657\/revisions\/288006"}],"wp:featuredmedia":[{"embeddable":true,"href":"https:\/\/www.a8bilisim.com\/index.php\/wp-json\/wp\/v2\/media\/27659"}],"wp:attachment":[{"href":"https:\/\/www.a8bilisim.com\/index.php\/wp-json\/wp\/v2\/media?parent=27657"}],"wp:term":[{"taxonomy":"product_brand","embeddable":true,"href":"https:\/\/www.a8bilisim.com\/index.php\/wp-json\/wp\/v2\/product_brand?post=27657"},{"taxonomy":"product_cat","embeddable":true,"href":"https:\/\/www.a8bilisim.com\/index.php\/wp-json\/wp\/v2\/product_cat?post=27657"},{"taxonomy":"product_tag","embeddable":true,"href":"https:\/\/www.a8bilisim.com\/index.php\/wp-json\/wp\/v2\/product_tag?post=27657"}],"curies":[{"name":"wp","href":"https:\/\/api.w.org\/{rel}","templated":true}]}}