{"id":27828,"date":"2025-10-01T08:08:03","date_gmt":"2025-10-01T05:08:03","guid":{"rendered":"http:\/\/20.124.82.17\/wordpress\/index.php\/urun\/msi-katana-a17-ai-b8ve-854xtr-r7-8845hs-16gb-512gb-ssd-17-3-6gb-rtx4050-fdos-katana-a17-ai-b8ve-854xt-akn47395\/"},"modified":"2025-12-02T07:50:55","modified_gmt":"2025-12-02T04:50:55","slug":"msi-katana-a17-ai-b8ve-854xtr-r7-8845hs-16gb-512gb-ssd-17-3-6gb-rtx4050-fdos-katana-a17-ai-b8ve-854xt-akn47395","status":"publish","type":"product","link":"https:\/\/www.a8bilisim.com\/index.php\/urun\/msi-katana-a17-ai-b8ve-854xtr-r7-8845hs-16gb-512gb-ssd-17-3-6gb-rtx4050-fdos-katana-a17-ai-b8ve-854xt-akn47395\/","title":{"rendered":"MSI KATANA A17 AI B8VE-854XTR [R7-8845HS] 16GB 512GB SSD 17.3&#8243; 6GB RTX4050 FDos \/ KATANA A17 AI B8VE-854XT-AKN47395"},"content":{"rendered":"<p>\u00dcr\u00fcn Ad\u0131: MSI KATANA A17 AI B8VE-854XTR [R7-8845HS] 16GB 512GB SSD 17.3&#8243; 6GB RTX4050 FDos<\/p>\n<p>Stok No: AKN47395<\/p>\n<p>Stok Kodu:KATANA A17 AI B8VE-854XT<\/p>\n<p>Kategori Ad\u0131: Notebooklar<\/p>\n<p>Marka:\u00a0 MSI<\/p>\n<p>EAN Kodu: <\/p>\n<p><strong>Stoklar\u0131m\u0131zdaki Anl\u0131k De\u011fi\u015fimlerden Dolay\u0131 \u0130stedi\u011finiz \u00fcr\u00fcn\u00fcn stokta kalmamas\u0131 durumunda sipari\u015finiz iptal edilip \u00dccretiniz iade edilecek ve konu hakk\u0131nda size bilgi verilecektir.<\/strong><\/p>\n<p>Son G\u00fcncellenme Tarihi :02-12-2025 00:32<\/p>\n<p>&nbsp;<\/p>\n","protected":false},"excerpt":{"rendered":"<p>MSI KATANA A17 AI B8VE-854XTR [R7-8845HS] 16GB 512GB SSD 17.3&#8243; 6GB RTX4050 FDos &#8211; Stok Kodu:KATANA A17 AI B8VE-854XT -AKN47395 &#8211; Notebooklar. Son G\u00fcncellenme Tarihi :02-12-2025 00:32<\/p>\n","protected":false},"featured_media":27830,"template":"","meta":{"_monsterinsights_skip_tracking":false,"_monsterinsights_sitenote_active":false,"_monsterinsights_sitenote_note":"","_monsterinsights_sitenote_category":0,"_joinchat":[]},"product_brand":[236],"product_cat":[290],"product_tag":[127,128,129,130,131,132,133,134,135,136,137,138,139,140,141,142,143,144,145],"class_list":{"0":"post-27828","1":"product","2":"type-product","3":"status-publish","4":"has-post-thumbnail","6":"product_brand-msi","7":"product_cat-notebook","8":"product_tag-anakart","9":"product_tag-bilgisayar","10":"product_tag-bilgisayar-bilesenleri","11":"product_tag-bilgisayar-parcalari","12":"product_tag-dizustu-bilgisayar","13":"product_tag-ekran-karti","14":"product_tag-gaming-bilgisayar","15":"product_tag-gaming-laptop","16":"product_tag-gaming-monitor","17":"product_tag-gaming-mouse","18":"product_tag-guc-kaynagi-psu","19":"product_tag-islemci-cpu","20":"product_tag-klavye","21":"product_tag-laptop","22":"product_tag-masaustu-bilgisayar","23":"product_tag-mekanik-klavye","24":"product_tag-monitor","25":"product_tag-oyun-bilgisayari","26":"product_tag-ssd","27":"pa_marka-msi","29":"first","30":"outofstock","31":"purchasable","32":"product-type-simple"},"aioseo_notices":[],"_links":{"self":[{"href":"https:\/\/www.a8bilisim.com\/index.php\/wp-json\/wp\/v2\/product\/27828","targetHints":{"allow":["GET"]}}],"collection":[{"href":"https:\/\/www.a8bilisim.com\/index.php\/wp-json\/wp\/v2\/product"}],"about":[{"href":"https:\/\/www.a8bilisim.com\/index.php\/wp-json\/wp\/v2\/types\/product"}],"version-history":[{"count":13,"href":"https:\/\/www.a8bilisim.com\/index.php\/wp-json\/wp\/v2\/product\/27828\/revisions"}],"predecessor-version":[{"id":288062,"href":"https:\/\/www.a8bilisim.com\/index.php\/wp-json\/wp\/v2\/product\/27828\/revisions\/288062"}],"wp:featuredmedia":[{"embeddable":true,"href":"https:\/\/www.a8bilisim.com\/index.php\/wp-json\/wp\/v2\/media\/27830"}],"wp:attachment":[{"href":"https:\/\/www.a8bilisim.com\/index.php\/wp-json\/wp\/v2\/media?parent=27828"}],"wp:term":[{"taxonomy":"product_brand","embeddable":true,"href":"https:\/\/www.a8bilisim.com\/index.php\/wp-json\/wp\/v2\/product_brand?post=27828"},{"taxonomy":"product_cat","embeddable":true,"href":"https:\/\/www.a8bilisim.com\/index.php\/wp-json\/wp\/v2\/product_cat?post=27828"},{"taxonomy":"product_tag","embeddable":true,"href":"https:\/\/www.a8bilisim.com\/index.php\/wp-json\/wp\/v2\/product_tag?post=27828"}],"curies":[{"name":"wp","href":"https:\/\/api.w.org\/{rel}","templated":true}]}}