{"id":27969,"date":"2025-10-01T08:10:02","date_gmt":"2025-10-01T05:10:02","guid":{"rendered":"http:\/\/20.124.82.17\/wordpress\/index.php\/urun\/samsung-16gb-5600mhz-ddr5-kutulu-pc-bellek-m32r2ga3db0-cwm-m32r2ga3db0-cwm-akn47478\/"},"modified":"2025-11-25T07:54:53","modified_gmt":"2025-11-25T04:54:53","slug":"samsung-16gb-5600mhz-ddr5-kutulu-pc-bellek-m32r2ga3db0-cwm-m32r2ga3db0-cwm-akn47478","status":"publish","type":"product","link":"https:\/\/www.a8bilisim.com\/index.php\/urun\/samsung-16gb-5600mhz-ddr5-kutulu-pc-bellek-m32r2ga3db0-cwm-m32r2ga3db0-cwm-akn47478\/","title":{"rendered":"Samsung 16GB 5600Mhz DDR5 Kutulu PC Bellek (M32R2GA3DB0&#8211;CWM \/ M32R2GA3DB0&#8211;CWM-AKN47478"},"content":{"rendered":"<p>\u00dcr\u00fcn Ad\u0131: Samsung 16GB 5600Mhz DDR5 Kutulu PC Bellek (M32R2GA3DB0&#8211;CWM<\/p>\n<p>Stok No: AKN47478<\/p>\n<p>Stok Kodu:M32R2GA3DB0&#8211;CWM<\/p>\n<p>Kategori Ad\u0131: Bellek PC<\/p>\n<p>Marka:\u00a0 SAMSUNG<\/p>\n<p>EAN Kodu: <\/p>\n<p><strong>Stoklar\u0131m\u0131zdaki Anl\u0131k De\u011fi\u015fimlerden Dolay\u0131 \u0130stedi\u011finiz \u00fcr\u00fcn\u00fcn stokta kalmamas\u0131 durumunda sipari\u015finiz iptal edilip \u00dccretiniz iade edilecek ve konu hakk\u0131nda size bilgi verilecektir.<\/strong><\/p>\n<p>Son G\u00fcncellenme Tarihi :25-11-2025 00:35<\/p>\n<p>&nbsp;<\/p>\n","protected":false},"excerpt":{"rendered":"<p>Samsung 16GB 5600Mhz DDR5 Kutulu PC Bellek (M32R2GA3DB0&#8211;CWM &#8211; Stok Kodu:M32R2GA3DB0&#8211;CWM -AKN47478 &#8211; Bellek PC. Son G\u00fcncellenme Tarihi :25-11-2025 00:35<\/p>\n","protected":false},"featured_media":27971,"template":"","meta":{"_monsterinsights_skip_tracking":false,"_monsterinsights_sitenote_active":false,"_monsterinsights_sitenote_note":"","_monsterinsights_sitenote_category":0,"_joinchat":[]},"product_brand":[288],"product_cat":[204],"product_tag":[127,128,129,130,131,132,133,134,135,136,137,138,139,140,141,142,143,144,145],"class_list":{"0":"post-27969","1":"product","2":"type-product","3":"status-publish","4":"has-post-thumbnail","6":"product_brand-samsung","7":"product_cat-bellek","8":"product_tag-anakart","9":"product_tag-bilgisayar","10":"product_tag-bilgisayar-bilesenleri","11":"product_tag-bilgisayar-parcalari","12":"product_tag-dizustu-bilgisayar","13":"product_tag-ekran-karti","14":"product_tag-gaming-bilgisayar","15":"product_tag-gaming-laptop","16":"product_tag-gaming-monitor","17":"product_tag-gaming-mouse","18":"product_tag-guc-kaynagi-psu","19":"product_tag-islemci-cpu","20":"product_tag-klavye","21":"product_tag-laptop","22":"product_tag-masaustu-bilgisayar","23":"product_tag-mekanik-klavye","24":"product_tag-monitor","25":"product_tag-oyun-bilgisayari","26":"product_tag-ssd","27":"pa_marka-samsung","29":"first","30":"outofstock","31":"sale","32":"purchasable","33":"product-type-simple"},"aioseo_notices":[],"_links":{"self":[{"href":"https:\/\/www.a8bilisim.com\/index.php\/wp-json\/wp\/v2\/product\/27969","targetHints":{"allow":["GET"]}}],"collection":[{"href":"https:\/\/www.a8bilisim.com\/index.php\/wp-json\/wp\/v2\/product"}],"about":[{"href":"https:\/\/www.a8bilisim.com\/index.php\/wp-json\/wp\/v2\/types\/product"}],"version-history":[{"count":10,"href":"https:\/\/www.a8bilisim.com\/index.php\/wp-json\/wp\/v2\/product\/27969\/revisions"}],"predecessor-version":[{"id":258880,"href":"https:\/\/www.a8bilisim.com\/index.php\/wp-json\/wp\/v2\/product\/27969\/revisions\/258880"}],"wp:featuredmedia":[{"embeddable":true,"href":"https:\/\/www.a8bilisim.com\/index.php\/wp-json\/wp\/v2\/media\/27971"}],"wp:attachment":[{"href":"https:\/\/www.a8bilisim.com\/index.php\/wp-json\/wp\/v2\/media?parent=27969"}],"wp:term":[{"taxonomy":"product_brand","embeddable":true,"href":"https:\/\/www.a8bilisim.com\/index.php\/wp-json\/wp\/v2\/product_brand?post=27969"},{"taxonomy":"product_cat","embeddable":true,"href":"https:\/\/www.a8bilisim.com\/index.php\/wp-json\/wp\/v2\/product_cat?post=27969"},{"taxonomy":"product_tag","embeddable":true,"href":"https:\/\/www.a8bilisim.com\/index.php\/wp-json\/wp\/v2\/product_tag?post=27969"}],"curies":[{"name":"wp","href":"https:\/\/api.w.org\/{rel}","templated":true}]}}