{"id":28086,"date":"2025-10-01T08:12:02","date_gmt":"2025-10-01T05:12:02","guid":{"rendered":"http:\/\/20.124.82.17\/wordpress\/index.php\/urun\/msi-sword-17-hx-b14vekg-053xtr-i7-14700hx-32gb-1tb-ssd-17-6gb-rtx4050-fdos-sword-17-hx-b14vekg-053x-akn47558\/"},"modified":"2026-04-30T06:12:28","modified_gmt":"2026-04-30T03:12:28","slug":"msi-sword-17-hx-b14vekg-053xtr-i7-14700hx-32gb-1tb-ssd-17-6gb-rtx4050-fdos-sword-17-hx-b14vekg-053x-akn47558","status":"publish","type":"product","link":"https:\/\/www.a8bilisim.com\/index.php\/urun\/msi-sword-17-hx-b14vekg-053xtr-i7-14700hx-32gb-1tb-ssd-17-6gb-rtx4050-fdos-sword-17-hx-b14vekg-053x-akn47558\/","title":{"rendered":"MSI SWORD 17 HX B14VEKG-053XTR [i7-14700HX] 32GB 1TB SSD 17&#8243; 6GB RTX4050 FDos \/ SWORD 17 HX B14VEKG-053X-AKN47558"},"content":{"rendered":"<p>\u00dcr\u00fcn Ad\u0131: MSI SWORD 17 HX B14VEKG-053XTR [i7-14700HX] 32GB 1TB SSD 17&#8243; 6GB RTX4050 FDos<\/p>\n<p><span dir=\"auto\" style=\"vertical-align: inherit;\"><span dir=\"auto\" style=\"vertical-align: inherit;\">Stok No: AKN47558<\/span><\/span><\/p>\n<p>Stok Kodu:SWORD 17 HX B14VEKG-053X<\/p>\n<p>Kategori Ad\u0131: Notebooklar<\/p>\n<p><span dir=\"auto\" style=\"vertical-align: inherit;\"><span dir=\"auto\" style=\"vertical-align: inherit;\">EAN Kodu: <\/span><\/span><\/p>\n<p><strong>Stoklar\u0131m\u0131zdaki Anl\u0131k De\u011fi\u015fimlerden Dolay\u0131 \u0130stedi\u011finiz \u00fcr\u00fcn\u00fcn stokta kalmamas\u0131 durumunda sipari\u015finiz iptal edilip \u00dccretiniz iade edilecek ve konu hakk\u0131nda size bilgi verilecektir.<\/strong><\/p>\n<p>Son G\u00fcncellenme Tarihi :30-04-2026 02:32<\/p>\n<p>&nbsp;<\/p>\n","protected":false},"excerpt":{"rendered":"<p>MSI SWORD 17 HX B14VEKG-053XTR [i7-14700HX] 32GB 1TB SSD 17&#8243; 6GB RTX4050 FDos &#8211; Stok Kodu:SWORD 17 HX B14VEKG-053X -AKN47558 &#8211; Notebooklar. Son G\u00fcncellenme Tarihi :30-04-2026 02:32<\/p>\n","protected":false},"featured_media":28088,"template":"","meta":{"_monsterinsights_skip_tracking":false,"_monsterinsights_sitenote_active":false,"_monsterinsights_sitenote_note":"","_monsterinsights_sitenote_category":0,"_joinchat":[]},"product_brand":[236],"product_cat":[290],"product_tag":[127,128,129,130,131,132,133,134,135,136,137,138,139,140,141,142,143,144,145],"class_list":{"0":"post-28086","1":"product","2":"type-product","3":"status-publish","4":"has-post-thumbnail","6":"product_brand-msi","7":"product_cat-notebook","8":"product_tag-anakart","9":"product_tag-bilgisayar","10":"product_tag-bilgisayar-bilesenleri","11":"product_tag-bilgisayar-parcalari","12":"product_tag-dizustu-bilgisayar","13":"product_tag-ekran-karti","14":"product_tag-gaming-bilgisayar","15":"product_tag-gaming-laptop","16":"product_tag-gaming-monitor","17":"product_tag-gaming-mouse","18":"product_tag-guc-kaynagi-psu","19":"product_tag-islemci-cpu","20":"product_tag-klavye","21":"product_tag-laptop","22":"product_tag-masaustu-bilgisayar","23":"product_tag-mekanik-klavye","24":"product_tag-monitor","25":"product_tag-oyun-bilgisayari","26":"product_tag-ssd","27":"pa_marka-msi","29":"first","30":"outofstock","31":"sale","32":"purchasable","33":"product-type-simple"},"aioseo_notices":[],"_links":{"self":[{"href":"https:\/\/www.a8bilisim.com\/index.php\/wp-json\/wp\/v2\/product\/28086","targetHints":{"allow":["GET"]}}],"collection":[{"href":"https:\/\/www.a8bilisim.com\/index.php\/wp-json\/wp\/v2\/product"}],"about":[{"href":"https:\/\/www.a8bilisim.com\/index.php\/wp-json\/wp\/v2\/types\/product"}],"version-history":[{"count":43,"href":"https:\/\/www.a8bilisim.com\/index.php\/wp-json\/wp\/v2\/product\/28086\/revisions"}],"predecessor-version":[{"id":719210,"href":"https:\/\/www.a8bilisim.com\/index.php\/wp-json\/wp\/v2\/product\/28086\/revisions\/719210"}],"wp:featuredmedia":[{"embeddable":true,"href":"https:\/\/www.a8bilisim.com\/index.php\/wp-json\/wp\/v2\/media\/28088"}],"wp:attachment":[{"href":"https:\/\/www.a8bilisim.com\/index.php\/wp-json\/wp\/v2\/media?parent=28086"}],"wp:term":[{"taxonomy":"product_brand","embeddable":true,"href":"https:\/\/www.a8bilisim.com\/index.php\/wp-json\/wp\/v2\/product_brand?post=28086"},{"taxonomy":"product_cat","embeddable":true,"href":"https:\/\/www.a8bilisim.com\/index.php\/wp-json\/wp\/v2\/product_cat?post=28086"},{"taxonomy":"product_tag","embeddable":true,"href":"https:\/\/www.a8bilisim.com\/index.php\/wp-json\/wp\/v2\/product_tag?post=28086"}],"curies":[{"name":"wp","href":"https:\/\/api.w.org\/{rel}","templated":true}]}}