{"id":28380,"date":"2025-10-01T08:16:41","date_gmt":"2025-10-01T05:16:41","guid":{"rendered":"http:\/\/20.124.82.17\/wordpress\/index.php\/urun\/dell-vostro-3910mt-i5-12400-8gb-512gb-ssd-ob-vga-fdos-n7519vdt3910eme1-n7519vdt3910eme1-akn47812\/"},"modified":"2026-04-24T06:10:12","modified_gmt":"2026-04-24T03:10:12","slug":"dell-vostro-3910mt-i5-12400-8gb-512gb-ssd-ob-vga-fdos-n7519vdt3910eme1-n7519vdt3910eme1-akn47812","status":"publish","type":"product","link":"https:\/\/www.a8bilisim.com\/index.php\/urun\/dell-vostro-3910mt-i5-12400-8gb-512gb-ssd-ob-vga-fdos-n7519vdt3910eme1-n7519vdt3910eme1-akn47812\/","title":{"rendered":"Dell Vostro 3910MT [i5-12400] 8GB 512GB SSD OB VGA FDos [N7519VDT3910EME1] \/ N7519VDT3910EME1-AKN47812"},"content":{"rendered":"<p>\u00dcr\u00fcn Ad\u0131: Dell Vostro 3910MT [i5-12400] 8GB 512GB SSD OB VGA FDos [N7519VDT3910EME1]<\/p>\n<p><span dir=\"auto\" style=\"vertical-align: inherit;\"><span dir=\"auto\" style=\"vertical-align: inherit;\">Stok No: AKN47812<\/span><\/span><\/p>\n<p>Stok Kodu:N7519VDT3910EME1<\/p>\n<p>Kategori Ad\u0131: Masa&#xFC;st&#xFC; PC<\/p>\n<p><span dir=\"auto\" style=\"vertical-align: inherit;\"><span dir=\"auto\" style=\"vertical-align: inherit;\">EAN Kodu: <\/span><\/span><\/p>\n<p><strong>Stoklar\u0131m\u0131zdaki Anl\u0131k De\u011fi\u015fimlerden Dolay\u0131 \u0130stedi\u011finiz \u00fcr\u00fcn\u00fcn stokta kalmamas\u0131 durumunda sipari\u015finiz iptal edilip \u00dccretiniz iade edilecek ve konu hakk\u0131nda size bilgi verilecektir.<\/strong><\/p>\n<p>Son G\u00fcncellenme Tarihi :23-04-2026 04:32<\/p>\n<p>&nbsp;<\/p>\n","protected":false},"excerpt":{"rendered":"<p>Dell Vostro 3910MT [i5-12400] 8GB 512GB SSD OB VGA FDos [N7519VDT3910EME1] &#8211; Stok Kodu:N7519VDT3910EME1 -AKN47812 &#8211; Masa&#xFC;st&#xFC; PC. Son G\u00fcncellenme Tarihi :23-04-2026 04:32<\/p>\n","protected":false},"featured_media":28382,"template":"","meta":{"_monsterinsights_skip_tracking":false,"_monsterinsights_sitenote_active":false,"_monsterinsights_sitenote_note":"","_monsterinsights_sitenote_category":0,"_joinchat":[]},"product_brand":[253],"product_cat":[459],"product_tag":[127,128,129,130,131,132,133,134,135,136,137,138,139,140,141,142,143,144,145],"class_list":{"0":"post-28380","1":"product","2":"type-product","3":"status-publish","4":"has-post-thumbnail","6":"product_brand-dell","7":"product_cat-masast-pc","8":"product_tag-anakart","9":"product_tag-bilgisayar","10":"product_tag-bilgisayar-bilesenleri","11":"product_tag-bilgisayar-parcalari","12":"product_tag-dizustu-bilgisayar","13":"product_tag-ekran-karti","14":"product_tag-gaming-bilgisayar","15":"product_tag-gaming-laptop","16":"product_tag-gaming-monitor","17":"product_tag-gaming-mouse","18":"product_tag-guc-kaynagi-psu","19":"product_tag-islemci-cpu","20":"product_tag-klavye","21":"product_tag-laptop","22":"product_tag-masaustu-bilgisayar","23":"product_tag-mekanik-klavye","24":"product_tag-monitor","25":"product_tag-oyun-bilgisayari","26":"product_tag-ssd","27":"pa_marka-dell","29":"first","30":"outofstock","31":"sale","32":"purchasable","33":"product-type-simple"},"aioseo_notices":[],"_links":{"self":[{"href":"https:\/\/www.a8bilisim.com\/index.php\/wp-json\/wp\/v2\/product\/28380","targetHints":{"allow":["GET"]}}],"collection":[{"href":"https:\/\/www.a8bilisim.com\/index.php\/wp-json\/wp\/v2\/product"}],"about":[{"href":"https:\/\/www.a8bilisim.com\/index.php\/wp-json\/wp\/v2\/types\/product"}],"version-history":[{"count":14,"href":"https:\/\/www.a8bilisim.com\/index.php\/wp-json\/wp\/v2\/product\/28380\/revisions"}],"predecessor-version":[{"id":705494,"href":"https:\/\/www.a8bilisim.com\/index.php\/wp-json\/wp\/v2\/product\/28380\/revisions\/705494"}],"wp:featuredmedia":[{"embeddable":true,"href":"https:\/\/www.a8bilisim.com\/index.php\/wp-json\/wp\/v2\/media\/28382"}],"wp:attachment":[{"href":"https:\/\/www.a8bilisim.com\/index.php\/wp-json\/wp\/v2\/media?parent=28380"}],"wp:term":[{"taxonomy":"product_brand","embeddable":true,"href":"https:\/\/www.a8bilisim.com\/index.php\/wp-json\/wp\/v2\/product_brand?post=28380"},{"taxonomy":"product_cat","embeddable":true,"href":"https:\/\/www.a8bilisim.com\/index.php\/wp-json\/wp\/v2\/product_cat?post=28380"},{"taxonomy":"product_tag","embeddable":true,"href":"https:\/\/www.a8bilisim.com\/index.php\/wp-json\/wp\/v2\/product_tag?post=28380"}],"curies":[{"name":"wp","href":"https:\/\/api.w.org\/{rel}","templated":true}]}}