{"id":28467,"date":"2025-10-01T08:18:03","date_gmt":"2025-10-01T05:18:03","guid":{"rendered":"http:\/\/20.124.82.17\/wordpress\/index.php\/urun\/ruijie-reyee-rg-nis3100-8gt2sfp-hp-8port-gigabit-poe-2ge-sfp-endstriyel-switc-rg-nis3100-8gt2sfp-hp-akn47888\/"},"modified":"2026-04-24T06:10:14","modified_gmt":"2026-04-24T03:10:14","slug":"ruijie-reyee-rg-nis3100-8gt2sfp-hp-8port-gigabit-poe-2ge-sfp-endstriyel-switc-rg-nis3100-8gt2sfp-hp-akn47888","status":"publish","type":"product","link":"https:\/\/www.a8bilisim.com\/index.php\/urun\/ruijie-reyee-rg-nis3100-8gt2sfp-hp-8port-gigabit-poe-2ge-sfp-endstriyel-switc-rg-nis3100-8gt2sfp-hp-akn47888\/","title":{"rendered":"Ruijie Reyee RG-NIS3100-8GT2SFP-HP 8port Gigabit PoE + 2GE SFP End&#xFC;striyel Switc \/ RG-NIS3100-8GT2SFP-HP-AKN47888"},"content":{"rendered":"<p>\u00dcr\u00fcn Ad\u0131: Ruijie Reyee RG-NIS3100-8GT2SFP-HP 8port Gigabit PoE + 2GE SFP End&#xFC;striyel Switc<\/p>\n<p><span dir=\"auto\" style=\"vertical-align: inherit;\"><span dir=\"auto\" style=\"vertical-align: inherit;\">Stok No: AKN47888<\/span><\/span><\/p>\n<p>Stok Kodu:RG-NIS3100-8GT2SFP-HP<\/p>\n<p>Kategori Ad\u0131: Switch<\/p>\n<p><span dir=\"auto\" style=\"vertical-align: inherit;\"><span dir=\"auto\" style=\"vertical-align: inherit;\">EAN Kodu: <\/span><\/span><\/p>\n<p><strong>Stoklar\u0131m\u0131zdaki Anl\u0131k De\u011fi\u015fimlerden Dolay\u0131 \u0130stedi\u011finiz \u00fcr\u00fcn\u00fcn stokta kalmamas\u0131 durumunda sipari\u015finiz iptal edilip \u00dccretiniz iade edilecek ve konu hakk\u0131nda size bilgi verilecektir.<\/strong><\/p>\n<p>Son G\u00fcncellenme Tarihi :23-04-2026 04:32<\/p>\n<p>&nbsp;<\/p>\n","protected":false},"excerpt":{"rendered":"<p>Ruijie Reyee RG-NIS3100-8GT2SFP-HP 8port Gigabit PoE + 2GE SFP End&#xFC;striyel Switc &#8211; Stok Kodu:RG-NIS3100-8GT2SFP-HP -AKN47888 &#8211; Switch. Son G\u00fcncellenme Tarihi :23-04-2026 04:32<\/p>\n","protected":false},"featured_media":28469,"template":"","meta":{"_monsterinsights_skip_tracking":false,"_monsterinsights_sitenote_active":false,"_monsterinsights_sitenote_note":"","_monsterinsights_sitenote_category":0,"_joinchat":[]},"product_brand":[453],"product_cat":[257],"product_tag":[127,128,129,130,131,132,133,134,135,136,137,138,139,140,141,142,143,144,145],"class_list":{"0":"post-28467","1":"product","2":"type-product","3":"status-publish","4":"has-post-thumbnail","6":"product_brand-ruijie","7":"product_cat-switch","8":"product_tag-anakart","9":"product_tag-bilgisayar","10":"product_tag-bilgisayar-bilesenleri","11":"product_tag-bilgisayar-parcalari","12":"product_tag-dizustu-bilgisayar","13":"product_tag-ekran-karti","14":"product_tag-gaming-bilgisayar","15":"product_tag-gaming-laptop","16":"product_tag-gaming-monitor","17":"product_tag-gaming-mouse","18":"product_tag-guc-kaynagi-psu","19":"product_tag-islemci-cpu","20":"product_tag-klavye","21":"product_tag-laptop","22":"product_tag-masaustu-bilgisayar","23":"product_tag-mekanik-klavye","24":"product_tag-monitor","25":"product_tag-oyun-bilgisayari","26":"product_tag-ssd","27":"pa_marka-ruijie","29":"first","30":"outofstock","31":"sale","32":"purchasable","33":"product-type-simple"},"aioseo_notices":[],"_links":{"self":[{"href":"https:\/\/www.a8bilisim.com\/index.php\/wp-json\/wp\/v2\/product\/28467","targetHints":{"allow":["GET"]}}],"collection":[{"href":"https:\/\/www.a8bilisim.com\/index.php\/wp-json\/wp\/v2\/product"}],"about":[{"href":"https:\/\/www.a8bilisim.com\/index.php\/wp-json\/wp\/v2\/types\/product"}],"version-history":[{"count":12,"href":"https:\/\/www.a8bilisim.com\/index.php\/wp-json\/wp\/v2\/product\/28467\/revisions"}],"predecessor-version":[{"id":705517,"href":"https:\/\/www.a8bilisim.com\/index.php\/wp-json\/wp\/v2\/product\/28467\/revisions\/705517"}],"wp:featuredmedia":[{"embeddable":true,"href":"https:\/\/www.a8bilisim.com\/index.php\/wp-json\/wp\/v2\/media\/28469"}],"wp:attachment":[{"href":"https:\/\/www.a8bilisim.com\/index.php\/wp-json\/wp\/v2\/media?parent=28467"}],"wp:term":[{"taxonomy":"product_brand","embeddable":true,"href":"https:\/\/www.a8bilisim.com\/index.php\/wp-json\/wp\/v2\/product_brand?post=28467"},{"taxonomy":"product_cat","embeddable":true,"href":"https:\/\/www.a8bilisim.com\/index.php\/wp-json\/wp\/v2\/product_cat?post=28467"},{"taxonomy":"product_tag","embeddable":true,"href":"https:\/\/www.a8bilisim.com\/index.php\/wp-json\/wp\/v2\/product_tag?post=28467"}],"curies":[{"name":"wp","href":"https:\/\/api.w.org\/{rel}","templated":true}]}}