{"id":285406,"date":"2025-12-02T05:38:02","date_gmt":"2025-12-02T02:38:02","guid":{"rendered":"https:\/\/www.a8bilisim.com\/index.php\/urun\/twinmos-2tb-dark-grey-tanabilir-external-ssd-usb-3-2-type-c-pssd2tbmedb-kar58857\/"},"modified":"2026-02-25T05:04:50","modified_gmt":"2026-02-25T02:04:50","slug":"twinmos-2tb-dark-grey-tanabilir-external-ssd-usb-3-2-type-c-pssd2tbmedb-kar58857","status":"publish","type":"product","link":"https:\/\/www.a8bilisim.com\/index.php\/urun\/twinmos-2tb-dark-grey-tanabilir-external-ssd-usb-3-2-type-c-pssd2tbmedb-kar58857\/","title":{"rendered":"TwinMOS 2TB Dark Grey Ta&#x15F;&#x131;nabilir External SSD USB 3.2\/Type-C \/ PSSD2TBMEDB-KAR58857"},"content":{"rendered":"<p>\u00dcr\u00fcn Ad\u0131: TwinMOS 2TB Dark Grey Ta&#x15F;&#x131;nabilir External SSD USB 3.2\/Type-C<\/p>\n<p><span dir=\"auto\" style=\"vertical-align: inherit;\"><span dir=\"auto\" style=\"vertical-align: inherit;\">Stok No: KAR58857<\/span><\/span><\/p>\n<p>Stok Kodu:PSSD2TBMEDB<\/p>\n<p>Kategori Ad\u0131: Ta&#x15F;&#x131;nabilir HDD<\/p>\n<p><span dir=\"auto\" style=\"vertical-align: inherit;\"><span dir=\"auto\" style=\"vertical-align: inherit;\">EAN Kodu: 6291104607859<\/span><\/span><\/p>\n<p><strong>Stoklar\u0131m\u0131zdaki Anl\u0131k De\u011fi\u015fimlerden Dolay\u0131 \u0130stedi\u011finiz \u00fcr\u00fcn\u00fcn stokta kalmamas\u0131 durumunda sipari\u015finiz iptal edilip \u00dccretiniz iade edilecek ve konu hakk\u0131nda size bilgi verilecektir.<\/strong><\/p>\n<p>Son G\u00fcncellenme Tarihi :25-02-2026 00:36<\/p>\n<p>&nbsp;<\/p>\n","protected":false},"excerpt":{"rendered":"<p>TwinMOS 2TB Dark Grey Ta&#x15F;&#x131;nabilir External SSD USB 3.2\/Type-C &#8211; Stok Kodu:PSSD2TBMEDB -KAR58857 &#8211; Ta&#x15F;&#x131;nabilir HDD. Son G\u00fcncellenme Tarihi :25-02-2026 00:36<\/p>\n","protected":false},"featured_media":285408,"template":"","meta":{"_monsterinsights_skip_tracking":false,"_monsterinsights_sitenote_active":false,"_monsterinsights_sitenote_note":"","_monsterinsights_sitenote_category":0,"_joinchat":[]},"product_brand":[310],"product_cat":[224],"product_tag":[127,128,129,130,131,132,133,134,135,136,137,138,139,140,141,142,143,144,145],"class_list":{"0":"post-285406","1":"product","2":"type-product","3":"status-publish","4":"has-post-thumbnail","6":"product_brand-twinmos","7":"product_cat-harddisk","8":"product_tag-anakart","9":"product_tag-bilgisayar","10":"product_tag-bilgisayar-bilesenleri","11":"product_tag-bilgisayar-parcalari","12":"product_tag-dizustu-bilgisayar","13":"product_tag-ekran-karti","14":"product_tag-gaming-bilgisayar","15":"product_tag-gaming-laptop","16":"product_tag-gaming-monitor","17":"product_tag-gaming-mouse","18":"product_tag-guc-kaynagi-psu","19":"product_tag-islemci-cpu","20":"product_tag-klavye","21":"product_tag-laptop","22":"product_tag-masaustu-bilgisayar","23":"product_tag-mekanik-klavye","24":"product_tag-monitor","25":"product_tag-oyun-bilgisayari","26":"product_tag-ssd","27":"pa_marka-twinmos","29":"first","30":"outofstock","31":"sale","32":"purchasable","33":"product-type-simple"},"aioseo_notices":[],"_links":{"self":[{"href":"https:\/\/www.a8bilisim.com\/index.php\/wp-json\/wp\/v2\/product\/285406","targetHints":{"allow":["GET"]}}],"collection":[{"href":"https:\/\/www.a8bilisim.com\/index.php\/wp-json\/wp\/v2\/product"}],"about":[{"href":"https:\/\/www.a8bilisim.com\/index.php\/wp-json\/wp\/v2\/types\/product"}],"version-history":[{"count":84,"href":"https:\/\/www.a8bilisim.com\/index.php\/wp-json\/wp\/v2\/product\/285406\/revisions"}],"predecessor-version":[{"id":559681,"href":"https:\/\/www.a8bilisim.com\/index.php\/wp-json\/wp\/v2\/product\/285406\/revisions\/559681"}],"wp:featuredmedia":[{"embeddable":true,"href":"https:\/\/www.a8bilisim.com\/index.php\/wp-json\/wp\/v2\/media\/285408"}],"wp:attachment":[{"href":"https:\/\/www.a8bilisim.com\/index.php\/wp-json\/wp\/v2\/media?parent=285406"}],"wp:term":[{"taxonomy":"product_brand","embeddable":true,"href":"https:\/\/www.a8bilisim.com\/index.php\/wp-json\/wp\/v2\/product_brand?post=285406"},{"taxonomy":"product_cat","embeddable":true,"href":"https:\/\/www.a8bilisim.com\/index.php\/wp-json\/wp\/v2\/product_cat?post=285406"},{"taxonomy":"product_tag","embeddable":true,"href":"https:\/\/www.a8bilisim.com\/index.php\/wp-json\/wp\/v2\/product_tag?post=285406"}],"curies":[{"name":"wp","href":"https:\/\/api.w.org\/{rel}","templated":true}]}}