{"id":28842,"date":"2025-10-01T08:24:02","date_gmt":"2025-10-01T05:24:02","guid":{"rendered":"http:\/\/20.124.82.17\/wordpress\/index.php\/urun\/31-5-dell-p3223qe-uhd-4k-ips-5ms-60hz-350nt-hdmi-dp-type-c-rj45-vesa-pivot-p3223qe-akn48115\/"},"modified":"2026-03-18T05:22:27","modified_gmt":"2026-03-18T02:22:27","slug":"31-5-dell-p3223qe-uhd-4k-ips-5ms-60hz-350nt-hdmi-dp-type-c-rj45-vesa-pivot-p3223qe-akn48115","status":"publish","type":"product","link":"https:\/\/www.a8bilisim.com\/index.php\/urun\/31-5-dell-p3223qe-uhd-4k-ips-5ms-60hz-350nt-hdmi-dp-type-c-rj45-vesa-pivot-p3223qe-akn48115\/","title":{"rendered":"31.5&#8243; Dell P3223QE UHD 4K IPS 5ms 60Hz 350nt HDMI DP Type-C RJ45 VESA Pivot \/ P3223QE-AKN48115"},"content":{"rendered":"<p>\u00dcr\u00fcn Ad\u0131: 31.5&#8243; Dell P3223QE UHD 4K IPS 5ms 60Hz 350nt HDMI DP Type-C RJ45 VESA Pivot<\/p>\n<p><span dir=\"auto\" style=\"vertical-align: inherit;\"><span dir=\"auto\" style=\"vertical-align: inherit;\">Stok No: AKN48115<\/span><\/span><\/p>\n<p>Stok Kodu:P3223QE<\/p>\n<p>Kategori Ad\u0131: Monit&#xF6;rler<\/p>\n<p><span dir=\"auto\" style=\"vertical-align: inherit;\"><span dir=\"auto\" style=\"vertical-align: inherit;\">EAN Kodu: <\/span><\/span><\/p>\n<p><strong>Stoklar\u0131m\u0131zdaki Anl\u0131k De\u011fi\u015fimlerden Dolay\u0131 \u0130stedi\u011finiz \u00fcr\u00fcn\u00fcn stokta kalmamas\u0131 durumunda sipari\u015finiz iptal edilip \u00dccretiniz iade edilecek ve konu hakk\u0131nda size bilgi verilecektir.<\/strong><\/p>\n<p>Son G\u00fcncellenme Tarihi :18-03-2026 00:32<\/p>\n<p>&nbsp;<\/p>\n","protected":false},"excerpt":{"rendered":"<p>31.5&#8243; Dell P3223QE UHD 4K IPS 5ms 60Hz 350nt HDMI DP Type-C RJ45 VESA Pivot &#8211; Stok Kodu:P3223QE -AKN48115 &#8211; Monit&#xF6;rler. Son G\u00fcncellenme Tarihi :18-03-2026 00:32<\/p>\n","protected":false},"featured_media":28844,"template":"","meta":{"_monsterinsights_skip_tracking":false,"_monsterinsights_sitenote_active":false,"_monsterinsights_sitenote_note":"","_monsterinsights_sitenote_category":0,"_joinchat":[]},"product_brand":[253],"product_cat":[329],"product_tag":[127,128,129,130,131,132,133,134,135,136,137,138,139,140,141,142,143,144,145],"class_list":{"0":"post-28842","1":"product","2":"type-product","3":"status-publish","4":"has-post-thumbnail","6":"product_brand-dell","7":"product_cat-monitrler","8":"product_tag-anakart","9":"product_tag-bilgisayar","10":"product_tag-bilgisayar-bilesenleri","11":"product_tag-bilgisayar-parcalari","12":"product_tag-dizustu-bilgisayar","13":"product_tag-ekran-karti","14":"product_tag-gaming-bilgisayar","15":"product_tag-gaming-laptop","16":"product_tag-gaming-monitor","17":"product_tag-gaming-mouse","18":"product_tag-guc-kaynagi-psu","19":"product_tag-islemci-cpu","20":"product_tag-klavye","21":"product_tag-laptop","22":"product_tag-masaustu-bilgisayar","23":"product_tag-mekanik-klavye","24":"product_tag-monitor","25":"product_tag-oyun-bilgisayari","26":"product_tag-ssd","27":"pa_marka-dell","29":"first","30":"outofstock","31":"sale","32":"purchasable","33":"product-type-simple"},"aioseo_notices":[],"_links":{"self":[{"href":"https:\/\/www.a8bilisim.com\/index.php\/wp-json\/wp\/v2\/product\/28842","targetHints":{"allow":["GET"]}}],"collection":[{"href":"https:\/\/www.a8bilisim.com\/index.php\/wp-json\/wp\/v2\/product"}],"about":[{"href":"https:\/\/www.a8bilisim.com\/index.php\/wp-json\/wp\/v2\/types\/product"}],"version-history":[{"count":5,"href":"https:\/\/www.a8bilisim.com\/index.php\/wp-json\/wp\/v2\/product\/28842\/revisions"}],"predecessor-version":[{"id":619339,"href":"https:\/\/www.a8bilisim.com\/index.php\/wp-json\/wp\/v2\/product\/28842\/revisions\/619339"}],"wp:featuredmedia":[{"embeddable":true,"href":"https:\/\/www.a8bilisim.com\/index.php\/wp-json\/wp\/v2\/media\/28844"}],"wp:attachment":[{"href":"https:\/\/www.a8bilisim.com\/index.php\/wp-json\/wp\/v2\/media?parent=28842"}],"wp:term":[{"taxonomy":"product_brand","embeddable":true,"href":"https:\/\/www.a8bilisim.com\/index.php\/wp-json\/wp\/v2\/product_brand?post=28842"},{"taxonomy":"product_cat","embeddable":true,"href":"https:\/\/www.a8bilisim.com\/index.php\/wp-json\/wp\/v2\/product_cat?post=28842"},{"taxonomy":"product_tag","embeddable":true,"href":"https:\/\/www.a8bilisim.com\/index.php\/wp-json\/wp\/v2\/product_tag?post=28842"}],"curies":[{"name":"wp","href":"https:\/\/api.w.org\/{rel}","templated":true}]}}