{"id":29485,"date":"2025-10-01T08:42:02","date_gmt":"2025-10-01T05:42:02","guid":{"rendered":"http:\/\/20.124.82.17\/wordpress\/index.php\/urun\/hikvision-ds-7108ni-q1-m-8-kanal-1-sata-nvr-kayt-cihaz-ds-7108ni-q1-m-akn48269\/"},"modified":"2026-03-03T05:20:38","modified_gmt":"2026-03-03T02:20:38","slug":"hikvision-ds-7108ni-q1-m-8-kanal-1-sata-nvr-kayt-cihaz-ds-7108ni-q1-m-akn48269","status":"publish","type":"product","link":"https:\/\/www.a8bilisim.com\/index.php\/urun\/hikvision-ds-7108ni-q1-m-8-kanal-1-sata-nvr-kayt-cihaz-ds-7108ni-q1-m-akn48269\/","title":{"rendered":"Hikvision DS-7108NI-Q1\/M 8 Kanal 1 Sata NVR Kay&#x131;t Cihaz&#x131; \/ DS-7108NI-Q1\/M-AKN48269"},"content":{"rendered":"<p>\u00dcr\u00fcn Ad\u0131: Hikvision DS-7108NI-Q1\/M 8 Kanal 1 Sata NVR Kay&#x131;t Cihaz&#x131;<\/p>\n<p><span dir=\"auto\" style=\"vertical-align: inherit;\"><span dir=\"auto\" style=\"vertical-align: inherit;\">Stok No: AKN48269<\/span><\/span><\/p>\n<p>Stok Kodu:DS-7108NI-Q1\/M<\/p>\n<p>Kategori Ad\u0131: NVR IP Kay&#x131;t Cihaz&#x131;<\/p>\n<p><span dir=\"auto\" style=\"vertical-align: inherit;\"><span dir=\"auto\" style=\"vertical-align: inherit;\">EAN Kodu: <\/span><\/span><\/p>\n<p><strong>Stoklar\u0131m\u0131zdaki Anl\u0131k De\u011fi\u015fimlerden Dolay\u0131 \u0130stedi\u011finiz \u00fcr\u00fcn\u00fcn stokta kalmamas\u0131 durumunda sipari\u015finiz iptal edilip \u00dccretiniz iade edilecek ve konu hakk\u0131nda size bilgi verilecektir.<\/strong><\/p>\n<p>Son G\u00fcncellenme Tarihi :03-03-2026 00:32<\/p>\n<p>&nbsp;<\/p>\n","protected":false},"excerpt":{"rendered":"<p>Hikvision DS-7108NI-Q1\/M 8 Kanal 1 Sata NVR Kay&#x131;t Cihaz&#x131; &#8211; Stok Kodu:DS-7108NI-Q1\/M -AKN48269 &#8211; NVR IP Kay&#x131;t Cihaz&#x131;. Son G\u00fcncellenme Tarihi :03-03-2026 00:32<\/p>\n","protected":false},"featured_media":29487,"template":"","meta":{"_monsterinsights_skip_tracking":false,"_monsterinsights_sitenote_active":false,"_monsterinsights_sitenote_note":"","_monsterinsights_sitenote_category":0,"_joinchat":[]},"product_brand":[373],"product_cat":[375],"product_tag":[127,128,129,130,131,132,133,134,135,136,137,138,139,140,141,142,143,144,145],"class_list":{"0":"post-29485","1":"product","2":"type-product","3":"status-publish","4":"has-post-thumbnail","6":"product_brand-hikvision","7":"product_cat-gvenlik-kayt-cihazlar","8":"product_tag-anakart","9":"product_tag-bilgisayar","10":"product_tag-bilgisayar-bilesenleri","11":"product_tag-bilgisayar-parcalari","12":"product_tag-dizustu-bilgisayar","13":"product_tag-ekran-karti","14":"product_tag-gaming-bilgisayar","15":"product_tag-gaming-laptop","16":"product_tag-gaming-monitor","17":"product_tag-gaming-mouse","18":"product_tag-guc-kaynagi-psu","19":"product_tag-islemci-cpu","20":"product_tag-klavye","21":"product_tag-laptop","22":"product_tag-masaustu-bilgisayar","23":"product_tag-mekanik-klavye","24":"product_tag-monitor","25":"product_tag-oyun-bilgisayari","26":"product_tag-ssd","27":"pa_marka-hikvision","29":"first","30":"outofstock","31":"sale","32":"purchasable","33":"product-type-simple"},"aioseo_notices":[],"_links":{"self":[{"href":"https:\/\/www.a8bilisim.com\/index.php\/wp-json\/wp\/v2\/product\/29485","targetHints":{"allow":["GET"]}}],"collection":[{"href":"https:\/\/www.a8bilisim.com\/index.php\/wp-json\/wp\/v2\/product"}],"about":[{"href":"https:\/\/www.a8bilisim.com\/index.php\/wp-json\/wp\/v2\/types\/product"}],"version-history":[{"count":2,"href":"https:\/\/www.a8bilisim.com\/index.php\/wp-json\/wp\/v2\/product\/29485\/revisions"}],"predecessor-version":[{"id":577984,"href":"https:\/\/www.a8bilisim.com\/index.php\/wp-json\/wp\/v2\/product\/29485\/revisions\/577984"}],"wp:featuredmedia":[{"embeddable":true,"href":"https:\/\/www.a8bilisim.com\/index.php\/wp-json\/wp\/v2\/media\/29487"}],"wp:attachment":[{"href":"https:\/\/www.a8bilisim.com\/index.php\/wp-json\/wp\/v2\/media?parent=29485"}],"wp:term":[{"taxonomy":"product_brand","embeddable":true,"href":"https:\/\/www.a8bilisim.com\/index.php\/wp-json\/wp\/v2\/product_brand?post=29485"},{"taxonomy":"product_cat","embeddable":true,"href":"https:\/\/www.a8bilisim.com\/index.php\/wp-json\/wp\/v2\/product_cat?post=29485"},{"taxonomy":"product_tag","embeddable":true,"href":"https:\/\/www.a8bilisim.com\/index.php\/wp-json\/wp\/v2\/product_tag?post=29485"}],"curies":[{"name":"wp","href":"https:\/\/api.w.org\/{rel}","templated":true}]}}