{"id":29861,"date":"2025-10-01T08:54:51","date_gmt":"2025-10-01T05:54:51","guid":{"rendered":"http:\/\/20.124.82.17\/wordpress\/index.php\/urun\/a4-tech-fg1010-q-trke-kablosuz-mavi-2000dpi-klavye-mouse-23577-gun4711421943444\/"},"modified":"2025-10-08T08:40:04","modified_gmt":"2025-10-08T05:40:04","slug":"a4-tech-fg1010-q-trke-kablosuz-mavi-2000dpi-klavye-mouse-23577-gun4711421943444","status":"publish","type":"product","link":"https:\/\/www.a8bilisim.com\/index.php\/urun\/a4-tech-fg1010-q-trke-kablosuz-mavi-2000dpi-klavye-mouse-23577-gun4711421943444\/","title":{"rendered":"A4 TECH FG1010 Q T&#xFC;rk&#xE7;e Kablosuz Mavi 2000dpi Klavye+ Mouse \/ 23577-GUN4711421943444"},"content":{"rendered":"<p>\u00dcr\u00fcn Ad\u0131: A4 TECH FG1010 Q T&#xFC;rk&#xE7;e Kablosuz Mavi 2000dpi Klavye+ Mouse<\/p>\n<p>Stok No: GUN4711421943444<\/p>\n<p>Stok Kodu:23577<\/p>\n<p>Kategori Ad\u0131: Klavye ve Setler<\/p>\n<p>Marka:\u00a0 A4 TECH<\/p>\n<p>EAN Kodu: <\/p>\n<p><strong>Stoklar\u0131m\u0131zdaki Anl\u0131k De\u011fi\u015fimlerden Dolay\u0131 \u0130stedi\u011finiz \u00fcr\u00fcn\u00fcn stokta kalmamas\u0131 durumunda sipari\u015finiz iptal edilip \u00dccretiniz iade edilecek ve konu hakk\u0131nda size bilgi verilecektir.<\/strong><\/p>\n<p>Son G\u00fcncellenme Tarihi :08-10-2025 00:31<\/p>\n<p>&nbsp;<\/p>\n","protected":false},"excerpt":{"rendered":"<p>A4 TECH FG1010 Q T&#xFC;rk&#xE7;e Kablosuz Mavi 2000dpi Klavye+ Mouse &#8211; Stok Kodu:23577 -GUN4711421943444 &#8211; Klavye ve Setler. Son G\u00fcncellenme Tarihi :08-10-2025 00:31<\/p>\n","protected":false},"featured_media":0,"template":"","meta":{"_monsterinsights_skip_tracking":false,"_monsterinsights_sitenote_active":false,"_monsterinsights_sitenote_note":"","_monsterinsights_sitenote_category":0,"_joinchat":[]},"product_brand":[151],"product_cat":[170],"product_tag":[127,128,129,130,131,132,133,134,135,136,137,138,139,140,141,142,143,144,145],"class_list":{"0":"post-29861","1":"product","2":"type-product","3":"status-publish","5":"product_brand-a4-tech","6":"product_cat-klavye-seti","7":"product_tag-anakart","8":"product_tag-bilgisayar","9":"product_tag-bilgisayar-bilesenleri","10":"product_tag-bilgisayar-parcalari","11":"product_tag-dizustu-bilgisayar","12":"product_tag-ekran-karti","13":"product_tag-gaming-bilgisayar","14":"product_tag-gaming-laptop","15":"product_tag-gaming-monitor","16":"product_tag-gaming-mouse","17":"product_tag-guc-kaynagi-psu","18":"product_tag-islemci-cpu","19":"product_tag-klavye","20":"product_tag-laptop","21":"product_tag-masaustu-bilgisayar","22":"product_tag-mekanik-klavye","23":"product_tag-monitor","24":"product_tag-oyun-bilgisayari","25":"product_tag-ssd","26":"pa_marka-a4-tech","28":"first","29":"outofstock","30":"sale","31":"purchasable","32":"product-type-simple"},"aioseo_notices":[],"_links":{"self":[{"href":"https:\/\/www.a8bilisim.com\/index.php\/wp-json\/wp\/v2\/product\/29861","targetHints":{"allow":["GET"]}}],"collection":[{"href":"https:\/\/www.a8bilisim.com\/index.php\/wp-json\/wp\/v2\/product"}],"about":[{"href":"https:\/\/www.a8bilisim.com\/index.php\/wp-json\/wp\/v2\/types\/product"}],"version-history":[{"count":3,"href":"https:\/\/www.a8bilisim.com\/index.php\/wp-json\/wp\/v2\/product\/29861\/revisions"}],"predecessor-version":[{"id":63455,"href":"https:\/\/www.a8bilisim.com\/index.php\/wp-json\/wp\/v2\/product\/29861\/revisions\/63455"}],"wp:attachment":[{"href":"https:\/\/www.a8bilisim.com\/index.php\/wp-json\/wp\/v2\/media?parent=29861"}],"wp:term":[{"taxonomy":"product_brand","embeddable":true,"href":"https:\/\/www.a8bilisim.com\/index.php\/wp-json\/wp\/v2\/product_brand?post=29861"},{"taxonomy":"product_cat","embeddable":true,"href":"https:\/\/www.a8bilisim.com\/index.php\/wp-json\/wp\/v2\/product_cat?post=29861"},{"taxonomy":"product_tag","embeddable":true,"href":"https:\/\/www.a8bilisim.com\/index.php\/wp-json\/wp\/v2\/product_tag?post=29861"}],"curies":[{"name":"wp","href":"https:\/\/api.w.org\/{rel}","templated":true}]}}