{"id":29987,"date":"2025-10-01T09:12:02","date_gmt":"2025-10-01T06:12:02","guid":{"rendered":"http:\/\/20.124.82.17\/wordpress\/index.php\/urun\/frisby-fc-9440g-650w-80-siyah-rgb-fan-mid-tower-atx-kasa-38183-gun6903494402838\/"},"modified":"2025-12-27T05:22:42","modified_gmt":"2025-12-27T02:22:42","slug":"frisby-fc-9440g-650w-80-siyah-rgb-fan-mid-tower-atx-kasa-38183-gun6903494402838","status":"publish","type":"product","link":"https:\/\/www.a8bilisim.com\/index.php\/urun\/frisby-fc-9440g-650w-80-siyah-rgb-fan-mid-tower-atx-kasa-38183-gun6903494402838\/","title":{"rendered":"FRISBY FC-9440G 650W 80+ Siyah RGB Fan Mid Tower ATX Kasa \/ 38183-GUN6903494402838"},"content":{"rendered":"<p>\u00dcr\u00fcn Ad\u0131: FRISBY FC-9440G 650W 80+ Siyah RGB Fan Mid Tower ATX Kasa<\/p>\n<p>Stok No: GUN6903494402838<\/p>\n<p>Stok Kodu:38183<\/p>\n<p>Kategori Ad\u0131: Kasalar<\/p>\n<p>Marka:\u00a0 FRISBY<\/p>\n<p>EAN Kodu: <\/p>\n<p><strong>Stoklar\u0131m\u0131zdaki Anl\u0131k De\u011fi\u015fimlerden Dolay\u0131 \u0130stedi\u011finiz \u00fcr\u00fcn\u00fcn stokta kalmamas\u0131 durumunda sipari\u015finiz iptal edilip \u00dccretiniz iade edilecek ve konu hakk\u0131nda size bilgi verilecektir.<\/strong><\/p>\n<p>Son G\u00fcncellenme Tarihi :27-12-2025 00:30<\/p>\n<p>&nbsp;<\/p>\n","protected":false},"excerpt":{"rendered":"<p>FRISBY FC-9440G 650W 80+ Siyah RGB Fan Mid Tower ATX Kasa &#8211; Stok Kodu:38183 -GUN6903494402838 &#8211; Kasalar. Son G\u00fcncellenme Tarihi :27-12-2025 00:30<\/p>\n","protected":false},"featured_media":0,"template":"","meta":{"_monsterinsights_skip_tracking":false,"_monsterinsights_sitenote_active":false,"_monsterinsights_sitenote_note":"","_monsterinsights_sitenote_category":0,"_joinchat":[]},"product_brand":[161],"product_cat":[292],"product_tag":[127,128,129,130,131,132,133,134,135,136,137,138,139,140,141,142,143,144,145],"class_list":{"0":"post-29987","1":"product","2":"type-product","3":"status-publish","5":"product_brand-frisby","6":"product_cat-kasa","7":"product_tag-anakart","8":"product_tag-bilgisayar","9":"product_tag-bilgisayar-bilesenleri","10":"product_tag-bilgisayar-parcalari","11":"product_tag-dizustu-bilgisayar","12":"product_tag-ekran-karti","13":"product_tag-gaming-bilgisayar","14":"product_tag-gaming-laptop","15":"product_tag-gaming-monitor","16":"product_tag-gaming-mouse","17":"product_tag-guc-kaynagi-psu","18":"product_tag-islemci-cpu","19":"product_tag-klavye","20":"product_tag-laptop","21":"product_tag-masaustu-bilgisayar","22":"product_tag-mekanik-klavye","23":"product_tag-monitor","24":"product_tag-oyun-bilgisayari","25":"product_tag-ssd","26":"pa_marka-frisby","28":"first","29":"outofstock","30":"purchasable","31":"product-type-simple"},"aioseo_notices":[],"_links":{"self":[{"href":"https:\/\/www.a8bilisim.com\/index.php\/wp-json\/wp\/v2\/product\/29987","targetHints":{"allow":["GET"]}}],"collection":[{"href":"https:\/\/www.a8bilisim.com\/index.php\/wp-json\/wp\/v2\/product"}],"about":[{"href":"https:\/\/www.a8bilisim.com\/index.php\/wp-json\/wp\/v2\/types\/product"}],"version-history":[{"count":48,"href":"https:\/\/www.a8bilisim.com\/index.php\/wp-json\/wp\/v2\/product\/29987\/revisions"}],"predecessor-version":[{"id":379907,"href":"https:\/\/www.a8bilisim.com\/index.php\/wp-json\/wp\/v2\/product\/29987\/revisions\/379907"}],"wp:attachment":[{"href":"https:\/\/www.a8bilisim.com\/index.php\/wp-json\/wp\/v2\/media?parent=29987"}],"wp:term":[{"taxonomy":"product_brand","embeddable":true,"href":"https:\/\/www.a8bilisim.com\/index.php\/wp-json\/wp\/v2\/product_brand?post=29987"},{"taxonomy":"product_cat","embeddable":true,"href":"https:\/\/www.a8bilisim.com\/index.php\/wp-json\/wp\/v2\/product_cat?post=29987"},{"taxonomy":"product_tag","embeddable":true,"href":"https:\/\/www.a8bilisim.com\/index.php\/wp-json\/wp\/v2\/product_tag?post=29987"}],"curies":[{"name":"wp","href":"https:\/\/api.w.org\/{rel}","templated":true}]}}