{"id":30025,"date":"2025-10-01T09:16:02","date_gmt":"2025-10-01T06:16:02","guid":{"rendered":"http:\/\/20.124.82.17\/wordpress\/index.php\/urun\/frisby-fc-9455g-vetro-850w-80-bronze-siyah-dual-ring-rgb-fan-mid-tower-atx-kasa-35352-gun6903494553332\/"},"modified":"2025-10-31T08:51:33","modified_gmt":"2025-10-31T05:51:33","slug":"frisby-fc-9455g-vetro-850w-80-bronze-siyah-dual-ring-rgb-fan-mid-tower-atx-kasa-35352-gun6903494553332","status":"publish","type":"product","link":"https:\/\/www.a8bilisim.com\/index.php\/urun\/frisby-fc-9455g-vetro-850w-80-bronze-siyah-dual-ring-rgb-fan-mid-tower-atx-kasa-35352-gun6903494553332\/","title":{"rendered":"FRISBY FC-9455G VETRO 850W 80+ Bronze Siyah Dual-Ring RGB Fan Mid Tower ATX Kasa \/ 35352-GUN6903494553332"},"content":{"rendered":"<p>\u00dcr\u00fcn Ad\u0131: FRISBY FC-9455G VETRO 850W 80+ Bronze Siyah Dual-Ring RGB Fan Mid Tower ATX Kasa<\/p>\n<p>Stok No: GUN6903494553332<\/p>\n<p>Stok Kodu:35352<\/p>\n<p>Kategori Ad\u0131: Kasalar<\/p>\n<p>Marka:\u00a0 FRISBY<\/p>\n<p>EAN Kodu: <\/p>\n<p><strong>Stoklar\u0131m\u0131zdaki Anl\u0131k De\u011fi\u015fimlerden Dolay\u0131 \u0130stedi\u011finiz \u00fcr\u00fcn\u00fcn stokta kalmamas\u0131 durumunda sipari\u015finiz iptal edilip \u00dccretiniz iade edilecek ve konu hakk\u0131nda size bilgi verilecektir.<\/strong><\/p>\n<p>Son G\u00fcncellenme Tarihi :31-10-2025 00:31<\/p>\n<p>&nbsp;<\/p>\n","protected":false},"excerpt":{"rendered":"<p>FRISBY FC-9455G VETRO 850W 80+ Bronze Siyah Dual-Ring RGB Fan Mid Tower ATX Kasa &#8211; Stok Kodu:35352 -GUN6903494553332 &#8211; Kasalar. Son G\u00fcncellenme Tarihi :31-10-2025 00:31<\/p>\n","protected":false},"featured_media":30027,"template":"","meta":{"_monsterinsights_skip_tracking":false,"_monsterinsights_sitenote_active":false,"_monsterinsights_sitenote_note":"","_monsterinsights_sitenote_category":0,"_joinchat":[]},"product_brand":[161],"product_cat":[292],"product_tag":[127,128,129,130,131,132,133,134,135,136,137,138,139,140,141,142,143,144,145],"class_list":{"0":"post-30025","1":"product","2":"type-product","3":"status-publish","4":"has-post-thumbnail","6":"product_brand-frisby","7":"product_cat-kasa","8":"product_tag-anakart","9":"product_tag-bilgisayar","10":"product_tag-bilgisayar-bilesenleri","11":"product_tag-bilgisayar-parcalari","12":"product_tag-dizustu-bilgisayar","13":"product_tag-ekran-karti","14":"product_tag-gaming-bilgisayar","15":"product_tag-gaming-laptop","16":"product_tag-gaming-monitor","17":"product_tag-gaming-mouse","18":"product_tag-guc-kaynagi-psu","19":"product_tag-islemci-cpu","20":"product_tag-klavye","21":"product_tag-laptop","22":"product_tag-masaustu-bilgisayar","23":"product_tag-mekanik-klavye","24":"product_tag-monitor","25":"product_tag-oyun-bilgisayari","26":"product_tag-ssd","27":"pa_marka-frisby","29":"first","30":"outofstock","31":"sale","32":"purchasable","33":"product-type-simple"},"aioseo_notices":[],"_links":{"self":[{"href":"https:\/\/www.a8bilisim.com\/index.php\/wp-json\/wp\/v2\/product\/30025","targetHints":{"allow":["GET"]}}],"collection":[{"href":"https:\/\/www.a8bilisim.com\/index.php\/wp-json\/wp\/v2\/product"}],"about":[{"href":"https:\/\/www.a8bilisim.com\/index.php\/wp-json\/wp\/v2\/types\/product"}],"version-history":[{"count":20,"href":"https:\/\/www.a8bilisim.com\/index.php\/wp-json\/wp\/v2\/product\/30025\/revisions"}],"predecessor-version":[{"id":163557,"href":"https:\/\/www.a8bilisim.com\/index.php\/wp-json\/wp\/v2\/product\/30025\/revisions\/163557"}],"wp:featuredmedia":[{"embeddable":true,"href":"https:\/\/www.a8bilisim.com\/index.php\/wp-json\/wp\/v2\/media\/30027"}],"wp:attachment":[{"href":"https:\/\/www.a8bilisim.com\/index.php\/wp-json\/wp\/v2\/media?parent=30025"}],"wp:term":[{"taxonomy":"product_brand","embeddable":true,"href":"https:\/\/www.a8bilisim.com\/index.php\/wp-json\/wp\/v2\/product_brand?post=30025"},{"taxonomy":"product_cat","embeddable":true,"href":"https:\/\/www.a8bilisim.com\/index.php\/wp-json\/wp\/v2\/product_cat?post=30025"},{"taxonomy":"product_tag","embeddable":true,"href":"https:\/\/www.a8bilisim.com\/index.php\/wp-json\/wp\/v2\/product_tag?post=30025"}],"curies":[{"name":"wp","href":"https:\/\/api.w.org\/{rel}","templated":true}]}}