{"id":30061,"date":"2025-10-01T09:16:53","date_gmt":"2025-10-01T06:16:53","guid":{"rendered":"http:\/\/20.124.82.17\/wordpress\/index.php\/urun\/tp-link-mercusys-mr70x-ax1800-dual-band-wi-fi-router-net-acc-rou-0052-ivt46347\/"},"modified":"2026-01-03T05:26:29","modified_gmt":"2026-01-03T02:26:29","slug":"tp-link-mercusys-mr70x-ax1800-dual-band-wi-fi-router-net-acc-rou-0052-ivt46347","status":"publish","type":"product","link":"https:\/\/www.a8bilisim.com\/index.php\/urun\/tp-link-mercusys-mr70x-ax1800-dual-band-wi-fi-router-net-acc-rou-0052-ivt46347\/","title":{"rendered":"Tp-Link Mercusys MR70X AX1800 Dual Band Wi-Fi Router \/ Net.Acc.Rou.0052-IVT46347"},"content":{"rendered":"<p>\u00dcr\u00fcn Ad\u0131: Tp-Link Mercusys MR70X AX1800 Dual Band Wi-Fi Router<\/p>\n<p>Stok No: IVT46347<\/p>\n<p>Stok Kodu:Net.Acc.Rou.0052<\/p>\n<p>Kategori Ad\u0131: Router<\/p>\n<p>Marka:\u00a0 Tp-Link<\/p>\n<p>EAN Kodu: <\/p>\n<p><strong>Stoklar\u0131m\u0131zdaki Anl\u0131k De\u011fi\u015fimlerden Dolay\u0131 \u0130stedi\u011finiz \u00fcr\u00fcn\u00fcn stokta kalmamas\u0131 durumunda sipari\u015finiz iptal edilip \u00dccretiniz iade edilecek ve konu hakk\u0131nda size bilgi verilecektir.<\/strong><\/p>\n<p>Son G\u00fcncellenme Tarihi :03-01-2026 00:37<\/p>\n<p>&nbsp;<\/p>\n","protected":false},"excerpt":{"rendered":"<p>Tp-Link Mercusys MR70X AX1800 Dual Band Wi-Fi Router &#8211; Stok Kodu:Net.Acc.Rou.0052 -IVT46347 &#8211; Router. Son G\u00fcncellenme Tarihi :03-01-2026 00:37<\/p>\n","protected":false},"featured_media":30063,"template":"","meta":{"_monsterinsights_skip_tracking":false,"_monsterinsights_sitenote_active":false,"_monsterinsights_sitenote_note":"","_monsterinsights_sitenote_category":0,"_joinchat":[]},"product_brand":[359],"product_cat":[273],"product_tag":[127,128,129,130,131,132,133,134,135,136,137,138,139,140,141,142,143,144,145],"class_list":{"0":"post-30061","1":"product","2":"type-product","3":"status-publish","4":"has-post-thumbnail","6":"product_brand-tp-link","7":"product_cat-router-ve-gateway","8":"product_tag-anakart","9":"product_tag-bilgisayar","10":"product_tag-bilgisayar-bilesenleri","11":"product_tag-bilgisayar-parcalari","12":"product_tag-dizustu-bilgisayar","13":"product_tag-ekran-karti","14":"product_tag-gaming-bilgisayar","15":"product_tag-gaming-laptop","16":"product_tag-gaming-monitor","17":"product_tag-gaming-mouse","18":"product_tag-guc-kaynagi-psu","19":"product_tag-islemci-cpu","20":"product_tag-klavye","21":"product_tag-laptop","22":"product_tag-masaustu-bilgisayar","23":"product_tag-mekanik-klavye","24":"product_tag-monitor","25":"product_tag-oyun-bilgisayari","26":"product_tag-ssd","27":"pa_marka-tp-link","29":"first","30":"outofstock","31":"sale","32":"purchasable","33":"product-type-simple"},"aioseo_notices":[],"_links":{"self":[{"href":"https:\/\/www.a8bilisim.com\/index.php\/wp-json\/wp\/v2\/product\/30061","targetHints":{"allow":["GET"]}}],"collection":[{"href":"https:\/\/www.a8bilisim.com\/index.php\/wp-json\/wp\/v2\/product"}],"about":[{"href":"https:\/\/www.a8bilisim.com\/index.php\/wp-json\/wp\/v2\/types\/product"}],"version-history":[{"count":90,"href":"https:\/\/www.a8bilisim.com\/index.php\/wp-json\/wp\/v2\/product\/30061\/revisions"}],"predecessor-version":[{"id":405227,"href":"https:\/\/www.a8bilisim.com\/index.php\/wp-json\/wp\/v2\/product\/30061\/revisions\/405227"}],"wp:featuredmedia":[{"embeddable":true,"href":"https:\/\/www.a8bilisim.com\/index.php\/wp-json\/wp\/v2\/media\/30063"}],"wp:attachment":[{"href":"https:\/\/www.a8bilisim.com\/index.php\/wp-json\/wp\/v2\/media?parent=30061"}],"wp:term":[{"taxonomy":"product_brand","embeddable":true,"href":"https:\/\/www.a8bilisim.com\/index.php\/wp-json\/wp\/v2\/product_brand?post=30061"},{"taxonomy":"product_cat","embeddable":true,"href":"https:\/\/www.a8bilisim.com\/index.php\/wp-json\/wp\/v2\/product_cat?post=30061"},{"taxonomy":"product_tag","embeddable":true,"href":"https:\/\/www.a8bilisim.com\/index.php\/wp-json\/wp\/v2\/product_tag?post=30061"}],"curies":[{"name":"wp","href":"https:\/\/api.w.org\/{rel}","templated":true}]}}