{"id":30100,"date":"2025-10-01T09:16:53","date_gmt":"2025-10-01T06:16:53","guid":{"rendered":"http:\/\/20.124.82.17\/wordpress\/index.php\/urun\/omada-poe4824g-pasif-poe-adaptr-24w-net-mal-0072-ivt46364\/"},"modified":"2026-01-02T05:25:09","modified_gmt":"2026-01-02T02:25:09","slug":"omada-poe4824g-pasif-poe-adaptr-24w-net-mal-0072-ivt46364","status":"publish","type":"product","link":"https:\/\/www.a8bilisim.com\/index.php\/urun\/omada-poe4824g-pasif-poe-adaptr-24w-net-mal-0072-ivt46364\/","title":{"rendered":"Omada POE4824G Pasif PoE Adapt&#xF6;r&#xFC; (24W) \/ Net.Mal.0072-IVT46364"},"content":{"rendered":"<p>\u00dcr\u00fcn Ad\u0131: Omada POE4824G Pasif PoE Adapt&#xF6;r&#xFC; (24W)<\/p>\n<p>Stok No: IVT46364<\/p>\n<p>Stok Kodu:Net.Mal.0072<\/p>\n<p>Kategori Ad\u0131: Network Malzemeleri<\/p>\n<p>Marka:\u00a0 Tp-Link Omada<\/p>\n<p>EAN Kodu: <\/p>\n<p><strong>Stoklar\u0131m\u0131zdaki Anl\u0131k De\u011fi\u015fimlerden Dolay\u0131 \u0130stedi\u011finiz \u00fcr\u00fcn\u00fcn stokta kalmamas\u0131 durumunda sipari\u015finiz iptal edilip \u00dccretiniz iade edilecek ve konu hakk\u0131nda size bilgi verilecektir.<\/strong><\/p>\n<p>Son G\u00fcncellenme Tarihi :02-01-2026 00:35<\/p>\n<p>&nbsp;<\/p>\n","protected":false},"excerpt":{"rendered":"<p>Omada POE4824G Pasif PoE Adapt&#xF6;r&#xFC; (24W) &#8211; Stok Kodu:Net.Mal.0072 -IVT46364 &#8211; Network Malzemeleri. Son G\u00fcncellenme Tarihi :02-01-2026 00:35<\/p>\n","protected":false},"featured_media":30102,"template":"","meta":{"_monsterinsights_skip_tracking":false,"_monsterinsights_sitenote_active":false,"_monsterinsights_sitenote_note":"","_monsterinsights_sitenote_category":0,"_joinchat":[]},"product_brand":[369],"product_cat":[216],"product_tag":[127,128,129,130,131,132,133,134,135,136,137,138,139,140,141,142,143,144,145],"class_list":{"0":"post-30100","1":"product","2":"type-product","3":"status-publish","4":"has-post-thumbnail","6":"product_brand-tp-link-omada","7":"product_cat-network-malzemeleri","8":"product_tag-anakart","9":"product_tag-bilgisayar","10":"product_tag-bilgisayar-bilesenleri","11":"product_tag-bilgisayar-parcalari","12":"product_tag-dizustu-bilgisayar","13":"product_tag-ekran-karti","14":"product_tag-gaming-bilgisayar","15":"product_tag-gaming-laptop","16":"product_tag-gaming-monitor","17":"product_tag-gaming-mouse","18":"product_tag-guc-kaynagi-psu","19":"product_tag-islemci-cpu","20":"product_tag-klavye","21":"product_tag-laptop","22":"product_tag-masaustu-bilgisayar","23":"product_tag-mekanik-klavye","24":"product_tag-monitor","25":"product_tag-oyun-bilgisayari","26":"product_tag-ssd","27":"pa_marka-tp-link-omada","29":"first","30":"outofstock","31":"purchasable","32":"product-type-simple"},"aioseo_notices":[],"_links":{"self":[{"href":"https:\/\/www.a8bilisim.com\/index.php\/wp-json\/wp\/v2\/product\/30100","targetHints":{"allow":["GET"]}}],"collection":[{"href":"https:\/\/www.a8bilisim.com\/index.php\/wp-json\/wp\/v2\/product"}],"about":[{"href":"https:\/\/www.a8bilisim.com\/index.php\/wp-json\/wp\/v2\/types\/product"}],"version-history":[{"count":81,"href":"https:\/\/www.a8bilisim.com\/index.php\/wp-json\/wp\/v2\/product\/30100\/revisions"}],"predecessor-version":[{"id":401356,"href":"https:\/\/www.a8bilisim.com\/index.php\/wp-json\/wp\/v2\/product\/30100\/revisions\/401356"}],"wp:featuredmedia":[{"embeddable":true,"href":"https:\/\/www.a8bilisim.com\/index.php\/wp-json\/wp\/v2\/media\/30102"}],"wp:attachment":[{"href":"https:\/\/www.a8bilisim.com\/index.php\/wp-json\/wp\/v2\/media?parent=30100"}],"wp:term":[{"taxonomy":"product_brand","embeddable":true,"href":"https:\/\/www.a8bilisim.com\/index.php\/wp-json\/wp\/v2\/product_brand?post=30100"},{"taxonomy":"product_cat","embeddable":true,"href":"https:\/\/www.a8bilisim.com\/index.php\/wp-json\/wp\/v2\/product_cat?post=30100"},{"taxonomy":"product_tag","embeddable":true,"href":"https:\/\/www.a8bilisim.com\/index.php\/wp-json\/wp\/v2\/product_tag?post=30100"}],"curies":[{"name":"wp","href":"https:\/\/api.w.org\/{rel}","templated":true}]}}