{"id":30203,"date":"2025-10-01T09:22:03","date_gmt":"2025-10-01T06:22:03","guid":{"rendered":"http:\/\/20.124.82.17\/wordpress\/index.php\/urun\/amd-multipack-ryzen-5-8400f-6-ekirdek-up-to-4-7-ghz-16mb-am5-lemci-tray-fan-dahil-38321-gun38321\/"},"modified":"2025-12-08T06:04:19","modified_gmt":"2025-12-08T03:04:19","slug":"amd-multipack-ryzen-5-8400f-6-ekirdek-up-to-4-7-ghz-16mb-am5-lemci-tray-fan-dahil-38321-gun38321","status":"publish","type":"product","link":"https:\/\/www.a8bilisim.com\/index.php\/urun\/amd-multipack-ryzen-5-8400f-6-ekirdek-up-to-4-7-ghz-16mb-am5-lemci-tray-fan-dahil-38321-gun38321\/","title":{"rendered":"AMD (Multipack) Ryzen 5 8400F (6 &#xC7;ekirdek) Up to 4.7 GHz 16mb AM5 &#x130;&#x15F;lemci Tray (Fan Dahil) \/ 38321-GUN38321"},"content":{"rendered":"<p>\u00dcr\u00fcn Ad\u0131: AMD (Multipack) Ryzen 5 8400F (6 &#xC7;ekirdek) Up to 4.7 GHz 16mb AM5 &#x130;&#x15F;lemci Tray (Fan Dahil)<\/p>\n<p>Stok No: GUN38321<\/p>\n<p>Stok Kodu:38321<\/p>\n<p>Kategori Ad\u0131: &#x130;&#x15F;lemciler<\/p>\n<p>Marka:\u00a0 AMD<\/p>\n<p>EAN Kodu: <\/p>\n<p><strong>Stoklar\u0131m\u0131zdaki Anl\u0131k De\u011fi\u015fimlerden Dolay\u0131 \u0130stedi\u011finiz \u00fcr\u00fcn\u00fcn stokta kalmamas\u0131 durumunda sipari\u015finiz iptal edilip \u00dccretiniz iade edilecek ve konu hakk\u0131nda size bilgi verilecektir.<\/strong><\/p>\n<p>Son G\u00fcncellenme Tarihi :08-12-2025 00:30<\/p>\n<p>&nbsp;<\/p>\n","protected":false},"excerpt":{"rendered":"<p>AMD (Multipack) Ryzen 5 8400F (6 &#xC7;ekirdek) Up to 4.7 GHz 16mb AM5 &#x130;&#x15F;lemci Tray (Fan Dahil) &#8211; Stok Kodu:38321 -GUN38321 &#8211; &#x130;&#x15F;lemciler. Son G\u00fcncellenme Tarihi :08-12-2025 00:30<\/p>\n","protected":false},"featured_media":30205,"template":"","meta":{"_monsterinsights_skip_tracking":false,"_monsterinsights_sitenote_active":false,"_monsterinsights_sitenote_note":"","_monsterinsights_sitenote_category":0,"_joinchat":[]},"product_brand":[342],"product_cat":[276],"product_tag":[127,128,129,130,131,132,133,134,135,136,137,138,139,140,141,142,143,144,145],"class_list":{"0":"post-30203","1":"product","2":"type-product","3":"status-publish","4":"has-post-thumbnail","6":"product_brand-amd","7":"product_cat-lemciler","8":"product_tag-anakart","9":"product_tag-bilgisayar","10":"product_tag-bilgisayar-bilesenleri","11":"product_tag-bilgisayar-parcalari","12":"product_tag-dizustu-bilgisayar","13":"product_tag-ekran-karti","14":"product_tag-gaming-bilgisayar","15":"product_tag-gaming-laptop","16":"product_tag-gaming-monitor","17":"product_tag-gaming-mouse","18":"product_tag-guc-kaynagi-psu","19":"product_tag-islemci-cpu","20":"product_tag-klavye","21":"product_tag-laptop","22":"product_tag-masaustu-bilgisayar","23":"product_tag-mekanik-klavye","24":"product_tag-monitor","25":"product_tag-oyun-bilgisayari","26":"product_tag-ssd","27":"pa_marka-amd","29":"first","30":"outofstock","31":"purchasable","32":"product-type-simple"},"aioseo_notices":[],"_links":{"self":[{"href":"https:\/\/www.a8bilisim.com\/index.php\/wp-json\/wp\/v2\/product\/30203","targetHints":{"allow":["GET"]}}],"collection":[{"href":"https:\/\/www.a8bilisim.com\/index.php\/wp-json\/wp\/v2\/product"}],"about":[{"href":"https:\/\/www.a8bilisim.com\/index.php\/wp-json\/wp\/v2\/types\/product"}],"version-history":[{"count":63,"href":"https:\/\/www.a8bilisim.com\/index.php\/wp-json\/wp\/v2\/product\/30203\/revisions"}],"predecessor-version":[{"id":309889,"href":"https:\/\/www.a8bilisim.com\/index.php\/wp-json\/wp\/v2\/product\/30203\/revisions\/309889"}],"wp:featuredmedia":[{"embeddable":true,"href":"https:\/\/www.a8bilisim.com\/index.php\/wp-json\/wp\/v2\/media\/30205"}],"wp:attachment":[{"href":"https:\/\/www.a8bilisim.com\/index.php\/wp-json\/wp\/v2\/media?parent=30203"}],"wp:term":[{"taxonomy":"product_brand","embeddable":true,"href":"https:\/\/www.a8bilisim.com\/index.php\/wp-json\/wp\/v2\/product_brand?post=30203"},{"taxonomy":"product_cat","embeddable":true,"href":"https:\/\/www.a8bilisim.com\/index.php\/wp-json\/wp\/v2\/product_cat?post=30203"},{"taxonomy":"product_tag","embeddable":true,"href":"https:\/\/www.a8bilisim.com\/index.php\/wp-json\/wp\/v2\/product_tag?post=30203"}],"curies":[{"name":"wp","href":"https:\/\/api.w.org\/{rel}","templated":true}]}}