{"id":30330,"date":"2025-10-01T09:28:02","date_gmt":"2025-10-01T06:28:02","guid":{"rendered":"http:\/\/20.124.82.17\/wordpress\/index.php\/urun\/lenovo-thinkcentre-neo-50a-24-gen-5-12sc000qtr-23-8fhd-i5-13420h-16gb-512ssd-dos-bil-mas-aio-0156-ivt46462\/"},"modified":"2025-11-27T08:14:20","modified_gmt":"2025-11-27T05:14:20","slug":"lenovo-thinkcentre-neo-50a-24-gen-5-12sc000qtr-23-8fhd-i5-13420h-16gb-512ssd-dos-bil-mas-aio-0156-ivt46462","status":"publish","type":"product","link":"https:\/\/www.a8bilisim.com\/index.php\/urun\/lenovo-thinkcentre-neo-50a-24-gen-5-12sc000qtr-23-8fhd-i5-13420h-16gb-512ssd-dos-bil-mas-aio-0156-ivt46462\/","title":{"rendered":"Lenovo ThinkCentre 50a 24 Gen 5 12SC000QTR 23.8FHD i5-13420H 16GB 512SSD DOS \/ Bil.Mas.Aio.0156-IVT46462"},"content":{"rendered":"<p>\u00dcr\u00fcn Ad\u0131: Lenovo ThinkCentre 50a 24 Gen 5 12SC000QTR 23.8FHD i5-13420H 16GB 512SSD DOS<\/p>\n<p>Stok No: IVT46462<\/p>\n<p>Stok Kodu:Bil.Mas.Aio.0156<\/p>\n<p>Kategori Ad\u0131: Hepsi Bir Arada<\/p>\n<p>Marka:\u00a0 Lenovo<\/p>\n<p>EAN Kodu: <\/p>\n<p><strong>Stoklar\u0131m\u0131zdaki Anl\u0131k De\u011fi\u015fimlerden Dolay\u0131 \u0130stedi\u011finiz \u00fcr\u00fcn\u00fcn stokta kalmamas\u0131 durumunda sipari\u015finiz iptal edilip \u00dccretiniz iade edilecek ve konu hakk\u0131nda size bilgi verilecektir.<\/strong><\/p>\n<p>Son G\u00fcncellenme Tarihi :27-11-2025 00:33<\/p>\n<p>&nbsp;<\/p>\n","protected":false},"excerpt":{"rendered":"<p>Lenovo ThinkCentre 50a 24 Gen 5 12SC000QTR 23.8FHD i5-13420H 16GB 512SSD DOS &#8211; Stok Kodu:Bil.Mas.Aio.0156 -IVT46462 &#8211; Hepsi Bir Arada. Son G\u00fcncellenme Tarihi :27-11-2025 00:33<\/p>\n","protected":false},"featured_media":30332,"template":"","meta":{"_monsterinsights_skip_tracking":false,"_monsterinsights_sitenote_active":false,"_monsterinsights_sitenote_note":"","_monsterinsights_sitenote_category":0,"_joinchat":[]},"product_brand":[261],"product_cat":[286],"product_tag":[127,128,129,130,131,132,133,134,135,136,137,138,139,140,141,142,143,144,145],"class_list":{"0":"post-30330","1":"product","2":"type-product","3":"status-publish","4":"has-post-thumbnail","6":"product_brand-lenovo","7":"product_cat-all-in-one","8":"product_tag-anakart","9":"product_tag-bilgisayar","10":"product_tag-bilgisayar-bilesenleri","11":"product_tag-bilgisayar-parcalari","12":"product_tag-dizustu-bilgisayar","13":"product_tag-ekran-karti","14":"product_tag-gaming-bilgisayar","15":"product_tag-gaming-laptop","16":"product_tag-gaming-monitor","17":"product_tag-gaming-mouse","18":"product_tag-guc-kaynagi-psu","19":"product_tag-islemci-cpu","20":"product_tag-klavye","21":"product_tag-laptop","22":"product_tag-masaustu-bilgisayar","23":"product_tag-mekanik-klavye","24":"product_tag-monitor","25":"product_tag-oyun-bilgisayari","26":"product_tag-ssd","27":"pa_marka-lenovo","29":"first","30":"outofstock","31":"sale","32":"purchasable","33":"product-type-simple"},"aioseo_notices":[],"_links":{"self":[{"href":"https:\/\/www.a8bilisim.com\/index.php\/wp-json\/wp\/v2\/product\/30330","targetHints":{"allow":["GET"]}}],"collection":[{"href":"https:\/\/www.a8bilisim.com\/index.php\/wp-json\/wp\/v2\/product"}],"about":[{"href":"https:\/\/www.a8bilisim.com\/index.php\/wp-json\/wp\/v2\/types\/product"}],"version-history":[{"count":24,"href":"https:\/\/www.a8bilisim.com\/index.php\/wp-json\/wp\/v2\/product\/30330\/revisions"}],"predecessor-version":[{"id":268328,"href":"https:\/\/www.a8bilisim.com\/index.php\/wp-json\/wp\/v2\/product\/30330\/revisions\/268328"}],"wp:featuredmedia":[{"embeddable":true,"href":"https:\/\/www.a8bilisim.com\/index.php\/wp-json\/wp\/v2\/media\/30332"}],"wp:attachment":[{"href":"https:\/\/www.a8bilisim.com\/index.php\/wp-json\/wp\/v2\/media?parent=30330"}],"wp:term":[{"taxonomy":"product_brand","embeddable":true,"href":"https:\/\/www.a8bilisim.com\/index.php\/wp-json\/wp\/v2\/product_brand?post=30330"},{"taxonomy":"product_cat","embeddable":true,"href":"https:\/\/www.a8bilisim.com\/index.php\/wp-json\/wp\/v2\/product_cat?post=30330"},{"taxonomy":"product_tag","embeddable":true,"href":"https:\/\/www.a8bilisim.com\/index.php\/wp-json\/wp\/v2\/product_tag?post=30330"}],"curies":[{"name":"wp","href":"https:\/\/api.w.org\/{rel}","templated":true}]}}