{"id":30333,"date":"2025-10-01T09:28:02","date_gmt":"2025-10-01T06:28:02","guid":{"rendered":"http:\/\/20.124.82.17\/wordpress\/index.php\/urun\/lenovo-v15-g4-i7-1355u-15-6fhd-8gb-512ssd-dos-83a100kxtr-bil-diz-0311-ivt46463\/"},"modified":"2026-01-03T05:26:48","modified_gmt":"2026-01-03T02:26:48","slug":"lenovo-v15-g4-i7-1355u-15-6fhd-8gb-512ssd-dos-83a100kxtr-bil-diz-0311-ivt46463","status":"publish","type":"product","link":"https:\/\/www.a8bilisim.com\/index.php\/urun\/lenovo-v15-g4-i7-1355u-15-6fhd-8gb-512ssd-dos-83a100kxtr-bil-diz-0311-ivt46463\/","title":{"rendered":"Lenovo V15 G4 i7-1355U 15.6FHD 8GB 512SSD DOS (83A100KXTR) \/ Bil.Diz.0311-IVT46463"},"content":{"rendered":"<p>\u00dcr\u00fcn Ad\u0131: Lenovo V15 G4 i7-1355U 15.6FHD 8GB 512SSD DOS (83A100KXTR)<\/p>\n<p>Stok No: IVT46463<\/p>\n<p>Stok Kodu:Bil.Diz.0311<\/p>\n<p>Kategori Ad\u0131: Notebook<\/p>\n<p>Marka:\u00a0 Lenovo<\/p>\n<p>EAN Kodu: <\/p>\n<p><strong>Stoklar\u0131m\u0131zdaki Anl\u0131k De\u011fi\u015fimlerden Dolay\u0131 \u0130stedi\u011finiz \u00fcr\u00fcn\u00fcn stokta kalmamas\u0131 durumunda sipari\u015finiz iptal edilip \u00dccretiniz iade edilecek ve konu hakk\u0131nda size bilgi verilecektir.<\/strong><\/p>\n<p>Son G\u00fcncellenme Tarihi :03-01-2026 00:35<\/p>\n<p>&nbsp;<\/p>\n","protected":false},"excerpt":{"rendered":"<p>Lenovo V15 G4 i7-1355U 15.6FHD 8GB 512SSD DOS (83A100KXTR) &#8211; Stok Kodu:Bil.Diz.0311 -IVT46463 &#8211; Notebook. Son G\u00fcncellenme Tarihi :03-01-2026 00:35<\/p>\n","protected":false},"featured_media":30335,"template":"","meta":{"_monsterinsights_skip_tracking":false,"_monsterinsights_sitenote_active":false,"_monsterinsights_sitenote_note":"","_monsterinsights_sitenote_category":0,"_joinchat":[]},"product_brand":[261],"product_cat":[290],"product_tag":[127,128,129,130,131,132,133,134,135,136,137,138,139,140,141,142,143,144,145],"class_list":{"0":"post-30333","1":"product","2":"type-product","3":"status-publish","4":"has-post-thumbnail","6":"product_brand-lenovo","7":"product_cat-notebook","8":"product_tag-anakart","9":"product_tag-bilgisayar","10":"product_tag-bilgisayar-bilesenleri","11":"product_tag-bilgisayar-parcalari","12":"product_tag-dizustu-bilgisayar","13":"product_tag-ekran-karti","14":"product_tag-gaming-bilgisayar","15":"product_tag-gaming-laptop","16":"product_tag-gaming-monitor","17":"product_tag-gaming-mouse","18":"product_tag-guc-kaynagi-psu","19":"product_tag-islemci-cpu","20":"product_tag-klavye","21":"product_tag-laptop","22":"product_tag-masaustu-bilgisayar","23":"product_tag-mekanik-klavye","24":"product_tag-monitor","25":"product_tag-oyun-bilgisayari","26":"product_tag-ssd","27":"pa_marka-lenovo","29":"first","30":"outofstock","31":"sale","32":"purchasable","33":"product-type-simple"},"aioseo_notices":[],"_links":{"self":[{"href":"https:\/\/www.a8bilisim.com\/index.php\/wp-json\/wp\/v2\/product\/30333","targetHints":{"allow":["GET"]}}],"collection":[{"href":"https:\/\/www.a8bilisim.com\/index.php\/wp-json\/wp\/v2\/product"}],"about":[{"href":"https:\/\/www.a8bilisim.com\/index.php\/wp-json\/wp\/v2\/types\/product"}],"version-history":[{"count":45,"href":"https:\/\/www.a8bilisim.com\/index.php\/wp-json\/wp\/v2\/product\/30333\/revisions"}],"predecessor-version":[{"id":405320,"href":"https:\/\/www.a8bilisim.com\/index.php\/wp-json\/wp\/v2\/product\/30333\/revisions\/405320"}],"wp:featuredmedia":[{"embeddable":true,"href":"https:\/\/www.a8bilisim.com\/index.php\/wp-json\/wp\/v2\/media\/30335"}],"wp:attachment":[{"href":"https:\/\/www.a8bilisim.com\/index.php\/wp-json\/wp\/v2\/media?parent=30333"}],"wp:term":[{"taxonomy":"product_brand","embeddable":true,"href":"https:\/\/www.a8bilisim.com\/index.php\/wp-json\/wp\/v2\/product_brand?post=30333"},{"taxonomy":"product_cat","embeddable":true,"href":"https:\/\/www.a8bilisim.com\/index.php\/wp-json\/wp\/v2\/product_cat?post=30333"},{"taxonomy":"product_tag","embeddable":true,"href":"https:\/\/www.a8bilisim.com\/index.php\/wp-json\/wp\/v2\/product_tag?post=30333"}],"curies":[{"name":"wp","href":"https:\/\/api.w.org\/{rel}","templated":true}]}}