{"id":30701,"date":"2025-10-01T09:42:03","date_gmt":"2025-10-01T06:42:03","guid":{"rendered":"http:\/\/20.124.82.17\/wordpress\/index.php\/urun\/philips-27-276b1-00-qhd-4ms-75hz-dp-hdmi-usb-c-ips-monitr-bbi-isl-mon-0171-ivt46485\/"},"modified":"2026-01-03T05:28:27","modified_gmt":"2026-01-03T02:28:27","slug":"philips-27-276b1-00-qhd-4ms-75hz-dp-hdmi-usb-c-ips-monitr-bbi-isl-mon-0171-ivt46485","status":"publish","type":"product","link":"https:\/\/www.a8bilisim.com\/index.php\/urun\/philips-27-276b1-00-qhd-4ms-75hz-dp-hdmi-usb-c-ips-monitr-bbi-isl-mon-0171-ivt46485\/","title":{"rendered":"Philips 27 276B1\/00 QHD 4ms 75Hz Dp\/Hdmi\/Usb-c IPS Monit&#xF6;r \/ Bbi.Isl.Mon.0171-IVT46485"},"content":{"rendered":"<p>\u00dcr\u00fcn Ad\u0131: Philips 27 276B1\/00 QHD 4ms 75Hz Dp\/Hdmi\/Usb-c IPS Monit&#xF6;r<\/p>\n<p>Stok No: IVT46485<\/p>\n<p>Stok Kodu:Bbi.Isl.Mon.0171<\/p>\n<p>Kategori Ad\u0131: Monit&#xF6;r<\/p>\n<p>Marka:\u00a0 Philips<\/p>\n<p>EAN Kodu: <\/p>\n<p><strong>Stoklar\u0131m\u0131zdaki Anl\u0131k De\u011fi\u015fimlerden Dolay\u0131 \u0130stedi\u011finiz \u00fcr\u00fcn\u00fcn stokta kalmamas\u0131 durumunda sipari\u015finiz iptal edilip \u00dccretiniz iade edilecek ve konu hakk\u0131nda size bilgi verilecektir.<\/strong><\/p>\n<p>Son G\u00fcncellenme Tarihi :03-01-2026 00:35<\/p>\n<p>&nbsp;<\/p>\n","protected":false},"excerpt":{"rendered":"<p>Philips 27 276B1\/00 QHD 4ms 75Hz Dp\/Hdmi\/Usb-c IPS Monit&#xF6;r &#8211; Stok Kodu:Bbi.Isl.Mon.0171 -IVT46485 &#8211; Monit&#xF6;r. Son G\u00fcncellenme Tarihi :03-01-2026 00:35<\/p>\n","protected":false},"featured_media":30703,"template":"","meta":{"_monsterinsights_skip_tracking":false,"_monsterinsights_sitenote_active":false,"_monsterinsights_sitenote_note":"","_monsterinsights_sitenote_category":0,"_joinchat":[]},"product_brand":[390],"product_cat":[329],"product_tag":[127,128,129,130,131,132,133,134,135,136,137,138,139,140,141,142,143,144,145],"class_list":{"0":"post-30701","1":"product","2":"type-product","3":"status-publish","4":"has-post-thumbnail","6":"product_brand-philips","7":"product_cat-monitrler","8":"product_tag-anakart","9":"product_tag-bilgisayar","10":"product_tag-bilgisayar-bilesenleri","11":"product_tag-bilgisayar-parcalari","12":"product_tag-dizustu-bilgisayar","13":"product_tag-ekran-karti","14":"product_tag-gaming-bilgisayar","15":"product_tag-gaming-laptop","16":"product_tag-gaming-monitor","17":"product_tag-gaming-mouse","18":"product_tag-guc-kaynagi-psu","19":"product_tag-islemci-cpu","20":"product_tag-klavye","21":"product_tag-laptop","22":"product_tag-masaustu-bilgisayar","23":"product_tag-mekanik-klavye","24":"product_tag-monitor","25":"product_tag-oyun-bilgisayari","26":"product_tag-ssd","27":"pa_marka-philips","29":"first","30":"outofstock","31":"purchasable","32":"product-type-simple"},"aioseo_notices":[],"_links":{"self":[{"href":"https:\/\/www.a8bilisim.com\/index.php\/wp-json\/wp\/v2\/product\/30701","targetHints":{"allow":["GET"]}}],"collection":[{"href":"https:\/\/www.a8bilisim.com\/index.php\/wp-json\/wp\/v2\/product"}],"about":[{"href":"https:\/\/www.a8bilisim.com\/index.php\/wp-json\/wp\/v2\/types\/product"}],"version-history":[{"count":36,"href":"https:\/\/www.a8bilisim.com\/index.php\/wp-json\/wp\/v2\/product\/30701\/revisions"}],"predecessor-version":[{"id":405542,"href":"https:\/\/www.a8bilisim.com\/index.php\/wp-json\/wp\/v2\/product\/30701\/revisions\/405542"}],"wp:featuredmedia":[{"embeddable":true,"href":"https:\/\/www.a8bilisim.com\/index.php\/wp-json\/wp\/v2\/media\/30703"}],"wp:attachment":[{"href":"https:\/\/www.a8bilisim.com\/index.php\/wp-json\/wp\/v2\/media?parent=30701"}],"wp:term":[{"taxonomy":"product_brand","embeddable":true,"href":"https:\/\/www.a8bilisim.com\/index.php\/wp-json\/wp\/v2\/product_brand?post=30701"},{"taxonomy":"product_cat","embeddable":true,"href":"https:\/\/www.a8bilisim.com\/index.php\/wp-json\/wp\/v2\/product_cat?post=30701"},{"taxonomy":"product_tag","embeddable":true,"href":"https:\/\/www.a8bilisim.com\/index.php\/wp-json\/wp\/v2\/product_tag?post=30701"}],"curies":[{"name":"wp","href":"https:\/\/api.w.org\/{rel}","templated":true}]}}