{"id":30751,"date":"2025-10-01T09:42:59","date_gmt":"2025-10-01T06:42:59","guid":{"rendered":"http:\/\/20.124.82.17\/wordpress\/index.php\/urun\/intel-m23901-001-1700p-1851p-i5-i7-serileri-iin-cpu-fan-12-13-14-nesil-35290-gun35290\/"},"modified":"2026-01-06T05:32:43","modified_gmt":"2026-01-06T02:32:43","slug":"intel-m23901-001-1700p-1851p-i5-i7-serileri-iin-cpu-fan-12-13-14-nesil-35290-gun35290","status":"publish","type":"product","link":"https:\/\/www.a8bilisim.com\/index.php\/urun\/intel-m23901-001-1700p-1851p-i5-i7-serileri-iin-cpu-fan-12-13-14-nesil-35290-gun35290\/","title":{"rendered":"INTEL M23901-001 1700p\/1851p i5 &#8211; i7 serileri i&#xE7;in CPU Fan&#x131; 12-13-14 Nesil \/ 35290-GUN35290"},"content":{"rendered":"<p>\u00dcr\u00fcn Ad\u0131: INTEL M23901-001 1700p\/1851p i5 &#8211; i7 serileri i&#xE7;in CPU Fan&#x131; 12-13-14 Nesil<\/p>\n<p><span dir=\"auto\" style=\"vertical-align: inherit;\"><span dir=\"auto\" style=\"vertical-align: inherit;\">Stok No: GUN35290<\/span><\/span><\/p>\n<p>Stok Kodu:35290<\/p>\n<p>Kategori Ad\u0131: &#x130;&#x15F;lemciler<\/p>\n<p><span dir=\"auto\" style=\"vertical-align: inherit;\"><span dir=\"auto\" style=\"vertical-align: inherit;\">EAN Kodu: <\/span><\/span><\/p>\n<p><strong>Stoklar\u0131m\u0131zdaki Anl\u0131k De\u011fi\u015fimlerden Dolay\u0131 \u0130stedi\u011finiz \u00fcr\u00fcn\u00fcn stokta kalmamas\u0131 durumunda sipari\u015finiz iptal edilip \u00dccretiniz iade edilecek ve konu hakk\u0131nda size bilgi verilecektir.<\/strong><\/p>\n<p>Son G\u00fcncellenme Tarihi :06-01-2026 00:31<\/p>\n<p>&nbsp;<\/p>\n","protected":false},"excerpt":{"rendered":"<p>INTEL M23901-001 1700p\/1851p i5 &#8211; i7 serileri i&#xE7;in CPU Fan&#x131; 12-13-14 Nesil &#8211; Stok Kodu:35290 -GUN35290 &#8211; &#x130;&#x15F;lemciler. Son G\u00fcncellenme Tarihi :06-01-2026 00:31<\/p>\n","protected":false},"featured_media":30753,"template":"","meta":{"_monsterinsights_skip_tracking":false,"_monsterinsights_sitenote_active":false,"_monsterinsights_sitenote_note":"","_monsterinsights_sitenote_category":0,"_joinchat":[]},"product_brand":[317],"product_cat":[276],"product_tag":[127,128,129,130,131,132,133,134,135,136,137,138,139,140,141,142,143,144,145],"class_list":{"0":"post-30751","1":"product","2":"type-product","3":"status-publish","4":"has-post-thumbnail","6":"product_brand-intel","7":"product_cat-lemciler","8":"product_tag-anakart","9":"product_tag-bilgisayar","10":"product_tag-bilgisayar-bilesenleri","11":"product_tag-bilgisayar-parcalari","12":"product_tag-dizustu-bilgisayar","13":"product_tag-ekran-karti","14":"product_tag-gaming-bilgisayar","15":"product_tag-gaming-laptop","16":"product_tag-gaming-monitor","17":"product_tag-gaming-mouse","18":"product_tag-guc-kaynagi-psu","19":"product_tag-islemci-cpu","20":"product_tag-klavye","21":"product_tag-laptop","22":"product_tag-masaustu-bilgisayar","23":"product_tag-mekanik-klavye","24":"product_tag-monitor","25":"product_tag-oyun-bilgisayari","26":"product_tag-ssd","27":"pa_marka-intel","29":"first","30":"outofstock","31":"sale","32":"purchasable","33":"product-type-simple"},"aioseo_notices":[],"_links":{"self":[{"href":"https:\/\/www.a8bilisim.com\/index.php\/wp-json\/wp\/v2\/product\/30751","targetHints":{"allow":["GET"]}}],"collection":[{"href":"https:\/\/www.a8bilisim.com\/index.php\/wp-json\/wp\/v2\/product"}],"about":[{"href":"https:\/\/www.a8bilisim.com\/index.php\/wp-json\/wp\/v2\/types\/product"}],"version-history":[{"count":70,"href":"https:\/\/www.a8bilisim.com\/index.php\/wp-json\/wp\/v2\/product\/30751\/revisions"}],"predecessor-version":[{"id":417773,"href":"https:\/\/www.a8bilisim.com\/index.php\/wp-json\/wp\/v2\/product\/30751\/revisions\/417773"}],"wp:featuredmedia":[{"embeddable":true,"href":"https:\/\/www.a8bilisim.com\/index.php\/wp-json\/wp\/v2\/media\/30753"}],"wp:attachment":[{"href":"https:\/\/www.a8bilisim.com\/index.php\/wp-json\/wp\/v2\/media?parent=30751"}],"wp:term":[{"taxonomy":"product_brand","embeddable":true,"href":"https:\/\/www.a8bilisim.com\/index.php\/wp-json\/wp\/v2\/product_brand?post=30751"},{"taxonomy":"product_cat","embeddable":true,"href":"https:\/\/www.a8bilisim.com\/index.php\/wp-json\/wp\/v2\/product_cat?post=30751"},{"taxonomy":"product_tag","embeddable":true,"href":"https:\/\/www.a8bilisim.com\/index.php\/wp-json\/wp\/v2\/product_tag?post=30751"}],"curies":[{"name":"wp","href":"https:\/\/api.w.org\/{rel}","templated":true}]}}