{"id":310021,"date":"2025-12-08T06:06:49","date_gmt":"2025-12-08T03:06:49","guid":{"rendered":"https:\/\/www.a8bilisim.com\/index.php\/urun\/samsung-2tb-990-evo-plus-pcie-4-pcie-5-m-2-nvme-7250-6300mb-s-mz-v9s2t0bw-kar61693\/"},"modified":"2026-01-03T05:28:03","modified_gmt":"2026-01-03T02:28:03","slug":"samsung-2tb-990-evo-plus-pcie-4-pcie-5-m-2-nvme-7250-6300mb-s-mz-v9s2t0bw-kar61693","status":"publish","type":"product","link":"https:\/\/www.a8bilisim.com\/index.php\/urun\/samsung-2tb-990-evo-plus-pcie-4-pcie-5-m-2-nvme-7250-6300mb-s-mz-v9s2t0bw-kar61693\/","title":{"rendered":"SAMSUNG 2TB 990 EVO Plus PCIe-4-PCIe-5 M-2-NVMe (7250\/6300MB\/S) \/ MZ-V9S2T0BW-KAR61693"},"content":{"rendered":"<p>\u00dcr\u00fcn Ad\u0131: SAMSUNG 2TB 990 EVO Plus PCIe-4-PCIe-5 M-2-NVMe (7250\/6300MB\/S)<\/p>\n<p>Stok No: KAR61693<\/p>\n<p>Stok Kodu:MZ-V9S2T0BW<\/p>\n<p>Kategori Ad\u0131: SSD M2  NVMe<\/p>\n<p>Marka:\u00a0 SAMSUNG<\/p>\n<p>EAN Kodu: 8806095575650<\/p>\n<p><strong>Stoklar\u0131m\u0131zdaki Anl\u0131k De\u011fi\u015fimlerden Dolay\u0131 \u0130stedi\u011finiz \u00fcr\u00fcn\u00fcn stokta kalmamas\u0131 durumunda sipari\u015finiz iptal edilip \u00dccretiniz iade edilecek ve konu hakk\u0131nda size bilgi verilecektir.<\/strong><\/p>\n<p>Son G\u00fcncellenme Tarihi :03-01-2026 00:32<\/p>\n<p>&nbsp;<\/p>\n","protected":false},"excerpt":{"rendered":"<p>SAMSUNG 2TB 990 EVO Plus PCIe-4-PCIe-5 M-2-NVMe (7250\/6300MB\/S) &#8211; Stok Kodu:MZ-V9S2T0BW -KAR61693 &#8211; SSD M2  NVMe. Son G\u00fcncellenme Tarihi :03-01-2026 00:32<\/p>\n","protected":false},"featured_media":310023,"template":"","meta":{"_monsterinsights_skip_tracking":false,"_monsterinsights_sitenote_active":false,"_monsterinsights_sitenote_note":"","_monsterinsights_sitenote_category":0,"_joinchat":[]},"product_brand":[288],"product_cat":[289],"product_tag":[127,128,129,130,131,132,133,134,135,136,137,138,139,140,141,142,143,144,145],"class_list":{"0":"post-310021","1":"product","2":"type-product","3":"status-publish","4":"has-post-thumbnail","6":"product_brand-samsung","7":"product_cat-ssd","8":"product_tag-anakart","9":"product_tag-bilgisayar","10":"product_tag-bilgisayar-bilesenleri","11":"product_tag-bilgisayar-parcalari","12":"product_tag-dizustu-bilgisayar","13":"product_tag-ekran-karti","14":"product_tag-gaming-bilgisayar","15":"product_tag-gaming-laptop","16":"product_tag-gaming-monitor","17":"product_tag-gaming-mouse","18":"product_tag-guc-kaynagi-psu","19":"product_tag-islemci-cpu","20":"product_tag-klavye","21":"product_tag-laptop","22":"product_tag-masaustu-bilgisayar","23":"product_tag-mekanik-klavye","24":"product_tag-monitor","25":"product_tag-oyun-bilgisayari","26":"product_tag-ssd","27":"pa_marka-samsung","29":"first","30":"outofstock","31":"sale","32":"purchasable","33":"product-type-simple"},"aioseo_notices":[],"_links":{"self":[{"href":"https:\/\/www.a8bilisim.com\/index.php\/wp-json\/wp\/v2\/product\/310021","targetHints":{"allow":["GET"]}}],"collection":[{"href":"https:\/\/www.a8bilisim.com\/index.php\/wp-json\/wp\/v2\/product"}],"about":[{"href":"https:\/\/www.a8bilisim.com\/index.php\/wp-json\/wp\/v2\/types\/product"}],"version-history":[{"count":8,"href":"https:\/\/www.a8bilisim.com\/index.php\/wp-json\/wp\/v2\/product\/310021\/revisions"}],"predecessor-version":[{"id":405417,"href":"https:\/\/www.a8bilisim.com\/index.php\/wp-json\/wp\/v2\/product\/310021\/revisions\/405417"}],"wp:featuredmedia":[{"embeddable":true,"href":"https:\/\/www.a8bilisim.com\/index.php\/wp-json\/wp\/v2\/media\/310023"}],"wp:attachment":[{"href":"https:\/\/www.a8bilisim.com\/index.php\/wp-json\/wp\/v2\/media?parent=310021"}],"wp:term":[{"taxonomy":"product_brand","embeddable":true,"href":"https:\/\/www.a8bilisim.com\/index.php\/wp-json\/wp\/v2\/product_brand?post=310021"},{"taxonomy":"product_cat","embeddable":true,"href":"https:\/\/www.a8bilisim.com\/index.php\/wp-json\/wp\/v2\/product_cat?post=310021"},{"taxonomy":"product_tag","embeddable":true,"href":"https:\/\/www.a8bilisim.com\/index.php\/wp-json\/wp\/v2\/product_tag?post=310021"}],"curies":[{"name":"wp","href":"https:\/\/api.w.org\/{rel}","templated":true}]}}