{"id":35131,"date":"2025-10-02T08:34:02","date_gmt":"2025-10-02T05:34:02","guid":{"rendered":"http:\/\/20.124.82.17\/wordpress\/index.php\/urun\/fiber-6-port-sc-dx-small-duvar-tipi-fiber-panel-wmm-00197-kar60859\/"},"modified":"2025-11-21T08:10:06","modified_gmt":"2025-11-21T05:10:06","slug":"fiber-6-port-sc-dx-small-duvar-tipi-fiber-panel-wmm-00197-kar60859","status":"publish","type":"product","link":"https:\/\/www.a8bilisim.com\/index.php\/urun\/fiber-6-port-sc-dx-small-duvar-tipi-fiber-panel-wmm-00197-kar60859\/","title":{"rendered":"Fiber 6 Port SC DX Small Duvar Tipi Fiber Panel \/ WMM-00197-KAR60859"},"content":{"rendered":"<p>\u00dcr\u00fcn Ad\u0131: Fiber 6 Port SC DX Small Duvar Tipi Fiber Panel<\/p>\n<p>Stok No: KAR60859<\/p>\n<p>Stok Kodu:WMM-00197<\/p>\n<p>Kategori Ad\u0131: Fiber Patch Panel<\/p>\n<p>Marka:\u00a0 MARKASIZ<\/p>\n<p>EAN Kodu: <\/p>\n<p><strong>Stoklar\u0131m\u0131zdaki Anl\u0131k De\u011fi\u015fimlerden Dolay\u0131 \u0130stedi\u011finiz \u00fcr\u00fcn\u00fcn stokta kalmamas\u0131 durumunda sipari\u015finiz iptal edilip \u00dccretiniz iade edilecek ve konu hakk\u0131nda size bilgi verilecektir.<\/strong><\/p>\n<p>Son G\u00fcncellenme Tarihi :21-11-2025 00:32<\/p>\n<p>&nbsp;<\/p>\n","protected":false},"excerpt":{"rendered":"<p>Fiber 6 Port SC DX Small Duvar Tipi Fiber Panel &#8211; Stok Kodu:WMM-00197 -KAR60859 &#8211; Fiber Patch Panel. Son G\u00fcncellenme Tarihi :21-11-2025 00:32<\/p>\n","protected":false},"featured_media":35133,"template":"","meta":{"_monsterinsights_skip_tracking":false,"_monsterinsights_sitenote_active":false,"_monsterinsights_sitenote_note":"","_monsterinsights_sitenote_category":0,"_joinchat":[]},"product_brand":[154],"product_cat":[201],"product_tag":[127,128,129,130,131,132,133,134,135,136,137,138,139,140,141,142,143,144,145],"class_list":{"0":"post-35131","1":"product","2":"type-product","3":"status-publish","4":"has-post-thumbnail","6":"product_brand-markasiz","7":"product_cat-kabin-aksesuar","8":"product_tag-anakart","9":"product_tag-bilgisayar","10":"product_tag-bilgisayar-bilesenleri","11":"product_tag-bilgisayar-parcalari","12":"product_tag-dizustu-bilgisayar","13":"product_tag-ekran-karti","14":"product_tag-gaming-bilgisayar","15":"product_tag-gaming-laptop","16":"product_tag-gaming-monitor","17":"product_tag-gaming-mouse","18":"product_tag-guc-kaynagi-psu","19":"product_tag-islemci-cpu","20":"product_tag-klavye","21":"product_tag-laptop","22":"product_tag-masaustu-bilgisayar","23":"product_tag-mekanik-klavye","24":"product_tag-monitor","25":"product_tag-oyun-bilgisayari","26":"product_tag-ssd","27":"pa_marka-markasiz","29":"first","30":"outofstock","31":"sale","32":"purchasable","33":"product-type-simple"},"aioseo_notices":[],"_links":{"self":[{"href":"https:\/\/www.a8bilisim.com\/index.php\/wp-json\/wp\/v2\/product\/35131","targetHints":{"allow":["GET"]}}],"collection":[{"href":"https:\/\/www.a8bilisim.com\/index.php\/wp-json\/wp\/v2\/product"}],"about":[{"href":"https:\/\/www.a8bilisim.com\/index.php\/wp-json\/wp\/v2\/types\/product"}],"version-history":[{"count":38,"href":"https:\/\/www.a8bilisim.com\/index.php\/wp-json\/wp\/v2\/product\/35131\/revisions"}],"predecessor-version":[{"id":242097,"href":"https:\/\/www.a8bilisim.com\/index.php\/wp-json\/wp\/v2\/product\/35131\/revisions\/242097"}],"wp:featuredmedia":[{"embeddable":true,"href":"https:\/\/www.a8bilisim.com\/index.php\/wp-json\/wp\/v2\/media\/35133"}],"wp:attachment":[{"href":"https:\/\/www.a8bilisim.com\/index.php\/wp-json\/wp\/v2\/media?parent=35131"}],"wp:term":[{"taxonomy":"product_brand","embeddable":true,"href":"https:\/\/www.a8bilisim.com\/index.php\/wp-json\/wp\/v2\/product_brand?post=35131"},{"taxonomy":"product_cat","embeddable":true,"href":"https:\/\/www.a8bilisim.com\/index.php\/wp-json\/wp\/v2\/product_cat?post=35131"},{"taxonomy":"product_tag","embeddable":true,"href":"https:\/\/www.a8bilisim.com\/index.php\/wp-json\/wp\/v2\/product_tag?post=35131"}],"curies":[{"name":"wp","href":"https:\/\/api.w.org\/{rel}","templated":true}]}}