{"id":35477,"date":"2025-10-02T08:50:52","date_gmt":"2025-10-02T05:50:52","guid":{"rendered":"http:\/\/20.124.82.17\/wordpress\/index.php\/urun\/msi-n210-1gd3-lp-1gb-geforce-gt210-ddr3-64bit-hdmi-dvi-vga-16x-ekran-kart-39069-gun4719072305222\/"},"modified":"2025-12-01T08:15:07","modified_gmt":"2025-12-01T05:15:07","slug":"msi-n210-1gd3-lp-1gb-geforce-gt210-ddr3-64bit-hdmi-dvi-vga-16x-ekran-kart-39069-gun4719072305222","status":"publish","type":"product","link":"https:\/\/www.a8bilisim.com\/index.php\/urun\/msi-n210-1gd3-lp-1gb-geforce-gt210-ddr3-64bit-hdmi-dvi-vga-16x-ekran-kart-39069-gun4719072305222\/","title":{"rendered":"MSI N210 1GD3\/LP 1GB Geforce GT210 DDR3 64bit HDMI DVI VGA 16x Ekran Kart&#x131; \/ 39069-GUN4719072305222"},"content":{"rendered":"<p>\u00dcr\u00fcn Ad\u0131: MSI N210 1GD3\/LP 1GB Geforce GT210 DDR3 64bit HDMI DVI VGA 16x Ekran Kart&#x131;<\/p>\n<p>Stok No: GUN4719072305222<\/p>\n<p>Stok Kodu:39069<\/p>\n<p>Kategori Ad\u0131: Ekran Kart&#x131;<\/p>\n<p>Marka:\u00a0 MSI<\/p>\n<p>EAN Kodu: <\/p>\n<p><strong>Stoklar\u0131m\u0131zdaki Anl\u0131k De\u011fi\u015fimlerden Dolay\u0131 \u0130stedi\u011finiz \u00fcr\u00fcn\u00fcn stokta kalmamas\u0131 durumunda sipari\u015finiz iptal edilip \u00dccretiniz iade edilecek ve konu hakk\u0131nda size bilgi verilecektir.<\/strong><\/p>\n<p>Son G\u00fcncellenme Tarihi :01-12-2025 00:30<\/p>\n<p>&nbsp;<\/p>\n","protected":false},"excerpt":{"rendered":"<p>MSI N210 1GD3\/LP 1GB Geforce GT210 DDR3 64bit HDMI DVI VGA 16x Ekran Kart&#x131; &#8211; Stok Kodu:39069 -GUN4719072305222 &#8211; Ekran Kart&#x131;. Son G\u00fcncellenme Tarihi :01-12-2025 00:30<\/p>\n","protected":false},"featured_media":0,"template":"","meta":{"_monsterinsights_skip_tracking":false,"_monsterinsights_sitenote_active":false,"_monsterinsights_sitenote_note":"","_monsterinsights_sitenote_category":0,"_joinchat":[]},"product_brand":[236],"product_cat":[237],"product_tag":[127,128,129,130,131,132,133,134,135,136,137,138,139,140,141,142,143,144,145],"class_list":{"0":"post-35477","1":"product","2":"type-product","3":"status-publish","5":"product_brand-msi","6":"product_cat-ekran-kartlar","7":"product_tag-anakart","8":"product_tag-bilgisayar","9":"product_tag-bilgisayar-bilesenleri","10":"product_tag-bilgisayar-parcalari","11":"product_tag-dizustu-bilgisayar","12":"product_tag-ekran-karti","13":"product_tag-gaming-bilgisayar","14":"product_tag-gaming-laptop","15":"product_tag-gaming-monitor","16":"product_tag-gaming-mouse","17":"product_tag-guc-kaynagi-psu","18":"product_tag-islemci-cpu","19":"product_tag-klavye","20":"product_tag-laptop","21":"product_tag-masaustu-bilgisayar","22":"product_tag-mekanik-klavye","23":"product_tag-monitor","24":"product_tag-oyun-bilgisayari","25":"product_tag-ssd","26":"pa_marka-msi","28":"first","29":"outofstock","30":"purchasable","31":"product-type-simple"},"aioseo_notices":[],"_links":{"self":[{"href":"https:\/\/www.a8bilisim.com\/index.php\/wp-json\/wp\/v2\/product\/35477","targetHints":{"allow":["GET"]}}],"collection":[{"href":"https:\/\/www.a8bilisim.com\/index.php\/wp-json\/wp\/v2\/product"}],"about":[{"href":"https:\/\/www.a8bilisim.com\/index.php\/wp-json\/wp\/v2\/types\/product"}],"version-history":[{"count":56,"href":"https:\/\/www.a8bilisim.com\/index.php\/wp-json\/wp\/v2\/product\/35477\/revisions"}],"predecessor-version":[{"id":284609,"href":"https:\/\/www.a8bilisim.com\/index.php\/wp-json\/wp\/v2\/product\/35477\/revisions\/284609"}],"wp:attachment":[{"href":"https:\/\/www.a8bilisim.com\/index.php\/wp-json\/wp\/v2\/media?parent=35477"}],"wp:term":[{"taxonomy":"product_brand","embeddable":true,"href":"https:\/\/www.a8bilisim.com\/index.php\/wp-json\/wp\/v2\/product_brand?post=35477"},{"taxonomy":"product_cat","embeddable":true,"href":"https:\/\/www.a8bilisim.com\/index.php\/wp-json\/wp\/v2\/product_cat?post=35477"},{"taxonomy":"product_tag","embeddable":true,"href":"https:\/\/www.a8bilisim.com\/index.php\/wp-json\/wp\/v2\/product_tag?post=35477"}],"curies":[{"name":"wp","href":"https:\/\/api.w.org\/{rel}","templated":true}]}}