{"id":366058,"date":"2025-12-23T05:24:01","date_gmt":"2025-12-23T02:24:01","guid":{"rendered":"https:\/\/www.a8bilisim.com\/index.php\/urun\/intel-i5-10400f-tray-fansz-2-9ghz-4-3ghz-vgasz-14nm-1200p-cm8070104290716-kar53978\/"},"modified":"2026-02-03T05:22:30","modified_gmt":"2026-02-03T02:22:30","slug":"intel-i5-10400f-tray-fansz-2-9ghz-4-3ghz-vgasz-14nm-1200p-cm8070104290716-kar53978","status":"publish","type":"product","link":"https:\/\/www.a8bilisim.com\/index.php\/urun\/intel-i5-10400f-tray-fansz-2-9ghz-4-3ghz-vgasz-14nm-1200p-cm8070104290716-kar53978\/","title":{"rendered":"INTEL i5-10400F Tray, Fans&#x131;z 2.9GHz\/4.3GHz VGA&#8217;s&#x131;z 14nm 1200p \/ CM8070104290716-KAR53978"},"content":{"rendered":"<p>\u00dcr\u00fcn Ad\u0131: INTEL i5-10400F Tray, Fans&#x131;z 2.9GHz\/4.3GHz VGA&#8217;s&#x131;z 14nm 1200p<\/p>\n<p><span dir=\"auto\" style=\"vertical-align: inherit;\"><span dir=\"auto\" style=\"vertical-align: inherit;\">Stok No: KAR53978<\/span><\/span><\/p>\n<p>Stok Kodu:CM8070104290716<\/p>\n<p>Kategori Ad\u0131: Intel<\/p>\n<p><span dir=\"auto\" style=\"vertical-align: inherit;\"><span dir=\"auto\" style=\"vertical-align: inherit;\">EAN Kodu: <\/span><\/span><\/p>\n<p><strong>Stoklar\u0131m\u0131zdaki Anl\u0131k De\u011fi\u015fimlerden Dolay\u0131 \u0130stedi\u011finiz \u00fcr\u00fcn\u00fcn stokta kalmamas\u0131 durumunda sipari\u015finiz iptal edilip \u00dccretiniz iade edilecek ve konu hakk\u0131nda size bilgi verilecektir.<\/strong><\/p>\n<p>Son G\u00fcncellenme Tarihi :03-02-2026 00:36<\/p>\n<p>&nbsp;<\/p>\n","protected":false},"excerpt":{"rendered":"<p>INTEL i5-10400F Tray, Fans&#x131;z 2.9GHz\/4.3GHz VGA&#8217;s&#x131;z 14nm 1200p &#8211; Stok Kodu:CM8070104290716 -KAR53978 &#8211; Intel. Son G\u00fcncellenme Tarihi :03-02-2026 00:36<\/p>\n","protected":false},"featured_media":366060,"template":"","meta":{"_monsterinsights_skip_tracking":false,"_monsterinsights_sitenote_active":false,"_monsterinsights_sitenote_note":"","_monsterinsights_sitenote_category":0,"_joinchat":[]},"product_brand":[317],"product_cat":[276],"product_tag":[127,128,129,130,131,132,133,134,135,136,137,138,139,140,141,142,143,144,145],"class_list":{"0":"post-366058","1":"product","2":"type-product","3":"status-publish","4":"has-post-thumbnail","6":"product_brand-intel","7":"product_cat-lemciler","8":"product_tag-anakart","9":"product_tag-bilgisayar","10":"product_tag-bilgisayar-bilesenleri","11":"product_tag-bilgisayar-parcalari","12":"product_tag-dizustu-bilgisayar","13":"product_tag-ekran-karti","14":"product_tag-gaming-bilgisayar","15":"product_tag-gaming-laptop","16":"product_tag-gaming-monitor","17":"product_tag-gaming-mouse","18":"product_tag-guc-kaynagi-psu","19":"product_tag-islemci-cpu","20":"product_tag-klavye","21":"product_tag-laptop","22":"product_tag-masaustu-bilgisayar","23":"product_tag-mekanik-klavye","24":"product_tag-monitor","25":"product_tag-oyun-bilgisayari","26":"product_tag-ssd","27":"pa_marka-intel","29":"first","30":"outofstock","31":"sale","32":"purchasable","33":"product-type-simple"},"aioseo_notices":[],"_links":{"self":[{"href":"https:\/\/www.a8bilisim.com\/index.php\/wp-json\/wp\/v2\/product\/366058","targetHints":{"allow":["GET"]}}],"collection":[{"href":"https:\/\/www.a8bilisim.com\/index.php\/wp-json\/wp\/v2\/product"}],"about":[{"href":"https:\/\/www.a8bilisim.com\/index.php\/wp-json\/wp\/v2\/types\/product"}],"version-history":[{"count":44,"href":"https:\/\/www.a8bilisim.com\/index.php\/wp-json\/wp\/v2\/product\/366058\/revisions"}],"predecessor-version":[{"id":499990,"href":"https:\/\/www.a8bilisim.com\/index.php\/wp-json\/wp\/v2\/product\/366058\/revisions\/499990"}],"wp:featuredmedia":[{"embeddable":true,"href":"https:\/\/www.a8bilisim.com\/index.php\/wp-json\/wp\/v2\/media\/366060"}],"wp:attachment":[{"href":"https:\/\/www.a8bilisim.com\/index.php\/wp-json\/wp\/v2\/media?parent=366058"}],"wp:term":[{"taxonomy":"product_brand","embeddable":true,"href":"https:\/\/www.a8bilisim.com\/index.php\/wp-json\/wp\/v2\/product_brand?post=366058"},{"taxonomy":"product_cat","embeddable":true,"href":"https:\/\/www.a8bilisim.com\/index.php\/wp-json\/wp\/v2\/product_cat?post=366058"},{"taxonomy":"product_tag","embeddable":true,"href":"https:\/\/www.a8bilisim.com\/index.php\/wp-json\/wp\/v2\/product_tag?post=366058"}],"curies":[{"name":"wp","href":"https:\/\/api.w.org\/{rel}","templated":true}]}}