{"id":408230,"date":"2026-01-04T05:14:46","date_gmt":"2026-01-04T02:14:46","guid":{"rendered":"https:\/\/www.a8bilisim.com\/index.php\/urun\/dotvolt-volt-dt9-12-12v-9ah-kuru-tip-upsgvenlik-aks-volt-dt9-12-12v-9ah-ups-kar55339\/"},"modified":"2026-05-01T06:41:51","modified_gmt":"2026-05-01T03:41:51","slug":"dotvolt-volt-dt9-12-12v-9ah-kuru-tip-upsgvenlik-aks-volt-dt9-12-12v-9ah-ups-kar55339","status":"publish","type":"product","link":"https:\/\/www.a8bilisim.com\/index.php\/urun\/dotvolt-volt-dt9-12-12v-9ah-kuru-tip-upsgvenlik-aks-volt-dt9-12-12v-9ah-ups-kar55339\/","title":{"rendered":"DOTVOLT VOLT DT9-12 12V 9AH Kuru Tip UPS+G&#xFC;venlik Ak&#xFC;s&#xFC; \/ VOLT DT9-12 12V 9AH UPS-KAR55339"},"content":{"rendered":"<p>\u00dcr\u00fcn Ad\u0131: DOTVOLT VOLT DT9-12 12V 9AH Kuru Tip UPS+G&#xFC;venlik Ak&#xFC;s&#xFC;<\/p>\n<p><span dir=\"auto\" style=\"vertical-align: inherit;\"><span dir=\"auto\" style=\"vertical-align: inherit;\">Stok No: KAR55339<\/span><\/span><\/p>\n<p>Stok Kodu:VOLT DT9-12 12V 9AH UPS<\/p>\n<p>Kategori Ad\u0131: Ak&#xFC;ler<\/p>\n<p><span dir=\"auto\" style=\"vertical-align: inherit;\"><span dir=\"auto\" style=\"vertical-align: inherit;\">EAN Kodu: 000134<\/span><\/span><\/p>\n<p><strong>Stoklar\u0131m\u0131zdaki Anl\u0131k De\u011fi\u015fimlerden Dolay\u0131 \u0130stedi\u011finiz \u00fcr\u00fcn\u00fcn stokta kalmamas\u0131 durumunda sipari\u015finiz iptal edilip \u00dccretiniz iade edilecek ve konu hakk\u0131nda size bilgi verilecektir.<\/strong><\/p>\n<p>Son G\u00fcncellenme Tarihi :01-05-2026 02:36<\/p>\n<p>&nbsp;<\/p>\n","protected":false},"excerpt":{"rendered":"<p>DOTVOLT VOLT DT9-12 12V 9AH Kuru Tip UPS+G&#xFC;venlik Ak&#xFC;s&#xFC; &#8211; Stok Kodu:VOLT DT9-12 12V 9AH UPS -KAR55339 &#8211; Ak&#xFC;ler. Son G\u00fcncellenme Tarihi :01-05-2026 02:36<\/p>\n","protected":false},"featured_media":408232,"template":"","meta":{"_monsterinsights_skip_tracking":false,"_monsterinsights_sitenote_active":false,"_monsterinsights_sitenote_note":"","_monsterinsights_sitenote_category":0,"_joinchat":[]},"product_brand":[319],"product_cat":[148],"product_tag":[127,128,129,130,131,132,133,134,135,136,137,138,139,140,141,142,143,144,145],"class_list":{"0":"post-408230","1":"product","2":"type-product","3":"status-publish","4":"has-post-thumbnail","6":"product_brand-dotvolt","7":"product_cat-yedek-para-ve-aksesuar","8":"product_tag-anakart","9":"product_tag-bilgisayar","10":"product_tag-bilgisayar-bilesenleri","11":"product_tag-bilgisayar-parcalari","12":"product_tag-dizustu-bilgisayar","13":"product_tag-ekran-karti","14":"product_tag-gaming-bilgisayar","15":"product_tag-gaming-laptop","16":"product_tag-gaming-monitor","17":"product_tag-gaming-mouse","18":"product_tag-guc-kaynagi-psu","19":"product_tag-islemci-cpu","20":"product_tag-klavye","21":"product_tag-laptop","22":"product_tag-masaustu-bilgisayar","23":"product_tag-mekanik-klavye","24":"product_tag-monitor","25":"product_tag-oyun-bilgisayari","26":"product_tag-ssd","27":"pa_marka-dotvolt","29":"first","30":"instock","31":"sale","32":"purchasable","33":"product-type-simple"},"aioseo_notices":[],"_links":{"self":[{"href":"https:\/\/www.a8bilisim.com\/index.php\/wp-json\/wp\/v2\/product\/408230","targetHints":{"allow":["GET"]}}],"collection":[{"href":"https:\/\/www.a8bilisim.com\/index.php\/wp-json\/wp\/v2\/product"}],"about":[{"href":"https:\/\/www.a8bilisim.com\/index.php\/wp-json\/wp\/v2\/types\/product"}],"version-history":[{"count":114,"href":"https:\/\/www.a8bilisim.com\/index.php\/wp-json\/wp\/v2\/product\/408230\/revisions"}],"predecessor-version":[{"id":722417,"href":"https:\/\/www.a8bilisim.com\/index.php\/wp-json\/wp\/v2\/product\/408230\/revisions\/722417"}],"wp:featuredmedia":[{"embeddable":true,"href":"https:\/\/www.a8bilisim.com\/index.php\/wp-json\/wp\/v2\/media\/408232"}],"wp:attachment":[{"href":"https:\/\/www.a8bilisim.com\/index.php\/wp-json\/wp\/v2\/media?parent=408230"}],"wp:term":[{"taxonomy":"product_brand","embeddable":true,"href":"https:\/\/www.a8bilisim.com\/index.php\/wp-json\/wp\/v2\/product_brand?post=408230"},{"taxonomy":"product_cat","embeddable":true,"href":"https:\/\/www.a8bilisim.com\/index.php\/wp-json\/wp\/v2\/product_cat?post=408230"},{"taxonomy":"product_tag","embeddable":true,"href":"https:\/\/www.a8bilisim.com\/index.php\/wp-json\/wp\/v2\/product_tag?post=408230"}],"curies":[{"name":"wp","href":"https:\/\/api.w.org\/{rel}","templated":true}]}}