{"id":417929,"date":"2026-01-06T05:34:31","date_gmt":"2026-01-06T02:34:31","guid":{"rendered":"https:\/\/www.a8bilisim.com\/index.php\/urun\/crucial-ct32g48c40u5-32gb-tek-para-ddr5-4800mhz-pc-bellek-40111-gun40111\/"},"modified":"2026-01-30T05:26:52","modified_gmt":"2026-01-30T02:26:52","slug":"crucial-ct32g48c40u5-32gb-tek-para-ddr5-4800mhz-pc-bellek-40111-gun40111","status":"publish","type":"product","link":"https:\/\/www.a8bilisim.com\/index.php\/urun\/crucial-ct32g48c40u5-32gb-tek-para-ddr5-4800mhz-pc-bellek-40111-gun40111\/","title":{"rendered":"CRUCIAL CT32G48C40U5 32GB (Tek Par&#xE7;a) DDR5 4800Mhz PC Bellek \/ 40111-GUN40111"},"content":{"rendered":"<p>\u00dcr\u00fcn Ad\u0131: CRUCIAL CT32G48C40U5 32GB (Tek Par&#xE7;a) DDR5 4800Mhz PC Bellek<\/p>\n<p><span dir=\"auto\" style=\"vertical-align: inherit;\"><span dir=\"auto\" style=\"vertical-align: inherit;\">Stok No: GUN40111<\/span><\/span><\/p>\n<p>Stok Kodu:40111<\/p>\n<p>Kategori Ad\u0131: Bellekler<\/p>\n<p><span dir=\"auto\" style=\"vertical-align: inherit;\"><span dir=\"auto\" style=\"vertical-align: inherit;\">EAN Kodu: <\/span><\/span><\/p>\n<p><strong>Stoklar\u0131m\u0131zdaki Anl\u0131k De\u011fi\u015fimlerden Dolay\u0131 \u0130stedi\u011finiz \u00fcr\u00fcn\u00fcn stokta kalmamas\u0131 durumunda sipari\u015finiz iptal edilip \u00dccretiniz iade edilecek ve konu hakk\u0131nda size bilgi verilecektir.<\/strong><\/p>\n<p>Son G\u00fcncellenme Tarihi :30-01-2026 00:30<\/p>\n<p>&nbsp;<\/p>\n","protected":false},"excerpt":{"rendered":"<p>CRUCIAL CT32G48C40U5 32GB (Tek Par&#xE7;a) DDR5 4800Mhz PC Bellek &#8211; Stok Kodu:40111 -GUN40111 &#8211; Bellekler. Son G\u00fcncellenme Tarihi :30-01-2026 00:30<\/p>\n","protected":false},"featured_media":417931,"template":"","meta":{"_monsterinsights_skip_tracking":false,"_monsterinsights_sitenote_active":false,"_monsterinsights_sitenote_note":"","_monsterinsights_sitenote_category":0,"_joinchat":[]},"product_brand":[427],"product_cat":[204],"product_tag":[127,128,129,130,131,132,133,134,135,136,137,138,139,140,141,142,143,144,145],"class_list":{"0":"post-417929","1":"product","2":"type-product","3":"status-publish","4":"has-post-thumbnail","6":"product_brand-crucial","7":"product_cat-bellek","8":"product_tag-anakart","9":"product_tag-bilgisayar","10":"product_tag-bilgisayar-bilesenleri","11":"product_tag-bilgisayar-parcalari","12":"product_tag-dizustu-bilgisayar","13":"product_tag-ekran-karti","14":"product_tag-gaming-bilgisayar","15":"product_tag-gaming-laptop","16":"product_tag-gaming-monitor","17":"product_tag-gaming-mouse","18":"product_tag-guc-kaynagi-psu","19":"product_tag-islemci-cpu","20":"product_tag-klavye","21":"product_tag-laptop","22":"product_tag-masaustu-bilgisayar","23":"product_tag-mekanik-klavye","24":"product_tag-monitor","25":"product_tag-oyun-bilgisayari","26":"product_tag-ssd","27":"pa_marka-crucial","29":"first","30":"outofstock","31":"sale","32":"purchasable","33":"product-type-simple"},"aioseo_notices":[],"_links":{"self":[{"href":"https:\/\/www.a8bilisim.com\/index.php\/wp-json\/wp\/v2\/product\/417929","targetHints":{"allow":["GET"]}}],"collection":[{"href":"https:\/\/www.a8bilisim.com\/index.php\/wp-json\/wp\/v2\/product"}],"about":[{"href":"https:\/\/www.a8bilisim.com\/index.php\/wp-json\/wp\/v2\/types\/product"}],"version-history":[{"count":25,"href":"https:\/\/www.a8bilisim.com\/index.php\/wp-json\/wp\/v2\/product\/417929\/revisions"}],"predecessor-version":[{"id":489169,"href":"https:\/\/www.a8bilisim.com\/index.php\/wp-json\/wp\/v2\/product\/417929\/revisions\/489169"}],"wp:featuredmedia":[{"embeddable":true,"href":"https:\/\/www.a8bilisim.com\/index.php\/wp-json\/wp\/v2\/media\/417931"}],"wp:attachment":[{"href":"https:\/\/www.a8bilisim.com\/index.php\/wp-json\/wp\/v2\/media?parent=417929"}],"wp:term":[{"taxonomy":"product_brand","embeddable":true,"href":"https:\/\/www.a8bilisim.com\/index.php\/wp-json\/wp\/v2\/product_brand?post=417929"},{"taxonomy":"product_cat","embeddable":true,"href":"https:\/\/www.a8bilisim.com\/index.php\/wp-json\/wp\/v2\/product_cat?post=417929"},{"taxonomy":"product_tag","embeddable":true,"href":"https:\/\/www.a8bilisim.com\/index.php\/wp-json\/wp\/v2\/product_tag?post=417929"}],"curies":[{"name":"wp","href":"https:\/\/api.w.org\/{rel}","templated":true}]}}