{"id":417958,"date":"2026-01-06T05:34:57","date_gmt":"2026-01-06T02:34:57","guid":{"rendered":"https:\/\/www.a8bilisim.com\/index.php\/urun\/ramaxel-rmsb3400kp96iaf-8gb-ddr5-5600mhz-notebook-bellek-bulk-39602-gun39602\/"},"modified":"2026-04-14T06:14:03","modified_gmt":"2026-04-14T03:14:03","slug":"ramaxel-rmsb3400kp96iaf-8gb-ddr5-5600mhz-notebook-bellek-bulk-39602-gun39602","status":"publish","type":"product","link":"https:\/\/www.a8bilisim.com\/index.php\/urun\/ramaxel-rmsb3400kp96iaf-8gb-ddr5-5600mhz-notebook-bellek-bulk-39602-gun39602\/","title":{"rendered":"RAMAXEL RMSB3400KP96IAF 8GB DDR5 5600MHz Notebook Bellek Bulk \/ 39602-GUN39602"},"content":{"rendered":"<p>\u00dcr\u00fcn Ad\u0131: RAMAXEL RMSB3400KP96IAF 8GB DDR5 5600MHz Notebook Bellek Bulk<\/p>\n<p><span dir=\"auto\" style=\"vertical-align: inherit;\"><span dir=\"auto\" style=\"vertical-align: inherit;\">Stok No: GUN39602<\/span><\/span><\/p>\n<p>Stok Kodu:39602<\/p>\n<p>Kategori Ad\u0131: Bellekler<\/p>\n<p><span dir=\"auto\" style=\"vertical-align: inherit;\"><span dir=\"auto\" style=\"vertical-align: inherit;\">EAN Kodu: <\/span><\/span><\/p>\n<p><strong>Stoklar\u0131m\u0131zdaki Anl\u0131k De\u011fi\u015fimlerden Dolay\u0131 \u0130stedi\u011finiz \u00fcr\u00fcn\u00fcn stokta kalmamas\u0131 durumunda sipari\u015finiz iptal edilip \u00dccretiniz iade edilecek ve konu hakk\u0131nda size bilgi verilecektir.<\/strong><\/p>\n<p>Son G\u00fcncellenme Tarihi :14-04-2026 02:30<\/p>\n<p>&nbsp;<\/p>\n","protected":false},"excerpt":{"rendered":"<p>RAMAXEL RMSB3400KP96IAF 8GB DDR5 5600MHz Notebook Bellek Bulk &#8211; Stok Kodu:39602 -GUN39602 &#8211; Bellekler. Son G\u00fcncellenme Tarihi :14-04-2026 02:30<\/p>\n","protected":false},"featured_media":417960,"template":"","meta":{"_monsterinsights_skip_tracking":false,"_monsterinsights_sitenote_active":false,"_monsterinsights_sitenote_note":"","_monsterinsights_sitenote_category":0,"_joinchat":[]},"product_brand":[496],"product_cat":[204],"product_tag":[127,128,129,130,131,132,133,134,135,136,137,138,139,140,141,142,143,144,145],"class_list":{"0":"post-417958","1":"product","2":"type-product","3":"status-publish","4":"has-post-thumbnail","6":"product_brand-ramaxel","7":"product_cat-bellek","8":"product_tag-anakart","9":"product_tag-bilgisayar","10":"product_tag-bilgisayar-bilesenleri","11":"product_tag-bilgisayar-parcalari","12":"product_tag-dizustu-bilgisayar","13":"product_tag-ekran-karti","14":"product_tag-gaming-bilgisayar","15":"product_tag-gaming-laptop","16":"product_tag-gaming-monitor","17":"product_tag-gaming-mouse","18":"product_tag-guc-kaynagi-psu","19":"product_tag-islemci-cpu","20":"product_tag-klavye","21":"product_tag-laptop","22":"product_tag-masaustu-bilgisayar","23":"product_tag-mekanik-klavye","24":"product_tag-monitor","25":"product_tag-oyun-bilgisayari","26":"product_tag-ssd","27":"pa_marka-ramaxel","29":"first","30":"instock","31":"sale","32":"purchasable","33":"product-type-simple"},"aioseo_notices":[],"_links":{"self":[{"href":"https:\/\/www.a8bilisim.com\/index.php\/wp-json\/wp\/v2\/product\/417958","targetHints":{"allow":["GET"]}}],"collection":[{"href":"https:\/\/www.a8bilisim.com\/index.php\/wp-json\/wp\/v2\/product"}],"about":[{"href":"https:\/\/www.a8bilisim.com\/index.php\/wp-json\/wp\/v2\/types\/product"}],"version-history":[{"count":99,"href":"https:\/\/www.a8bilisim.com\/index.php\/wp-json\/wp\/v2\/product\/417958\/revisions"}],"predecessor-version":[{"id":690458,"href":"https:\/\/www.a8bilisim.com\/index.php\/wp-json\/wp\/v2\/product\/417958\/revisions\/690458"}],"wp:featuredmedia":[{"embeddable":true,"href":"https:\/\/www.a8bilisim.com\/index.php\/wp-json\/wp\/v2\/media\/417960"}],"wp:attachment":[{"href":"https:\/\/www.a8bilisim.com\/index.php\/wp-json\/wp\/v2\/media?parent=417958"}],"wp:term":[{"taxonomy":"product_brand","embeddable":true,"href":"https:\/\/www.a8bilisim.com\/index.php\/wp-json\/wp\/v2\/product_brand?post=417958"},{"taxonomy":"product_cat","embeddable":true,"href":"https:\/\/www.a8bilisim.com\/index.php\/wp-json\/wp\/v2\/product_cat?post=417958"},{"taxonomy":"product_tag","embeddable":true,"href":"https:\/\/www.a8bilisim.com\/index.php\/wp-json\/wp\/v2\/product_tag?post=417958"}],"curies":[{"name":"wp","href":"https:\/\/api.w.org\/{rel}","templated":true}]}}