{"id":418026,"date":"2026-01-06T05:36:01","date_gmt":"2026-01-06T02:36:01","guid":{"rendered":"https:\/\/www.a8bilisim.com\/index.php\/urun\/seagate-st10000vn000-ironwolf-3-5-10tb-7200rpm-256mb-sata-tr-seagate-garantili-7-24-nas-harddisk-32745-gun8719706022859\/"},"modified":"2026-04-30T06:14:36","modified_gmt":"2026-04-30T03:14:36","slug":"seagate-st10000vn000-ironwolf-3-5-10tb-7200rpm-256mb-sata-tr-seagate-garantili-7-24-nas-harddisk-32745-gun8719706022859","status":"publish","type":"product","link":"https:\/\/www.a8bilisim.com\/index.php\/urun\/seagate-st10000vn000-ironwolf-3-5-10tb-7200rpm-256mb-sata-tr-seagate-garantili-7-24-nas-harddisk-32745-gun8719706022859\/","title":{"rendered":"SEAGATE ST10000VN000 IRONWOLF 3.5&#8243; 10TB 7200rpm 256mb Sata (TR Seagate Garantili) 7\/24 NAS Harddisk \/ 32745-GUN8719706022859"},"content":{"rendered":"<p>\u00dcr\u00fcn Ad\u0131: SEAGATE ST10000VN000 IRONWOLF 3.5&#8243; 10TB 7200rpm 256mb Sata (TR Seagate Garantili) 7\/24 NAS Harddisk<\/p>\n<p><span dir=\"auto\" style=\"vertical-align: inherit;\"><span dir=\"auto\" style=\"vertical-align: inherit;\">Stok No: GUN8719706022859<\/span><\/span><\/p>\n<p>Stok Kodu:32745<\/p>\n<p>Kategori Ad\u0131: Harddiskler<\/p>\n<p><span dir=\"auto\" style=\"vertical-align: inherit;\"><span dir=\"auto\" style=\"vertical-align: inherit;\">EAN Kodu: <\/span><\/span><\/p>\n<p><strong>Stoklar\u0131m\u0131zdaki Anl\u0131k De\u011fi\u015fimlerden Dolay\u0131 \u0130stedi\u011finiz \u00fcr\u00fcn\u00fcn stokta kalmamas\u0131 durumunda sipari\u015finiz iptal edilip \u00dccretiniz iade edilecek ve konu hakk\u0131nda size bilgi verilecektir.<\/strong><\/p>\n<p>Son G\u00fcncellenme Tarihi :30-04-2026 02:31<\/p>\n<p>&nbsp;<\/p>\n","protected":false},"excerpt":{"rendered":"<p>SEAGATE ST10000VN000 IRONWOLF 3.5&#8243; 10TB 7200rpm 256mb Sata (TR Seagate Garantili) 7\/24 NAS Harddisk &#8211; Stok Kodu:32745 -GUN8719706022859 &#8211; Harddiskler. Son G\u00fcncellenme Tarihi :30-04-2026 02:31<\/p>\n","protected":false},"featured_media":418028,"template":"","meta":{"_monsterinsights_skip_tracking":false,"_monsterinsights_sitenote_active":false,"_monsterinsights_sitenote_note":"","_monsterinsights_sitenote_category":0,"_joinchat":[]},"product_brand":[270],"product_cat":[224],"product_tag":[127,128,129,130,131,132,133,134,135,136,137,138,139,140,141,142,143,144,145],"class_list":{"0":"post-418026","1":"product","2":"type-product","3":"status-publish","4":"has-post-thumbnail","6":"product_brand-seagate","7":"product_cat-harddisk","8":"product_tag-anakart","9":"product_tag-bilgisayar","10":"product_tag-bilgisayar-bilesenleri","11":"product_tag-bilgisayar-parcalari","12":"product_tag-dizustu-bilgisayar","13":"product_tag-ekran-karti","14":"product_tag-gaming-bilgisayar","15":"product_tag-gaming-laptop","16":"product_tag-gaming-monitor","17":"product_tag-gaming-mouse","18":"product_tag-guc-kaynagi-psu","19":"product_tag-islemci-cpu","20":"product_tag-klavye","21":"product_tag-laptop","22":"product_tag-masaustu-bilgisayar","23":"product_tag-mekanik-klavye","24":"product_tag-monitor","25":"product_tag-oyun-bilgisayari","26":"product_tag-ssd","27":"pa_marka-seagate","29":"first","30":"instock","31":"purchasable","32":"product-type-simple"},"aioseo_notices":[],"_links":{"self":[{"href":"https:\/\/www.a8bilisim.com\/index.php\/wp-json\/wp\/v2\/product\/418026","targetHints":{"allow":["GET"]}}],"collection":[{"href":"https:\/\/www.a8bilisim.com\/index.php\/wp-json\/wp\/v2\/product"}],"about":[{"href":"https:\/\/www.a8bilisim.com\/index.php\/wp-json\/wp\/v2\/types\/product"}],"version-history":[{"count":72,"href":"https:\/\/www.a8bilisim.com\/index.php\/wp-json\/wp\/v2\/product\/418026\/revisions"}],"predecessor-version":[{"id":719676,"href":"https:\/\/www.a8bilisim.com\/index.php\/wp-json\/wp\/v2\/product\/418026\/revisions\/719676"}],"wp:featuredmedia":[{"embeddable":true,"href":"https:\/\/www.a8bilisim.com\/index.php\/wp-json\/wp\/v2\/media\/418028"}],"wp:attachment":[{"href":"https:\/\/www.a8bilisim.com\/index.php\/wp-json\/wp\/v2\/media?parent=418026"}],"wp:term":[{"taxonomy":"product_brand","embeddable":true,"href":"https:\/\/www.a8bilisim.com\/index.php\/wp-json\/wp\/v2\/product_brand?post=418026"},{"taxonomy":"product_cat","embeddable":true,"href":"https:\/\/www.a8bilisim.com\/index.php\/wp-json\/wp\/v2\/product_cat?post=418026"},{"taxonomy":"product_tag","embeddable":true,"href":"https:\/\/www.a8bilisim.com\/index.php\/wp-json\/wp\/v2\/product_tag?post=418026"}],"curies":[{"name":"wp","href":"https:\/\/api.w.org\/{rel}","templated":true}]}}