{"id":421676,"date":"2026-01-08T05:08:43","date_gmt":"2026-01-08T02:08:43","guid":{"rendered":"https:\/\/www.a8bilisim.com\/index.php\/urun\/kingston-dc600m-1-92tb-2-5-sata-3-sunucu-ssd-sedc600m-1920g-kar59647\/"},"modified":"2026-04-30T06:04:42","modified_gmt":"2026-04-30T03:04:42","slug":"kingston-dc600m-1-92tb-2-5-sata-3-sunucu-ssd-sedc600m-1920g-kar59647","status":"publish","type":"product","link":"https:\/\/www.a8bilisim.com\/index.php\/urun\/kingston-dc600m-1-92tb-2-5-sata-3-sunucu-ssd-sedc600m-1920g-kar59647\/","title":{"rendered":"KINGSTON DC600M 1.92TB 2.5&#8243; Sata 3 Sunucu SSD \/ SEDC600M\/1920G-KAR59647"},"content":{"rendered":"<p>\u00dcr\u00fcn Ad\u0131: KINGSTON DC600M 1.92TB 2.5&#8243; Sata 3 Sunucu SSD<\/p>\n<p><span dir=\"auto\" style=\"vertical-align: inherit;\"><span dir=\"auto\" style=\"vertical-align: inherit;\">Stok No: KAR59647<\/span><\/span><\/p>\n<p>Stok Kodu:SEDC600M\/1920G<\/p>\n<p>Kategori Ad\u0131: Harddisk<\/p>\n<p><span dir=\"auto\" style=\"vertical-align: inherit;\"><span dir=\"auto\" style=\"vertical-align: inherit;\">EAN Kodu: 740617334890<\/span><\/span><\/p>\n<p><strong>Stoklar\u0131m\u0131zdaki Anl\u0131k De\u011fi\u015fimlerden Dolay\u0131 \u0130stedi\u011finiz \u00fcr\u00fcn\u00fcn stokta kalmamas\u0131 durumunda sipari\u015finiz iptal edilip \u00dccretiniz iade edilecek ve konu hakk\u0131nda size bilgi verilecektir.<\/strong><\/p>\n<p>Son G\u00fcncellenme Tarihi :30-04-2026 02:37<\/p>\n<p>&nbsp;<\/p>\n","protected":false},"excerpt":{"rendered":"<p>KINGSTON DC600M 1.92TB 2.5&#8243; Sata 3 Sunucu SSD &#8211; Stok Kodu:SEDC600M\/1920G -KAR59647 &#8211; Harddisk. Son G\u00fcncellenme Tarihi :30-04-2026 02:37<\/p>\n","protected":false},"featured_media":421678,"template":"","meta":{"_monsterinsights_skip_tracking":false,"_monsterinsights_sitenote_active":false,"_monsterinsights_sitenote_note":"","_monsterinsights_sitenote_category":0,"_joinchat":[]},"product_brand":[282],"product_cat":[224],"product_tag":[127,128,129,130,131,132,133,134,135,136,137,138,139,140,141,142,143,144,145],"class_list":{"0":"post-421676","1":"product","2":"type-product","3":"status-publish","4":"has-post-thumbnail","6":"product_brand-kingston","7":"product_cat-harddisk","8":"product_tag-anakart","9":"product_tag-bilgisayar","10":"product_tag-bilgisayar-bilesenleri","11":"product_tag-bilgisayar-parcalari","12":"product_tag-dizustu-bilgisayar","13":"product_tag-ekran-karti","14":"product_tag-gaming-bilgisayar","15":"product_tag-gaming-laptop","16":"product_tag-gaming-monitor","17":"product_tag-gaming-mouse","18":"product_tag-guc-kaynagi-psu","19":"product_tag-islemci-cpu","20":"product_tag-klavye","21":"product_tag-laptop","22":"product_tag-masaustu-bilgisayar","23":"product_tag-mekanik-klavye","24":"product_tag-monitor","25":"product_tag-oyun-bilgisayari","26":"product_tag-ssd","27":"pa_marka-kingston","29":"first","30":"outofstock","31":"sale","32":"purchasable","33":"product-type-simple"},"aioseo_notices":[],"_links":{"self":[{"href":"https:\/\/www.a8bilisim.com\/index.php\/wp-json\/wp\/v2\/product\/421676","targetHints":{"allow":["GET"]}}],"collection":[{"href":"https:\/\/www.a8bilisim.com\/index.php\/wp-json\/wp\/v2\/product"}],"about":[{"href":"https:\/\/www.a8bilisim.com\/index.php\/wp-json\/wp\/v2\/types\/product"}],"version-history":[{"count":94,"href":"https:\/\/www.a8bilisim.com\/index.php\/wp-json\/wp\/v2\/product\/421676\/revisions"}],"predecessor-version":[{"id":717569,"href":"https:\/\/www.a8bilisim.com\/index.php\/wp-json\/wp\/v2\/product\/421676\/revisions\/717569"}],"wp:featuredmedia":[{"embeddable":true,"href":"https:\/\/www.a8bilisim.com\/index.php\/wp-json\/wp\/v2\/media\/421678"}],"wp:attachment":[{"href":"https:\/\/www.a8bilisim.com\/index.php\/wp-json\/wp\/v2\/media?parent=421676"}],"wp:term":[{"taxonomy":"product_brand","embeddable":true,"href":"https:\/\/www.a8bilisim.com\/index.php\/wp-json\/wp\/v2\/product_brand?post=421676"},{"taxonomy":"product_cat","embeddable":true,"href":"https:\/\/www.a8bilisim.com\/index.php\/wp-json\/wp\/v2\/product_cat?post=421676"},{"taxonomy":"product_tag","embeddable":true,"href":"https:\/\/www.a8bilisim.com\/index.php\/wp-json\/wp\/v2\/product_tag?post=421676"}],"curies":[{"name":"wp","href":"https:\/\/api.w.org\/{rel}","templated":true}]}}