{"id":424146,"date":"2026-01-08T05:28:44","date_gmt":"2026-01-08T02:28:44","guid":{"rendered":"https:\/\/www.a8bilisim.com\/index.php\/urun\/western-digital-sn5000s-m-2-512gb-6000-4000mb-s-pcie-nvme-ssd-disk-kutusuz-22x80mm-31909-gun31909\/"},"modified":"2026-01-08T05:28:45","modified_gmt":"2026-01-08T02:28:45","slug":"western-digital-sn5000s-m-2-512gb-6000-4000mb-s-pcie-nvme-ssd-disk-kutusuz-22x80mm-31909-gun31909","status":"publish","type":"product","link":"https:\/\/www.a8bilisim.com\/index.php\/urun\/western-digital-sn5000s-m-2-512gb-6000-4000mb-s-pcie-nvme-ssd-disk-kutusuz-22x80mm-31909-gun31909\/","title":{"rendered":"WESTERN DIGITAL SN5000S M.2 512GB (6000-4000MB\/s) PCIe + NVMe SSD Disk Kutusuz (22x80MM) \/ 31909-GUN31909"},"content":{"rendered":"<p>\u00dcr\u00fcn Ad\u0131: WESTERN DIGITAL SN5000S M.2 512GB (6000-4000MB\/s) PCIe + NVMe SSD Disk Kutusuz (22x80MM)<\/p>\n<p><span dir=\"auto\" style=\"vertical-align: inherit;\"><span dir=\"auto\" style=\"vertical-align: inherit;\">Stok No: GUN31909<\/span><\/span><\/p>\n<p>Stok Kodu:31909<\/p>\n<p>Kategori Ad\u0131: Harddiskler<\/p>\n<p><span dir=\"auto\" style=\"vertical-align: inherit;\"><span dir=\"auto\" style=\"vertical-align: inherit;\">EAN Kodu: <\/span><\/span><\/p>\n<p><strong>Stoklar\u0131m\u0131zdaki Anl\u0131k De\u011fi\u015fimlerden Dolay\u0131 \u0130stedi\u011finiz \u00fcr\u00fcn\u00fcn stokta kalmamas\u0131 durumunda sipari\u015finiz iptal edilip \u00dccretiniz iade edilecek ve konu hakk\u0131nda size bilgi verilecektir.<\/strong><\/p>\n<p>Son G\u00fcncellenme Tarihi :08-01-2026 00:30<\/p>\n<p>&nbsp;<\/p>\n","protected":false},"excerpt":{"rendered":"<p>WESTERN DIGITAL SN5000S M.2 512GB (6000-4000MB\/s) PCIe + NVMe SSD Disk Kutusuz (22x80MM) &#8211; Stok Kodu:31909 -GUN31909 &#8211; Harddiskler. Son G\u00fcncellenme Tarihi :08-01-2026 00:30<\/p>\n","protected":false},"featured_media":424148,"template":"","meta":{"_monsterinsights_skip_tracking":false,"_monsterinsights_sitenote_active":false,"_monsterinsights_sitenote_note":"","_monsterinsights_sitenote_category":0,"_joinchat":[]},"product_brand":[392],"product_cat":[224],"product_tag":[127,128,129,130,131,132,133,134,135,136,137,138,139,140,141,142,143,144,145],"class_list":{"0":"post-424146","1":"product","2":"type-product","3":"status-publish","4":"has-post-thumbnail","6":"product_brand-western-digital","7":"product_cat-harddisk","8":"product_tag-anakart","9":"product_tag-bilgisayar","10":"product_tag-bilgisayar-bilesenleri","11":"product_tag-bilgisayar-parcalari","12":"product_tag-dizustu-bilgisayar","13":"product_tag-ekran-karti","14":"product_tag-gaming-bilgisayar","15":"product_tag-gaming-laptop","16":"product_tag-gaming-monitor","17":"product_tag-gaming-mouse","18":"product_tag-guc-kaynagi-psu","19":"product_tag-islemci-cpu","20":"product_tag-klavye","21":"product_tag-laptop","22":"product_tag-masaustu-bilgisayar","23":"product_tag-mekanik-klavye","24":"product_tag-monitor","25":"product_tag-oyun-bilgisayari","26":"product_tag-ssd","27":"pa_marka-western-digital","29":"first","30":"outofstock","31":"sale","32":"purchasable","33":"product-type-simple"},"aioseo_notices":[],"_links":{"self":[{"href":"https:\/\/www.a8bilisim.com\/index.php\/wp-json\/wp\/v2\/product\/424146","targetHints":{"allow":["GET"]}}],"collection":[{"href":"https:\/\/www.a8bilisim.com\/index.php\/wp-json\/wp\/v2\/product"}],"about":[{"href":"https:\/\/www.a8bilisim.com\/index.php\/wp-json\/wp\/v2\/types\/product"}],"version-history":[{"count":1,"href":"https:\/\/www.a8bilisim.com\/index.php\/wp-json\/wp\/v2\/product\/424146\/revisions"}],"predecessor-version":[{"id":424147,"href":"https:\/\/www.a8bilisim.com\/index.php\/wp-json\/wp\/v2\/product\/424146\/revisions\/424147"}],"wp:featuredmedia":[{"embeddable":true,"href":"https:\/\/www.a8bilisim.com\/index.php\/wp-json\/wp\/v2\/media\/424148"}],"wp:attachment":[{"href":"https:\/\/www.a8bilisim.com\/index.php\/wp-json\/wp\/v2\/media?parent=424146"}],"wp:term":[{"taxonomy":"product_brand","embeddable":true,"href":"https:\/\/www.a8bilisim.com\/index.php\/wp-json\/wp\/v2\/product_brand?post=424146"},{"taxonomy":"product_cat","embeddable":true,"href":"https:\/\/www.a8bilisim.com\/index.php\/wp-json\/wp\/v2\/product_cat?post=424146"},{"taxonomy":"product_tag","embeddable":true,"href":"https:\/\/www.a8bilisim.com\/index.php\/wp-json\/wp\/v2\/product_tag?post=424146"}],"curies":[{"name":"wp","href":"https:\/\/api.w.org\/{rel}","templated":true}]}}