{"id":443460,"date":"2026-01-15T05:16:30","date_gmt":"2026-01-15T02:16:30","guid":{"rendered":"https:\/\/www.a8bilisim.com\/index.php\/urun\/tiwox-tp-4950d-185-i5-5-nesil-8gb-ram-128-ssd-132-2-ekran-endstriyel-pos-p-otv-pos-ter-0025-ivt44297\/"},"modified":"2026-04-30T06:08:09","modified_gmt":"2026-04-30T03:08:09","slug":"tiwox-tp-4950d-185-i5-5-nesil-8gb-ram-128-ssd-132-2-ekran-endstriyel-pos-p-otv-pos-ter-0025-ivt44297","status":"publish","type":"product","link":"https:\/\/www.a8bilisim.com\/index.php\/urun\/tiwox-tp-4950d-185-i5-5-nesil-8gb-ram-128-ssd-132-2-ekran-endstriyel-pos-p-otv-pos-ter-0025-ivt44297\/","title":{"rendered":"Tiwox TP-4950D 18,5 i5 5.Nesil 8GB RAM 128 SSD (13,2&#8243; 2.Ekran) End&#xFC;striyel Pos P \/ Otv.Pos.Ter.0025-IVT44297"},"content":{"rendered":"<p>\u00dcr\u00fcn Ad\u0131: Tiwox TP-4950D 18,5 i5 5.Nesil 8GB RAM 128 SSD (13,2&#8243; 2.Ekran) End&#xFC;striyel Pos P<\/p>\n<p><span dir=\"auto\" style=\"vertical-align: inherit;\"><span dir=\"auto\" style=\"vertical-align: inherit;\">Stok No: IVT44297<\/span><\/span><\/p>\n<p>Stok Kodu:Otv.Pos.Ter.0025<\/p>\n<p>Kategori Ad\u0131: Dokunmatik POS PC<\/p>\n<p><span dir=\"auto\" style=\"vertical-align: inherit;\"><span dir=\"auto\" style=\"vertical-align: inherit;\">EAN Kodu: <\/span><\/span><\/p>\n<p><strong>Stoklar\u0131m\u0131zdaki Anl\u0131k De\u011fi\u015fimlerden Dolay\u0131 \u0130stedi\u011finiz \u00fcr\u00fcn\u00fcn stokta kalmamas\u0131 durumunda sipari\u015finiz iptal edilip \u00dccretiniz iade edilecek ve konu hakk\u0131nda size bilgi verilecektir.<\/strong><\/p>\n<p>Son G\u00fcncellenme Tarihi :30-04-2026 02:36<\/p>\n<p>&nbsp;<\/p>\n","protected":false},"excerpt":{"rendered":"<p>Tiwox TP-4950D 18,5 i5 5.Nesil 8GB RAM 128 SSD (13,2&#8243; 2.Ekran) End&#xFC;striyel Pos P &#8211; Stok Kodu:Otv.Pos.Ter.0025 -IVT44297 &#8211; Dokunmatik POS PC. Son G\u00fcncellenme Tarihi :30-04-2026 02:36<\/p>\n","protected":false},"featured_media":443462,"template":"","meta":{"_monsterinsights_skip_tracking":false,"_monsterinsights_sitenote_active":false,"_monsterinsights_sitenote_note":"","_monsterinsights_sitenote_category":0,"_joinchat":[]},"product_brand":[307],"product_cat":[335],"product_tag":[127,128,129,130,131,132,133,134,135,136,137,138,139,140,141,142,143,144,145],"class_list":{"0":"post-443460","1":"product","2":"type-product","3":"status-publish","4":"has-post-thumbnail","6":"product_brand-tiwox","7":"product_cat-pos-pc","8":"product_tag-anakart","9":"product_tag-bilgisayar","10":"product_tag-bilgisayar-bilesenleri","11":"product_tag-bilgisayar-parcalari","12":"product_tag-dizustu-bilgisayar","13":"product_tag-ekran-karti","14":"product_tag-gaming-bilgisayar","15":"product_tag-gaming-laptop","16":"product_tag-gaming-monitor","17":"product_tag-gaming-mouse","18":"product_tag-guc-kaynagi-psu","19":"product_tag-islemci-cpu","20":"product_tag-klavye","21":"product_tag-laptop","22":"product_tag-masaustu-bilgisayar","23":"product_tag-mekanik-klavye","24":"product_tag-monitor","25":"product_tag-oyun-bilgisayari","26":"product_tag-ssd","27":"pa_marka-tiwox","29":"first","30":"instock","31":"sale","32":"purchasable","33":"product-type-simple"},"aioseo_notices":[],"_links":{"self":[{"href":"https:\/\/www.a8bilisim.com\/index.php\/wp-json\/wp\/v2\/product\/443460","targetHints":{"allow":["GET"]}}],"collection":[{"href":"https:\/\/www.a8bilisim.com\/index.php\/wp-json\/wp\/v2\/product"}],"about":[{"href":"https:\/\/www.a8bilisim.com\/index.php\/wp-json\/wp\/v2\/types\/product"}],"version-history":[{"count":102,"href":"https:\/\/www.a8bilisim.com\/index.php\/wp-json\/wp\/v2\/product\/443460\/revisions"}],"predecessor-version":[{"id":718223,"href":"https:\/\/www.a8bilisim.com\/index.php\/wp-json\/wp\/v2\/product\/443460\/revisions\/718223"}],"wp:featuredmedia":[{"embeddable":true,"href":"https:\/\/www.a8bilisim.com\/index.php\/wp-json\/wp\/v2\/media\/443462"}],"wp:attachment":[{"href":"https:\/\/www.a8bilisim.com\/index.php\/wp-json\/wp\/v2\/media?parent=443460"}],"wp:term":[{"taxonomy":"product_brand","embeddable":true,"href":"https:\/\/www.a8bilisim.com\/index.php\/wp-json\/wp\/v2\/product_brand?post=443460"},{"taxonomy":"product_cat","embeddable":true,"href":"https:\/\/www.a8bilisim.com\/index.php\/wp-json\/wp\/v2\/product_cat?post=443460"},{"taxonomy":"product_tag","embeddable":true,"href":"https:\/\/www.a8bilisim.com\/index.php\/wp-json\/wp\/v2\/product_tag?post=443460"}],"curies":[{"name":"wp","href":"https:\/\/api.w.org\/{rel}","templated":true}]}}