{"id":45198,"date":"2025-10-04T09:58:02","date_gmt":"2025-10-04T06:58:02","guid":{"rendered":"https:\/\/www.a8bilisim.com\/index.php\/urun\/neoforza-nmso416e82-2666ea10-16gb-tek-para-ddr4-2666mhz-notebook-bellek-27094-gun27094\/"},"modified":"2026-01-28T05:24:24","modified_gmt":"2026-01-28T02:24:24","slug":"neoforza-nmso416e82-2666ea10-16gb-tek-para-ddr4-2666mhz-notebook-bellek-27094-gun27094","status":"publish","type":"product","link":"https:\/\/www.a8bilisim.com\/index.php\/urun\/neoforza-nmso416e82-2666ea10-16gb-tek-para-ddr4-2666mhz-notebook-bellek-27094-gun27094\/","title":{"rendered":"NEOFORZA NMSO416E82-2666EA10 16GB (Tek Par&#xE7;a) DDR4 2666Mhz Notebook Bellek \/ 27094-GUN27094"},"content":{"rendered":"<p>\u00dcr\u00fcn Ad\u0131: NEOFORZA NMSO416E82-2666EA10 16GB (Tek Par&#xE7;a) DDR4 2666Mhz Notebook Bellek<\/p>\n<p><span dir=\"auto\" style=\"vertical-align: inherit;\"><span dir=\"auto\" style=\"vertical-align: inherit;\">Stok No: GUN27094<\/span><\/span><\/p>\n<p>Stok Kodu:27094<\/p>\n<p>Kategori Ad\u0131: Bellekler<\/p>\n<p><span dir=\"auto\" style=\"vertical-align: inherit;\"><span dir=\"auto\" style=\"vertical-align: inherit;\">EAN Kodu: <\/span><\/span><\/p>\n<p><strong>Stoklar\u0131m\u0131zdaki Anl\u0131k De\u011fi\u015fimlerden Dolay\u0131 \u0130stedi\u011finiz \u00fcr\u00fcn\u00fcn stokta kalmamas\u0131 durumunda sipari\u015finiz iptal edilip \u00dccretiniz iade edilecek ve konu hakk\u0131nda size bilgi verilecektir.<\/strong><\/p>\n<p>Son G\u00fcncellenme Tarihi :28-01-2026 00:30<\/p>\n<p>&nbsp;<\/p>\n","protected":false},"excerpt":{"rendered":"<p>NEOFORZA NMSO416E82-2666EA10 16GB (Tek Par&#xE7;a) DDR4 2666Mhz Notebook Bellek &#8211; Stok Kodu:27094 -GUN27094 &#8211; Bellekler. Son G\u00fcncellenme Tarihi :28-01-2026 00:30<\/p>\n","protected":false},"featured_media":45200,"template":"","meta":{"_monsterinsights_skip_tracking":false,"_monsterinsights_sitenote_active":false,"_monsterinsights_sitenote_note":"","_monsterinsights_sitenote_category":0,"_joinchat":[]},"product_brand":[458],"product_cat":[204],"product_tag":[127,128,129,130,131,132,133,134,135,136,137,138,139,140,141,142,143,144,145],"class_list":{"0":"post-45198","1":"product","2":"type-product","3":"status-publish","4":"has-post-thumbnail","6":"product_brand-neoforza","7":"product_cat-bellek","8":"product_tag-anakart","9":"product_tag-bilgisayar","10":"product_tag-bilgisayar-bilesenleri","11":"product_tag-bilgisayar-parcalari","12":"product_tag-dizustu-bilgisayar","13":"product_tag-ekran-karti","14":"product_tag-gaming-bilgisayar","15":"product_tag-gaming-laptop","16":"product_tag-gaming-monitor","17":"product_tag-gaming-mouse","18":"product_tag-guc-kaynagi-psu","19":"product_tag-islemci-cpu","20":"product_tag-klavye","21":"product_tag-laptop","22":"product_tag-masaustu-bilgisayar","23":"product_tag-mekanik-klavye","24":"product_tag-monitor","25":"product_tag-oyun-bilgisayari","26":"product_tag-ssd","27":"pa_marka-neoforza","29":"first","30":"outofstock","31":"sale","32":"purchasable","33":"product-type-simple"},"aioseo_notices":[],"_links":{"self":[{"href":"https:\/\/www.a8bilisim.com\/index.php\/wp-json\/wp\/v2\/product\/45198","targetHints":{"allow":["GET"]}}],"collection":[{"href":"https:\/\/www.a8bilisim.com\/index.php\/wp-json\/wp\/v2\/product"}],"about":[{"href":"https:\/\/www.a8bilisim.com\/index.php\/wp-json\/wp\/v2\/types\/product"}],"version-history":[{"count":113,"href":"https:\/\/www.a8bilisim.com\/index.php\/wp-json\/wp\/v2\/product\/45198\/revisions"}],"predecessor-version":[{"id":483538,"href":"https:\/\/www.a8bilisim.com\/index.php\/wp-json\/wp\/v2\/product\/45198\/revisions\/483538"}],"wp:featuredmedia":[{"embeddable":true,"href":"https:\/\/www.a8bilisim.com\/index.php\/wp-json\/wp\/v2\/media\/45200"}],"wp:attachment":[{"href":"https:\/\/www.a8bilisim.com\/index.php\/wp-json\/wp\/v2\/media?parent=45198"}],"wp:term":[{"taxonomy":"product_brand","embeddable":true,"href":"https:\/\/www.a8bilisim.com\/index.php\/wp-json\/wp\/v2\/product_brand?post=45198"},{"taxonomy":"product_cat","embeddable":true,"href":"https:\/\/www.a8bilisim.com\/index.php\/wp-json\/wp\/v2\/product_cat?post=45198"},{"taxonomy":"product_tag","embeddable":true,"href":"https:\/\/www.a8bilisim.com\/index.php\/wp-json\/wp\/v2\/product_tag?post=45198"}],"curies":[{"name":"wp","href":"https:\/\/api.w.org\/{rel}","templated":true}]}}