{"id":45222,"date":"2025-10-04T09:58:02","date_gmt":"2025-10-04T06:58:02","guid":{"rendered":"https:\/\/www.a8bilisim.com\/index.php\/urun\/afox-afrx550-8192d5h2-v2-8gb-amd-rx550-gddr5-128bit-hdmi-dvi-dp-16x-ekran-kart-40096-gun40096\/"},"modified":"2026-02-13T05:24:31","modified_gmt":"2026-02-13T02:24:31","slug":"afox-afrx550-8192d5h2-v2-8gb-amd-rx550-gddr5-128bit-hdmi-dvi-dp-16x-ekran-kart-40096-gun40096","status":"publish","type":"product","link":"https:\/\/www.a8bilisim.com\/index.php\/urun\/afox-afrx550-8192d5h2-v2-8gb-amd-rx550-gddr5-128bit-hdmi-dvi-dp-16x-ekran-kart-40096-gun40096\/","title":{"rendered":"AFOX AFRX550-8192D5H2-V2 8GB AMD RX550 GDDR5 128bit HDMI DVI\/DP 16x Ekran Kart&#x131; \/ 40096-GUN40096"},"content":{"rendered":"<p>\u00dcr\u00fcn Ad\u0131: AFOX AFRX550-8192D5H2-V2 8GB AMD RX550 GDDR5 128bit HDMI DVI\/DP 16x Ekran Kart&#x131;<\/p>\n<p><span dir=\"auto\" style=\"vertical-align: inherit;\"><span dir=\"auto\" style=\"vertical-align: inherit;\">Stok No: GUN40096<\/span><\/span><\/p>\n<p>Stok Kodu:40096<\/p>\n<p>Kategori Ad\u0131: Ekran Kart&#x131;<\/p>\n<p><span dir=\"auto\" style=\"vertical-align: inherit;\"><span dir=\"auto\" style=\"vertical-align: inherit;\">EAN Kodu: <\/span><\/span><\/p>\n<p><strong>Stoklar\u0131m\u0131zdaki Anl\u0131k De\u011fi\u015fimlerden Dolay\u0131 \u0130stedi\u011finiz \u00fcr\u00fcn\u00fcn stokta kalmamas\u0131 durumunda sipari\u015finiz iptal edilip \u00dccretiniz iade edilecek ve konu hakk\u0131nda size bilgi verilecektir.<\/strong><\/p>\n<p>Son G\u00fcncellenme Tarihi :13-02-2026 00:30<\/p>\n<p>&nbsp;<\/p>\n","protected":false},"excerpt":{"rendered":"<p>AFOX AFRX550-8192D5H2-V2 8GB AMD RX550 GDDR5 128bit HDMI DVI\/DP 16x Ekran Kart&#x131; &#8211; Stok Kodu:40096 -GUN40096 &#8211; Ekran Kart&#x131;. Son G\u00fcncellenme Tarihi :13-02-2026 00:30<\/p>\n","protected":false},"featured_media":45224,"template":"","meta":{"_monsterinsights_skip_tracking":false,"_monsterinsights_sitenote_active":false,"_monsterinsights_sitenote_note":"","_monsterinsights_sitenote_category":0,"_joinchat":[]},"product_brand":[543],"product_cat":[237],"product_tag":[127,128,129,130,131,132,133,134,135,136,137,138,139,140,141,142,143,144,145],"class_list":{"0":"post-45222","1":"product","2":"type-product","3":"status-publish","4":"has-post-thumbnail","6":"product_brand-afox","7":"product_cat-ekran-kartlar","8":"product_tag-anakart","9":"product_tag-bilgisayar","10":"product_tag-bilgisayar-bilesenleri","11":"product_tag-bilgisayar-parcalari","12":"product_tag-dizustu-bilgisayar","13":"product_tag-ekran-karti","14":"product_tag-gaming-bilgisayar","15":"product_tag-gaming-laptop","16":"product_tag-gaming-monitor","17":"product_tag-gaming-mouse","18":"product_tag-guc-kaynagi-psu","19":"product_tag-islemci-cpu","20":"product_tag-klavye","21":"product_tag-laptop","22":"product_tag-masaustu-bilgisayar","23":"product_tag-mekanik-klavye","24":"product_tag-monitor","25":"product_tag-oyun-bilgisayari","26":"product_tag-ssd","27":"pa_marka-afox","29":"first","30":"outofstock","31":"sale","32":"purchasable","33":"product-type-simple"},"aioseo_notices":[],"_links":{"self":[{"href":"https:\/\/www.a8bilisim.com\/index.php\/wp-json\/wp\/v2\/product\/45222","targetHints":{"allow":["GET"]}}],"collection":[{"href":"https:\/\/www.a8bilisim.com\/index.php\/wp-json\/wp\/v2\/product"}],"about":[{"href":"https:\/\/www.a8bilisim.com\/index.php\/wp-json\/wp\/v2\/types\/product"}],"version-history":[{"count":128,"href":"https:\/\/www.a8bilisim.com\/index.php\/wp-json\/wp\/v2\/product\/45222\/revisions"}],"predecessor-version":[{"id":528691,"href":"https:\/\/www.a8bilisim.com\/index.php\/wp-json\/wp\/v2\/product\/45222\/revisions\/528691"}],"wp:featuredmedia":[{"embeddable":true,"href":"https:\/\/www.a8bilisim.com\/index.php\/wp-json\/wp\/v2\/media\/45224"}],"wp:attachment":[{"href":"https:\/\/www.a8bilisim.com\/index.php\/wp-json\/wp\/v2\/media?parent=45222"}],"wp:term":[{"taxonomy":"product_brand","embeddable":true,"href":"https:\/\/www.a8bilisim.com\/index.php\/wp-json\/wp\/v2\/product_brand?post=45222"},{"taxonomy":"product_cat","embeddable":true,"href":"https:\/\/www.a8bilisim.com\/index.php\/wp-json\/wp\/v2\/product_cat?post=45222"},{"taxonomy":"product_tag","embeddable":true,"href":"https:\/\/www.a8bilisim.com\/index.php\/wp-json\/wp\/v2\/product_tag?post=45222"}],"curies":[{"name":"wp","href":"https:\/\/api.w.org\/{rel}","templated":true}]}}