{"id":45246,"date":"2025-10-04T10:00:02","date_gmt":"2025-10-04T07:00:02","guid":{"rendered":"https:\/\/www.a8bilisim.com\/index.php\/urun\/ruijie-rg-ew1200r-2-4-5ghz-1200mbps-802-11ac-priz-tipi-wi-fi-menzil-geniletici-net-acc-men-0041-ivt46558\/"},"modified":"2026-01-03T05:28:43","modified_gmt":"2026-01-03T02:28:43","slug":"ruijie-rg-ew1200r-2-4-5ghz-1200mbps-802-11ac-priz-tipi-wi-fi-menzil-geniletici-net-acc-men-0041-ivt46558","status":"publish","type":"product","link":"https:\/\/www.a8bilisim.com\/index.php\/urun\/ruijie-rg-ew1200r-2-4-5ghz-1200mbps-802-11ac-priz-tipi-wi-fi-menzil-geniletici-net-acc-men-0041-ivt46558\/","title":{"rendered":"Ruijie RG-EW1200R 2.4\/5GHz 1200Mbps 802.11AC Priz Tipi Wi-Fi (Menzil Geni&#x15F;letici \/ Net.Acc.Men.0041-IVT46558"},"content":{"rendered":"<p>\u00dcr\u00fcn Ad\u0131: Ruijie RG-EW1200R 2.4\/5GHz 1200Mbps 802.11AC Priz Tipi Wi-Fi (Menzil Geni&#x15F;letici<\/p>\n<p>Stok No: IVT46558<\/p>\n<p>Stok Kodu:Net.Acc.Men.0041<\/p>\n<p>Kategori Ad\u0131: Menzil Geni&#x15F;letici<\/p>\n<p>Marka:\u00a0 Rujie<\/p>\n<p>EAN Kodu: <\/p>\n<p><strong>Stoklar\u0131m\u0131zdaki Anl\u0131k De\u011fi\u015fimlerden Dolay\u0131 \u0130stedi\u011finiz \u00fcr\u00fcn\u00fcn stokta kalmamas\u0131 durumunda sipari\u015finiz iptal edilip \u00dccretiniz iade edilecek ve konu hakk\u0131nda size bilgi verilecektir.<\/strong><\/p>\n<p>Son G\u00fcncellenme Tarihi :03-01-2026 00:35<\/p>\n<p>&nbsp;<\/p>\n","protected":false},"excerpt":{"rendered":"<p>Ruijie RG-EW1200R 2.4\/5GHz 1200Mbps 802.11AC Priz Tipi Wi-Fi (Menzil Geni&#x15F;letici &#8211; Stok Kodu:Net.Acc.Men.0041 -IVT46558 &#8211; Menzil Geni&#x15F;letici. Son G\u00fcncellenme Tarihi :03-01-2026 00:35<\/p>\n","protected":false},"featured_media":45248,"template":"","meta":{"_monsterinsights_skip_tracking":false,"_monsterinsights_sitenote_active":false,"_monsterinsights_sitenote_note":"","_monsterinsights_sitenote_category":0,"_joinchat":[]},"product_brand":[403],"product_cat":[256],"product_tag":[127,128,129,130,131,132,133,134,135,136,137,138,139,140,141,142,143,144,145],"class_list":{"0":"post-45246","1":"product","2":"type-product","3":"status-publish","4":"has-post-thumbnail","6":"product_brand-rujie","7":"product_cat-menzil-geniletici-ranger","8":"product_tag-anakart","9":"product_tag-bilgisayar","10":"product_tag-bilgisayar-bilesenleri","11":"product_tag-bilgisayar-parcalari","12":"product_tag-dizustu-bilgisayar","13":"product_tag-ekran-karti","14":"product_tag-gaming-bilgisayar","15":"product_tag-gaming-laptop","16":"product_tag-gaming-monitor","17":"product_tag-gaming-mouse","18":"product_tag-guc-kaynagi-psu","19":"product_tag-islemci-cpu","20":"product_tag-klavye","21":"product_tag-laptop","22":"product_tag-masaustu-bilgisayar","23":"product_tag-mekanik-klavye","24":"product_tag-monitor","25":"product_tag-oyun-bilgisayari","26":"product_tag-ssd","27":"pa_marka-rujie","29":"first","30":"outofstock","31":"sale","32":"purchasable","33":"product-type-simple"},"aioseo_notices":[],"_links":{"self":[{"href":"https:\/\/www.a8bilisim.com\/index.php\/wp-json\/wp\/v2\/product\/45246","targetHints":{"allow":["GET"]}}],"collection":[{"href":"https:\/\/www.a8bilisim.com\/index.php\/wp-json\/wp\/v2\/product"}],"about":[{"href":"https:\/\/www.a8bilisim.com\/index.php\/wp-json\/wp\/v2\/types\/product"}],"version-history":[{"count":16,"href":"https:\/\/www.a8bilisim.com\/index.php\/wp-json\/wp\/v2\/product\/45246\/revisions"}],"predecessor-version":[{"id":405622,"href":"https:\/\/www.a8bilisim.com\/index.php\/wp-json\/wp\/v2\/product\/45246\/revisions\/405622"}],"wp:featuredmedia":[{"embeddable":true,"href":"https:\/\/www.a8bilisim.com\/index.php\/wp-json\/wp\/v2\/media\/45248"}],"wp:attachment":[{"href":"https:\/\/www.a8bilisim.com\/index.php\/wp-json\/wp\/v2\/media?parent=45246"}],"wp:term":[{"taxonomy":"product_brand","embeddable":true,"href":"https:\/\/www.a8bilisim.com\/index.php\/wp-json\/wp\/v2\/product_brand?post=45246"},{"taxonomy":"product_cat","embeddable":true,"href":"https:\/\/www.a8bilisim.com\/index.php\/wp-json\/wp\/v2\/product_cat?post=45246"},{"taxonomy":"product_tag","embeddable":true,"href":"https:\/\/www.a8bilisim.com\/index.php\/wp-json\/wp\/v2\/product_tag?post=45246"}],"curies":[{"name":"wp","href":"https:\/\/api.w.org\/{rel}","templated":true}]}}