{"id":45279,"date":"2025-10-04T10:00:02","date_gmt":"2025-10-04T07:00:02","guid":{"rendered":"https:\/\/www.a8bilisim.com\/index.php\/urun\/ruijie-reyee-rg-es05g-l-5-port-gigabit-tak-altr-plastik-kasa-switch-net-swi-swi-yok-0044-ivt46576\/"},"modified":"2026-01-03T05:28:45","modified_gmt":"2026-01-03T02:28:45","slug":"ruijie-reyee-rg-es05g-l-5-port-gigabit-tak-altr-plastik-kasa-switch-net-swi-swi-yok-0044-ivt46576","status":"publish","type":"product","link":"https:\/\/www.a8bilisim.com\/index.php\/urun\/ruijie-reyee-rg-es05g-l-5-port-gigabit-tak-altr-plastik-kasa-switch-net-swi-swi-yok-0044-ivt46576\/","title":{"rendered":"Ruijie Reyee RG-ES05G-L 5-Port Gigabit Tak &#xC7;al&#x131;&#x15F;t&#x131;r Plastik Kasa Switch \/ Net.Swi.Swi.Yok.0044-IVT46576"},"content":{"rendered":"<p>\u00dcr\u00fcn Ad\u0131: Ruijie Reyee RG-ES05G-L 5-Port Gigabit Tak &#xC7;al&#x131;&#x15F;t&#x131;r Plastik Kasa Switch<\/p>\n<p>Stok No: IVT46576<\/p>\n<p>Stok Kodu:Net.Swi.Swi.Yok.0044<\/p>\n<p>Kategori Ad\u0131: Switch<\/p>\n<p>Marka:\u00a0 Rujie<\/p>\n<p>EAN Kodu: <\/p>\n<p><strong>Stoklar\u0131m\u0131zdaki Anl\u0131k De\u011fi\u015fimlerden Dolay\u0131 \u0130stedi\u011finiz \u00fcr\u00fcn\u00fcn stokta kalmamas\u0131 durumunda sipari\u015finiz iptal edilip \u00dccretiniz iade edilecek ve konu hakk\u0131nda size bilgi verilecektir.<\/strong><\/p>\n<p>Son G\u00fcncellenme Tarihi :03-01-2026 00:35<\/p>\n<p>&nbsp;<\/p>\n","protected":false},"excerpt":{"rendered":"<p>Ruijie Reyee RG-ES05G-L 5-Port Gigabit Tak &#xC7;al&#x131;&#x15F;t&#x131;r Plastik Kasa Switch &#8211; Stok Kodu:Net.Swi.Swi.Yok.0044 -IVT46576 &#8211; Switch. Son G\u00fcncellenme Tarihi :03-01-2026 00:35<\/p>\n","protected":false},"featured_media":45281,"template":"","meta":{"_monsterinsights_skip_tracking":false,"_monsterinsights_sitenote_active":false,"_monsterinsights_sitenote_note":"","_monsterinsights_sitenote_category":0,"_joinchat":[]},"product_brand":[403],"product_cat":[257],"product_tag":[127,128,129,130,131,132,133,134,135,136,137,138,139,140,141,142,143,144,145],"class_list":{"0":"post-45279","1":"product","2":"type-product","3":"status-publish","4":"has-post-thumbnail","6":"product_brand-rujie","7":"product_cat-switch","8":"product_tag-anakart","9":"product_tag-bilgisayar","10":"product_tag-bilgisayar-bilesenleri","11":"product_tag-bilgisayar-parcalari","12":"product_tag-dizustu-bilgisayar","13":"product_tag-ekran-karti","14":"product_tag-gaming-bilgisayar","15":"product_tag-gaming-laptop","16":"product_tag-gaming-monitor","17":"product_tag-gaming-mouse","18":"product_tag-guc-kaynagi-psu","19":"product_tag-islemci-cpu","20":"product_tag-klavye","21":"product_tag-laptop","22":"product_tag-masaustu-bilgisayar","23":"product_tag-mekanik-klavye","24":"product_tag-monitor","25":"product_tag-oyun-bilgisayari","26":"product_tag-ssd","27":"pa_marka-rujie","29":"first","30":"outofstock","31":"sale","32":"purchasable","33":"product-type-simple"},"aioseo_notices":[],"_links":{"self":[{"href":"https:\/\/www.a8bilisim.com\/index.php\/wp-json\/wp\/v2\/product\/45279","targetHints":{"allow":["GET"]}}],"collection":[{"href":"https:\/\/www.a8bilisim.com\/index.php\/wp-json\/wp\/v2\/product"}],"about":[{"href":"https:\/\/www.a8bilisim.com\/index.php\/wp-json\/wp\/v2\/types\/product"}],"version-history":[{"count":14,"href":"https:\/\/www.a8bilisim.com\/index.php\/wp-json\/wp\/v2\/product\/45279\/revisions"}],"predecessor-version":[{"id":405633,"href":"https:\/\/www.a8bilisim.com\/index.php\/wp-json\/wp\/v2\/product\/45279\/revisions\/405633"}],"wp:featuredmedia":[{"embeddable":true,"href":"https:\/\/www.a8bilisim.com\/index.php\/wp-json\/wp\/v2\/media\/45281"}],"wp:attachment":[{"href":"https:\/\/www.a8bilisim.com\/index.php\/wp-json\/wp\/v2\/media?parent=45279"}],"wp:term":[{"taxonomy":"product_brand","embeddable":true,"href":"https:\/\/www.a8bilisim.com\/index.php\/wp-json\/wp\/v2\/product_brand?post=45279"},{"taxonomy":"product_cat","embeddable":true,"href":"https:\/\/www.a8bilisim.com\/index.php\/wp-json\/wp\/v2\/product_cat?post=45279"},{"taxonomy":"product_tag","embeddable":true,"href":"https:\/\/www.a8bilisim.com\/index.php\/wp-json\/wp\/v2\/product_tag?post=45279"}],"curies":[{"name":"wp","href":"https:\/\/api.w.org\/{rel}","templated":true}]}}