{"id":488741,"date":"2026-01-30T05:22:57","date_gmt":"2026-01-30T02:22:57","guid":{"rendered":"https:\/\/www.a8bilisim.com\/index.php\/urun\/msi-rtx-3050-ventus-2x-xs-8g-oc-8gb-geforce-rtx3050-gddr6-128bit-hdmi-dvi-dp-16x-ekran-kart-si-p-39745-gun4711377084796\/"},"modified":"2026-04-13T06:08:59","modified_gmt":"2026-04-13T03:08:59","slug":"msi-rtx-3050-ventus-2x-xs-8g-oc-8gb-geforce-rtx3050-gddr6-128bit-hdmi-dvi-dp-16x-ekran-kart-si-p-39745-gun4711377084796","status":"publish","type":"product","link":"https:\/\/www.a8bilisim.com\/index.php\/urun\/msi-rtx-3050-ventus-2x-xs-8g-oc-8gb-geforce-rtx3050-gddr6-128bit-hdmi-dvi-dp-16x-ekran-kart-si-p-39745-gun4711377084796\/","title":{"rendered":"MSI RTX 3050 VENTUS 2X XS 8G OC 8GB Geforce RTX3050 GDDR6 128bit HDMI DVI\/DP 16x Ekran Kart&#x131; (SI-P) \/ 39745-GUN4711377084796"},"content":{"rendered":"<p>\u00dcr\u00fcn Ad\u0131: MSI RTX 3050 VENTUS 2X XS 8G OC 8GB Geforce RTX3050 GDDR6 128bit HDMI DVI\/DP 16x Ekran Kart&#x131; (SI-P)<\/p>\n<p><span dir=\"auto\" style=\"vertical-align: inherit;\"><span dir=\"auto\" style=\"vertical-align: inherit;\">Stok No: GUN4711377084796<\/span><\/span><\/p>\n<p>Stok Kodu:39745<\/p>\n<p>Kategori Ad\u0131: Ekran Kart&#x131;<\/p>\n<p><span dir=\"auto\" style=\"vertical-align: inherit;\"><span dir=\"auto\" style=\"vertical-align: inherit;\">EAN Kodu: <\/span><\/span><\/p>\n<p><strong>Stoklar\u0131m\u0131zdaki Anl\u0131k De\u011fi\u015fimlerden Dolay\u0131 \u0130stedi\u011finiz \u00fcr\u00fcn\u00fcn stokta kalmamas\u0131 durumunda sipari\u015finiz iptal edilip \u00dccretiniz iade edilecek ve konu hakk\u0131nda size bilgi verilecektir.<\/strong><\/p>\n<p>Son G\u00fcncellenme Tarihi :13-04-2026 02:30<\/p>\n<p>&nbsp;<\/p>\n","protected":false},"excerpt":{"rendered":"<p>MSI RTX 3050 VENTUS 2X XS 8G OC 8GB Geforce RTX3050 GDDR6 128bit HDMI DVI\/DP 16x Ekran Kart&#x131; (SI-P) &#8211; Stok Kodu:39745 -GUN4711377084796 &#8211; Ekran Kart&#x131;. Son G\u00fcncellenme Tarihi :13-04-2026 02:30<\/p>\n","protected":false},"featured_media":0,"template":"","meta":{"_monsterinsights_skip_tracking":false,"_monsterinsights_sitenote_active":false,"_monsterinsights_sitenote_note":"","_monsterinsights_sitenote_category":0,"_joinchat":[]},"product_brand":[236],"product_cat":[237],"product_tag":[127,128,129,130,131,132,133,134,135,136,137,138,139,140,141,142,143,144,145],"class_list":{"0":"post-488741","1":"product","2":"type-product","3":"status-publish","5":"product_brand-msi","6":"product_cat-ekran-kartlar","7":"product_tag-anakart","8":"product_tag-bilgisayar","9":"product_tag-bilgisayar-bilesenleri","10":"product_tag-bilgisayar-parcalari","11":"product_tag-dizustu-bilgisayar","12":"product_tag-ekran-karti","13":"product_tag-gaming-bilgisayar","14":"product_tag-gaming-laptop","15":"product_tag-gaming-monitor","16":"product_tag-gaming-mouse","17":"product_tag-guc-kaynagi-psu","18":"product_tag-islemci-cpu","19":"product_tag-klavye","20":"product_tag-laptop","21":"product_tag-masaustu-bilgisayar","22":"product_tag-mekanik-klavye","23":"product_tag-monitor","24":"product_tag-oyun-bilgisayari","25":"product_tag-ssd","26":"pa_marka-msi","28":"first","29":"outofstock","30":"sale","31":"purchasable","32":"product-type-simple"},"aioseo_notices":[],"_links":{"self":[{"href":"https:\/\/www.a8bilisim.com\/index.php\/wp-json\/wp\/v2\/product\/488741","targetHints":{"allow":["GET"]}}],"collection":[{"href":"https:\/\/www.a8bilisim.com\/index.php\/wp-json\/wp\/v2\/product"}],"about":[{"href":"https:\/\/www.a8bilisim.com\/index.php\/wp-json\/wp\/v2\/types\/product"}],"version-history":[{"count":70,"href":"https:\/\/www.a8bilisim.com\/index.php\/wp-json\/wp\/v2\/product\/488741\/revisions"}],"predecessor-version":[{"id":687618,"href":"https:\/\/www.a8bilisim.com\/index.php\/wp-json\/wp\/v2\/product\/488741\/revisions\/687618"}],"wp:attachment":[{"href":"https:\/\/www.a8bilisim.com\/index.php\/wp-json\/wp\/v2\/media?parent=488741"}],"wp:term":[{"taxonomy":"product_brand","embeddable":true,"href":"https:\/\/www.a8bilisim.com\/index.php\/wp-json\/wp\/v2\/product_brand?post=488741"},{"taxonomy":"product_cat","embeddable":true,"href":"https:\/\/www.a8bilisim.com\/index.php\/wp-json\/wp\/v2\/product_cat?post=488741"},{"taxonomy":"product_tag","embeddable":true,"href":"https:\/\/www.a8bilisim.com\/index.php\/wp-json\/wp\/v2\/product_tag?post=488741"}],"curies":[{"name":"wp","href":"https:\/\/api.w.org\/{rel}","templated":true}]}}